{"id":778542,"date":"2025-11-19T21:32:34","date_gmt":"2025-11-19T18:32:34","guid":{"rendered":"https:\/\/roveyayinevi.com.tr\/index.php\/urun\/nereden-geldik-nereye-gidiyoruz-doga-yaratildi-mi-olusmakta-mi\/"},"modified":"2026-02-03T03:20:16","modified_gmt":"2026-02-03T00:20:16","slug":"nereden-geldik-nereye-gidiyoruz-doga-yaratildi-mi-olusmakta-mi","status":"publish","type":"product","link":"https:\/\/roveyayinevi.com.tr\/index.php\/urun\/nereden-geldik-nereye-gidiyoruz-doga-yaratildi-mi-olusmakta-mi\/","title":{"rendered":"Nereden Geldik-Nereye Gidiyoruz Do\u011fa Yarat\u0131ld\u0131 m\u0131? Olu\u015fmakta m\u0131?"},"content":{"rendered":"<p>\u0130nsanl\u0131\u011f\u0131n sorunlar i\u00e7inde ya\u015famas\u0131n\u0131n temel nedeni toplum y\u00f6netimini \u201ckutsal makam\u0131\u201d temsil etti\u011fine inan\u0131lan tepedeki lider veya kral gibi birilerine b\u0131rakmak olmu\u015ftur. Anadolu\u2019da 12 bin y\u0131l \u00f6ncelerinden beri egemen olan \u00f6zg\u00fcr ve e\u015fitlik\u00e7i bir hayat tarz\u0131 vard\u0131 ve bu hayat tarz\u0131 ahilik gibi i\u015f-ve-meslek e\u011fitimine a\u011f\u0131rl\u0131k veren bir k\u00fclt\u00fcr\u00fc i\u00e7eriyordu. Bunu g\u00f6rmezden gelip, din ve \u0131rk ayr\u0131m\u0131na dayal\u0131 asil-soyluluk \u2013 kutsall\u0131k gibi do\u011fal sisteme tamamen ters bir hayat g\u00f6r\u00fc\u015f\u00fcn\u00fc benimseyip islamiyeti kabul eden T\u00fcrk BEYLER\u0130 biz Anadolular\u0131n gelece\u011fini karartm\u0131\u015ft\u0131r.<\/p>\n","protected":false},"excerpt":{"rendered":"<p>\u0130nsanl\u0131\u011f\u0131n sorunlar i\u00e7inde ya\u015famas\u0131n\u0131n temel nedeni toplum y\u00f6netimini \u201ckutsal makam\u0131\u201d temsil etti\u011fine inan\u0131lan tepedeki lider veya kral gibi birilerine b\u0131rakmak olmu\u015ftur. Anadolu\u2019da 12 bin y\u0131l \u00f6ncelerinden<span class=\"excerpt-hellip\"> [\u2026]<\/span><\/p>\n","protected":false},"featured_media":0,"template":"","meta":{"_monsterinsights_skip_tracking":false,"_monsterinsights_sitenote_active":false,"_monsterinsights_sitenote_note":"","_monsterinsights_sitenote_category":0},"product_brand":[],"product_cat":[12573,12566],"product_tag":[],"class_list":{"0":"post-778542","1":"product","2":"type-product","3":"status-publish","5":"product_cat-akademik-kitaplar","6":"product_cat-egitim","7":"pa_cilt-ciltsiz","8":"pa_tur-kitap","9":"pa_yayinevi-platanus-publishing","10":"pa_yazar-ismet-gedik","12":"first","13":"instock","14":"sale","15":"shipping-taxable","16":"purchasable","17":"product-type-simple"},"_links":{"self":[{"href":"https:\/\/roveyayinevi.com.tr\/index.php\/wp-json\/wp\/v2\/product\/778542","targetHints":{"allow":["GET"]}}],"collection":[{"href":"https:\/\/roveyayinevi.com.tr\/index.php\/wp-json\/wp\/v2\/product"}],"about":[{"href":"https:\/\/roveyayinevi.com.tr\/index.php\/wp-json\/wp\/v2\/types\/product"}],"wp:attachment":[{"href":"https:\/\/roveyayinevi.com.tr\/index.php\/wp-json\/wp\/v2\/media?parent=778542"}],"wp:term":[{"taxonomy":"product_brand","embeddable":true,"href":"https:\/\/roveyayinevi.com.tr\/index.php\/wp-json\/wp\/v2\/product_brand?post=778542"},{"taxonomy":"product_cat","embeddable":true,"href":"https:\/\/roveyayinevi.com.tr\/index.php\/wp-json\/wp\/v2\/product_cat?post=778542"},{"taxonomy":"product_tag","embeddable":true,"href":"https:\/\/roveyayinevi.com.tr\/index.php\/wp-json\/wp\/v2\/product_tag?post=778542"}],"curies":[{"name":"wp","href":"https:\/\/api.w.org\/{rel}","templated":true}]}}