{"id":778540,"date":"2025-11-19T21:12:55","date_gmt":"2025-11-19T18:12:55","guid":{"rendered":"https:\/\/roveyayinevi.com.tr\/index.php\/urun\/disney-sonsuz-oyku-karlar-ulkesi-2\/"},"modified":"2026-04-16T03:03:54","modified_gmt":"2026-04-16T00:03:54","slug":"disney-sonsuz-oyku-karlar-ulkesi-2","status":"publish","type":"product","link":"https:\/\/roveyayinevi.com.tr\/index.php\/urun\/disney-sonsuz-oyku-karlar-ulkesi-2\/","title":{"rendered":"Disney Sonsuz \u00d6yk\u00fc Karlar \u00dclkesi 2"},"content":{"rendered":"<p>Bu kitap heyecan dolu! \u00d6nce Karlar \u00dclkesi kahramanlar\u0131n\u0131n sihirli maceras\u0131n\u0131 oku. Sonra&#8230; \u00f6yk\u00fc bitmesin!   3D hayal g\u00fcc\u00fc sahnesini kur, en sevdi\u011fin kahramanlarla \u00f6yk\u00fcy\u00fc devam ettir. Fig\u00fcrlerini sihirli yerlere g\u00f6t\u00fcr, Erindel \u015eatosu\u2019nu gezdir, hayal g\u00fcc\u00fcn\u00fc g\u00f6ster!   D\u0130KKAT: BU K\u0130TAP \u00c7OCU\u011eUNUZUN K\u00dc\u00c7\u00dcK MOTOR BECER\u0130LER\u0130N\u0130N, HAYAL G\u00dcC\u00dcN\u00dcN VE YARATICILI\u011eININ GEL\u0130\u015e\u0130M\u0130NE DESTEK OLAB\u0130L\u0130R! <\/p>\n","protected":false},"excerpt":{"rendered":"<p>Bu kitap heyecan dolu! \u00d6nce Karlar \u00dclkesi kahramanlar\u0131n\u0131n sihirli maceras\u0131n\u0131 oku. Sonra&#8230; \u00f6yk\u00fc bitmesin! 3D hayal g\u00fcc\u00fc sahnesini kur, en sevdi\u011fin kahramanlarla \u00f6yk\u00fcy\u00fc devam ettir. Fig\u00fcrlerini<span class=\"excerpt-hellip\"> [\u2026]<\/span><\/p>\n","protected":false},"featured_media":0,"template":"","meta":{"_monsterinsights_skip_tracking":false,"_monsterinsights_sitenote_active":false,"_monsterinsights_sitenote_note":"","_monsterinsights_sitenote_category":0},"product_brand":[],"product_cat":[12274,12284],"product_tag":[],"class_list":{"0":"post-778540","1":"product","2":"type-product","3":"status-publish","5":"product_cat-cocuk-ve-genclik-kitaplari","6":"product_cat-hikayeler","7":"pa_cilt-ciltsiz","8":"pa_tur-kitap","9":"pa_yayinevi-dogan-cocuk","10":"pa_yazar-kolektif","12":"first","13":"instock","14":"sale","15":"shipping-taxable","16":"purchasable","17":"product-type-simple"},"_links":{"self":[{"href":"https:\/\/roveyayinevi.com.tr\/index.php\/wp-json\/wp\/v2\/product\/778540","targetHints":{"allow":["GET"]}}],"collection":[{"href":"https:\/\/roveyayinevi.com.tr\/index.php\/wp-json\/wp\/v2\/product"}],"about":[{"href":"https:\/\/roveyayinevi.com.tr\/index.php\/wp-json\/wp\/v2\/types\/product"}],"wp:attachment":[{"href":"https:\/\/roveyayinevi.com.tr\/index.php\/wp-json\/wp\/v2\/media?parent=778540"}],"wp:term":[{"taxonomy":"product_brand","embeddable":true,"href":"https:\/\/roveyayinevi.com.tr\/index.php\/wp-json\/wp\/v2\/product_brand?post=778540"},{"taxonomy":"product_cat","embeddable":true,"href":"https:\/\/roveyayinevi.com.tr\/index.php\/wp-json\/wp\/v2\/product_cat?post=778540"},{"taxonomy":"product_tag","embeddable":true,"href":"https:\/\/roveyayinevi.com.tr\/index.php\/wp-json\/wp\/v2\/product_tag?post=778540"}],"curies":[{"name":"wp","href":"https:\/\/api.w.org\/{rel}","templated":true}]}}