{"id":778539,"date":"2025-11-19T20:59:42","date_gmt":"2025-11-19T17:59:42","guid":{"rendered":"https:\/\/roveyayinevi.com.tr\/index.php\/urun\/barbie-cikartma-hediyeli-boyama-albumu\/"},"modified":"2026-04-16T03:01:34","modified_gmt":"2026-04-16T00:01:34","slug":"barbie-cikartma-hediyeli-boyama-albumu","status":"publish","type":"product","link":"https:\/\/roveyayinevi.com.tr\/index.php\/urun\/barbie-cikartma-hediyeli-boyama-albumu\/","title":{"rendered":"Barbie \u00c7\u0131kartma Hediyeli Boyama Alb\u00fcm\u00fc"},"content":{"rendered":"<p>Renkli, son moda ve m\u00fcthi\u015f haval\u0131! Barbie ve arkada\u015flar\u0131n\u0131 boya kalemlerinle renklendir, resimlerini \u00e7\u0131kartmalarla s\u00fcsle, yarat\u0131c\u0131l\u0131\u011f\u0131n\u0131 g\u00f6ster. <\/p>\n","protected":false},"excerpt":{"rendered":"<p>Renkli, son moda ve m\u00fcthi\u015f haval\u0131! Barbie ve arkada\u015flar\u0131n\u0131 boya kalemlerinle renklendir, resimlerini \u00e7\u0131kartmalarla s\u00fcsle, yarat\u0131c\u0131l\u0131\u011f\u0131n\u0131 g\u00f6ster.<\/p>\n","protected":false},"featured_media":0,"template":"","meta":{"_monsterinsights_skip_tracking":false,"_monsterinsights_sitenote_active":false,"_monsterinsights_sitenote_note":"","_monsterinsights_sitenote_category":0},"product_brand":[],"product_cat":[12644,12274],"product_tag":[],"class_list":{"0":"post-778539","1":"product","2":"type-product","3":"status-publish","5":"product_cat-boyama-kitaplari","6":"product_cat-cocuk-ve-genclik-kitaplari","7":"pa_cilt-ciltsiz","8":"pa_tur-kitap","9":"pa_yayinevi-dogan-cocuk","10":"pa_yazar-kolektif","12":"first","13":"instock","14":"sale","15":"shipping-taxable","16":"purchasable","17":"product-type-simple"},"_links":{"self":[{"href":"https:\/\/roveyayinevi.com.tr\/index.php\/wp-json\/wp\/v2\/product\/778539","targetHints":{"allow":["GET"]}}],"collection":[{"href":"https:\/\/roveyayinevi.com.tr\/index.php\/wp-json\/wp\/v2\/product"}],"about":[{"href":"https:\/\/roveyayinevi.com.tr\/index.php\/wp-json\/wp\/v2\/types\/product"}],"wp:attachment":[{"href":"https:\/\/roveyayinevi.com.tr\/index.php\/wp-json\/wp\/v2\/media?parent=778539"}],"wp:term":[{"taxonomy":"product_brand","embeddable":true,"href":"https:\/\/roveyayinevi.com.tr\/index.php\/wp-json\/wp\/v2\/product_brand?post=778539"},{"taxonomy":"product_cat","embeddable":true,"href":"https:\/\/roveyayinevi.com.tr\/index.php\/wp-json\/wp\/v2\/product_cat?post=778539"},{"taxonomy":"product_tag","embeddable":true,"href":"https:\/\/roveyayinevi.com.tr\/index.php\/wp-json\/wp\/v2\/product_tag?post=778539"}],"curies":[{"name":"wp","href":"https:\/\/api.w.org\/{rel}","templated":true}]}}