{"id":778538,"date":"2025-11-19T20:59:38","date_gmt":"2025-11-19T17:59:38","guid":{"rendered":"https:\/\/roveyayinevi.com.tr\/index.php\/urun\/dogu-oykuleri\/"},"modified":"2026-03-03T03:19:16","modified_gmt":"2026-03-03T00:19:16","slug":"dogu-oykuleri","status":"publish","type":"product","link":"https:\/\/roveyayinevi.com.tr\/index.php\/urun\/dogu-oykuleri\/","title":{"rendered":"Do\u011fu \u00d6yk\u00fcleri"},"content":{"rendered":"<p>\u201cDo\u011fu, ileti\u015fimsizli\u011fin anayurtlar\u0131ndan. Hem de Do\u011fu\u2019nun da\u011f k\u00f6ylerinde, gen\u00e7 bir ayd\u0131n\u0131 kim anlayabilir? Yak\u0131nl\u0131klar\u0131n yabanc\u0131l\u0131klar\u0131, yabanc\u0131la\u015fmay\u0131 \u00e7o\u011faltt\u0131\u011f\u0131 bir d\u00fcnya, iki kutup aras\u0131nda bir \u00f6te \u2013 \u00fc\u00e7\u00fcnc\u00fc \u2013 d\u00fcnya da do\u011furmaya ba\u015flar. \u0130ki ayr\u0131 kimlik aras\u0131nda olu\u015fan, kimliksiz, belirsiz, tan\u0131mlanmas\u0131 g\u00fc\u00e7 bir d\u00fcnyad\u0131r bu\u2026 Ferit Edg\u00fc, Do\u011fu ser\u00fcvenini y\u0131llar sonra yeniden ta\u015f\u0131rken bug\u00fcne, o ileti\u015fimsizlik karabasan\u0131n\u0131 da da\u011f\u0131tmaya \u00e7al\u0131\u015f\u0131yor gibidir.\u201d  -Semih G\u00fcm\u00fc\u015f <\/p>\n","protected":false},"excerpt":{"rendered":"<p>\u201cDo\u011fu, ileti\u015fimsizli\u011fin anayurtlar\u0131ndan. Hem de Do\u011fu\u2019nun da\u011f k\u00f6ylerinde, gen\u00e7 bir ayd\u0131n\u0131 kim anlayabilir? Yak\u0131nl\u0131klar\u0131n yabanc\u0131l\u0131klar\u0131, yabanc\u0131la\u015fmay\u0131 \u00e7o\u011faltt\u0131\u011f\u0131 bir d\u00fcnya, iki kutup aras\u0131nda bir \u00f6te \u2013 \u00fc\u00e7\u00fcnc\u00fc<span class=\"excerpt-hellip\"> [\u2026]<\/span><\/p>\n","protected":false},"featured_media":0,"template":"","meta":{"_monsterinsights_skip_tracking":false,"_monsterinsights_sitenote_active":false,"_monsterinsights_sitenote_note":"","_monsterinsights_sitenote_category":0},"product_brand":[],"product_cat":[12291,18202],"product_tag":[],"class_list":{"0":"post-778538","1":"product","2":"type-product","3":"status-publish","5":"product_cat-edebiyat","6":"product_cat-hikaye","7":"pa_cilt-ciltsiz","8":"pa_tur-kitap","9":"pa_yayinevi-everest-yayinlari","10":"pa_yazar-ferit-edgu","12":"first","13":"instock","14":"sale","15":"shipping-taxable","16":"purchasable","17":"product-type-simple"},"_links":{"self":[{"href":"https:\/\/roveyayinevi.com.tr\/index.php\/wp-json\/wp\/v2\/product\/778538","targetHints":{"allow":["GET"]}}],"collection":[{"href":"https:\/\/roveyayinevi.com.tr\/index.php\/wp-json\/wp\/v2\/product"}],"about":[{"href":"https:\/\/roveyayinevi.com.tr\/index.php\/wp-json\/wp\/v2\/types\/product"}],"wp:attachment":[{"href":"https:\/\/roveyayinevi.com.tr\/index.php\/wp-json\/wp\/v2\/media?parent=778538"}],"wp:term":[{"taxonomy":"product_brand","embeddable":true,"href":"https:\/\/roveyayinevi.com.tr\/index.php\/wp-json\/wp\/v2\/product_brand?post=778538"},{"taxonomy":"product_cat","embeddable":true,"href":"https:\/\/roveyayinevi.com.tr\/index.php\/wp-json\/wp\/v2\/product_cat?post=778538"},{"taxonomy":"product_tag","embeddable":true,"href":"https:\/\/roveyayinevi.com.tr\/index.php\/wp-json\/wp\/v2\/product_tag?post=778538"}],"curies":[{"name":"wp","href":"https:\/\/api.w.org\/{rel}","templated":true}]}}