{"id":778536,"date":"2025-11-19T20:33:51","date_gmt":"2025-11-19T17:33:51","guid":{"rendered":"https:\/\/roveyayinevi.com.tr\/index.php\/urun\/memleketimin-havalari\/"},"modified":"2026-04-16T02:57:31","modified_gmt":"2026-04-15T23:57:31","slug":"memleketimin-havalari","status":"publish","type":"product","link":"https:\/\/roveyayinevi.com.tr\/index.php\/urun\/memleketimin-havalari\/","title":{"rendered":"Memleketimin Hava&#8217;lar\u0131"},"content":{"rendered":"<p>\u00d6l\u00fcm\u00fc yok edip ya\u015fam\u0131 daim k\u0131lmak i\u00e7in yazmal\u0131yd\u0131m. Ne yazaca\u011f\u0131ma karar vermem \u00e7ok da zor olmad\u0131, benim memleketimin insanlar\u0131 vard\u0131 \u00f6zellikle de kad\u0131nlar\u0131. O kad\u0131nlar\u0131 bana y\u0131llarca annem anlatt\u0131. Hikaye gibi dinledi\u011fim pek \u00e7ok kad\u0131n\u0131n ya\u015fam\u0131nda birbirine benzer \u00e7ileler, benzer \u00e7aresizlikler, benzer sonlar\u2026Pek \u00e7ok kad\u0131n, ki pek \u00e7o\u011fu da ada\u015f olan kad\u0131n, benim g\u00f6nl\u00fcmde iki ki\u015fili\u011fe d\u00f6n\u00fc\u015ft\u00fc ve okuyaca\u011f\u0131n\u0131z sayfalara doldu. Yazd\u0131\u011f\u0131m memleket benim veya sizin memleketiniz fark etmez, Anadoluda bir yer. Anadolu insan\u0131n\u0131n bir d\u00f6nemi, o d\u00f6nemde ya\u015fad\u0131klar\u0131. Yer, zaman ve \u015fah\u0131s fark etmiyor asl\u0131nda ya\u015fananlar pek de de\u011fi\u015fmiyor, hatta g\u00fcn\u00fcm\u00fczde bile\u2026Ya\u015fanm\u0131\u015fl\u0131klar\u0131 yazmaya \u00e7al\u0131\u015ft\u0131m umar\u0131m g\u00f6nl\u00fcn\u00fcze dokunabilirim. Yazmam uzun s\u00fcrmedi de yazd\u0131klar\u0131m\u0131n bas\u0131lmas\u0131 i\u00e7in giri\u015fimde bulunmak beni epey \u00fcrk\u00fctt\u00fc. Cesaretimi toplamam on y\u0131l\u0131m\u0131 ald\u0131 diyebilirim. Adettir bu t\u00fcr \u00f6ns\u00f6zlerde eme\u011fi ge\u00e7enlere te\u015fekk\u00fcr edilir. Lakin isimlerinizi zikrederken birinizi dahi unutsam \u00e7ok \u00fcz\u00fcl\u00fcr\u00fcm. O sebeple bana destek olan, y\u00fcreklendiren t\u00fcm sevdiklerime \u00e7ok ama \u00e7ok te\u015fekk\u00fcr ediyorum. Sizler kendinizi biliyorsunuz zaten\u2026<\/p>\n","protected":false},"excerpt":{"rendered":"<p>\u00d6l\u00fcm\u00fc yok edip ya\u015fam\u0131 daim k\u0131lmak i\u00e7in yazmal\u0131yd\u0131m. Ne yazaca\u011f\u0131ma karar vermem \u00e7ok da zor olmad\u0131, benim memleketimin insanlar\u0131 vard\u0131 \u00f6zellikle de kad\u0131nlar\u0131. O kad\u0131nlar\u0131 bana<span class=\"excerpt-hellip\"> [\u2026]<\/span><\/p>\n","protected":false},"featured_media":0,"template":"","meta":{"_monsterinsights_skip_tracking":false,"_monsterinsights_sitenote_active":false,"_monsterinsights_sitenote_note":"","_monsterinsights_sitenote_category":0},"product_brand":[],"product_cat":[12291,12711],"product_tag":[],"class_list":{"0":"post-778536","1":"product","2":"type-product","3":"status-publish","5":"product_cat-edebiyat","6":"product_cat-roman-oyku","7":"pa_cilt-ciltsiz","8":"pa_tur-kitap","9":"pa_yayinevi-platanus-publishing","10":"pa_yazar-serpil-altay-cinar","12":"first","13":"instock","14":"sale","15":"shipping-taxable","16":"purchasable","17":"product-type-simple"},"_links":{"self":[{"href":"https:\/\/roveyayinevi.com.tr\/index.php\/wp-json\/wp\/v2\/product\/778536","targetHints":{"allow":["GET"]}}],"collection":[{"href":"https:\/\/roveyayinevi.com.tr\/index.php\/wp-json\/wp\/v2\/product"}],"about":[{"href":"https:\/\/roveyayinevi.com.tr\/index.php\/wp-json\/wp\/v2\/types\/product"}],"wp:attachment":[{"href":"https:\/\/roveyayinevi.com.tr\/index.php\/wp-json\/wp\/v2\/media?parent=778536"}],"wp:term":[{"taxonomy":"product_brand","embeddable":true,"href":"https:\/\/roveyayinevi.com.tr\/index.php\/wp-json\/wp\/v2\/product_brand?post=778536"},{"taxonomy":"product_cat","embeddable":true,"href":"https:\/\/roveyayinevi.com.tr\/index.php\/wp-json\/wp\/v2\/product_cat?post=778536"},{"taxonomy":"product_tag","embeddable":true,"href":"https:\/\/roveyayinevi.com.tr\/index.php\/wp-json\/wp\/v2\/product_tag?post=778536"}],"curies":[{"name":"wp","href":"https:\/\/api.w.org\/{rel}","templated":true}]}}