{"id":778534,"date":"2025-11-19T20:24:22","date_gmt":"2025-11-19T17:24:22","guid":{"rendered":"https:\/\/roveyayinevi.com.tr\/index.php\/urun\/baglanma-kurami-epigenetik-ve-norobilim\/"},"modified":"2026-04-03T02:59:03","modified_gmt":"2026-04-02T23:59:03","slug":"baglanma-kurami-epigenetik-ve-norobilim","status":"publish","type":"product","link":"https:\/\/roveyayinevi.com.tr\/index.php\/urun\/baglanma-kurami-epigenetik-ve-norobilim\/","title":{"rendered":"Ba\u011flanma Kuram\u0131 Epigenetik ve N\u00f6robilim"},"content":{"rendered":"<p>Bizi biz yapan nedir? Genimizin yap\u0131s\u0131 ve beynimizin \u00e7al\u0131\u015fma \u015fekli nas\u0131l de\u011fi\u015fir? Psikolojik rahats\u0131zlarda hastalar y\u00fczdeki duygu durumlar\u0131n\u0131 nas\u0131l alg\u0131lar? De\u011fi\u015fen gen ve beyin sistemi nas\u0131l d\u00fczenlenir? K\u00fclt\u00fcrel fakt\u00f6rler aile sisteminin nas\u0131l olaca\u011f\u0131na karar verir. Ailelerin kurduklar\u0131 ili\u015fki bi\u00e7imi ba\u011flanma stillerine y\u00f6n verir. Ba\u011flanma stilleri genin ve beynin \u00e7al\u0131\u015fma bi\u00e7imini d\u00fczenler. Hem genin kendini ifade etme bi\u00e7imi hem de beynin aktif olma \u015fekli n\u00f6ropsikolojik rahats\u0131zl\u0131klar\u0131n temelini olu\u015fturur. D\u00fczenini kaybeden sistem g\u00fcvenli ba\u011flanma ile yeniden dengelenmeye \u00e7al\u0131\u015f\u0131l\u0131r. Bu kitap, k\u00fclt\u00fcrden ba\u011flanma kuram\u0131na, epigenetikten n\u00f6roanatomiye insanlar\u0131n y\u00fczdeki duygu durumlar\u0131n\u0131 nas\u0131l alg\u0131lad\u0131klar\u0131na dair gizemi a\u00e7\u0131kl\u0131\u011fa kavu\u015fturmaktad\u0131r. Kitab\u0131n ana temas\u0131 terapilerde problem olarak ortaya konulan ba\u011flanma kuram\u0131n\u0131n \u00e7\u00f6z\u00fcm olarak kullan\u0131lmas\u0131 \u00fczerinedir<\/p>\n","protected":false},"excerpt":{"rendered":"<p>Bizi biz yapan nedir? Genimizin yap\u0131s\u0131 ve beynimizin \u00e7al\u0131\u015fma \u015fekli nas\u0131l de\u011fi\u015fir? Psikolojik rahats\u0131zlarda hastalar y\u00fczdeki duygu durumlar\u0131n\u0131 nas\u0131l alg\u0131lar? De\u011fi\u015fen gen ve beyin sistemi nas\u0131l<span class=\"excerpt-hellip\"> [\u2026]<\/span><\/p>\n","protected":false},"featured_media":0,"template":"","meta":{"_monsterinsights_skip_tracking":false,"_monsterinsights_sitenote_active":false,"_monsterinsights_sitenote_note":"","_monsterinsights_sitenote_category":0},"product_brand":[],"product_cat":[12777,12291],"product_tag":[],"class_list":{"0":"post-778534","1":"product","2":"type-product","3":"status-publish","5":"product_cat-deneme","6":"product_cat-edebiyat","7":"pa_cilt-ciltsiz","8":"pa_tur-kitap","9":"pa_yayinevi-platanus-publishing","10":"pa_yazar-emrullah-ecer","12":"first","13":"instock","14":"sale","15":"shipping-taxable","16":"purchasable","17":"product-type-simple"},"_links":{"self":[{"href":"https:\/\/roveyayinevi.com.tr\/index.php\/wp-json\/wp\/v2\/product\/778534","targetHints":{"allow":["GET"]}}],"collection":[{"href":"https:\/\/roveyayinevi.com.tr\/index.php\/wp-json\/wp\/v2\/product"}],"about":[{"href":"https:\/\/roveyayinevi.com.tr\/index.php\/wp-json\/wp\/v2\/types\/product"}],"wp:attachment":[{"href":"https:\/\/roveyayinevi.com.tr\/index.php\/wp-json\/wp\/v2\/media?parent=778534"}],"wp:term":[{"taxonomy":"product_brand","embeddable":true,"href":"https:\/\/roveyayinevi.com.tr\/index.php\/wp-json\/wp\/v2\/product_brand?post=778534"},{"taxonomy":"product_cat","embeddable":true,"href":"https:\/\/roveyayinevi.com.tr\/index.php\/wp-json\/wp\/v2\/product_cat?post=778534"},{"taxonomy":"product_tag","embeddable":true,"href":"https:\/\/roveyayinevi.com.tr\/index.php\/wp-json\/wp\/v2\/product_tag?post=778534"}],"curies":[{"name":"wp","href":"https:\/\/api.w.org\/{rel}","templated":true}]}}