{"id":778532,"date":"2025-11-19T20:17:33","date_gmt":"2025-11-19T17:17:33","guid":{"rendered":"https:\/\/roveyayinevi.com.tr\/index.php\/urun\/cocomelon-buyuyorum-sebzelerle\/"},"modified":"2026-04-16T02:53:57","modified_gmt":"2026-04-15T23:53:57","slug":"cocomelon-buyuyorum-sebzelerle","status":"publish","type":"product","link":"https:\/\/roveyayinevi.com.tr\/index.php\/urun\/cocomelon-buyuyorum-sebzelerle\/","title":{"rendered":"Cocomelon B\u00fcy\u00fcyorum Sebzelerle"},"content":{"rendered":"<p>B\u00fcy\u00fcmek i\u00e7in sebze yemek \u00f6nemlidir! JJ sebzeleri \u00e7ok sever ve arkada\u015flar\u0131na sebze yemenin faydalar\u0131n\u0131 anlatmaktan mutluluk duyar! Bu sevimli kitap, \u00e7ocu\u011funuzu sa\u011fl\u0131kl\u0131 yiyecekler yemeye ikna etmenizin harika bir yoludur! Birlikte okuyarak zaman\u0131n\u0131z\u0131 hem keyifli hem de faydal\u0131 ge\u00e7ireceksiniz! <\/p>\n","protected":false},"excerpt":{"rendered":"<p>B\u00fcy\u00fcmek i\u00e7in sebze yemek \u00f6nemlidir! JJ sebzeleri \u00e7ok sever ve arkada\u015flar\u0131na sebze yemenin faydalar\u0131n\u0131 anlatmaktan mutluluk duyar! Bu sevimli kitap, \u00e7ocu\u011funuzu sa\u011fl\u0131kl\u0131 yiyecekler yemeye ikna etmenizin<span class=\"excerpt-hellip\"> [\u2026]<\/span><\/p>\n","protected":false},"featured_media":0,"template":"","meta":{"_monsterinsights_skip_tracking":false,"_monsterinsights_sitenote_active":false,"_monsterinsights_sitenote_note":"","_monsterinsights_sitenote_category":0},"product_brand":[],"product_cat":[12274,12284],"product_tag":[],"class_list":{"0":"post-778532","1":"product","2":"type-product","3":"status-publish","5":"product_cat-cocuk-ve-genclik-kitaplari","6":"product_cat-hikayeler","7":"pa_cilt-ciltsiz","8":"pa_tur-kitap","9":"pa_yayinevi-dogan-cocuk","10":"pa_yazar-kolektif","12":"first","13":"instock","14":"sale","15":"shipping-taxable","16":"purchasable","17":"product-type-simple"},"_links":{"self":[{"href":"https:\/\/roveyayinevi.com.tr\/index.php\/wp-json\/wp\/v2\/product\/778532","targetHints":{"allow":["GET"]}}],"collection":[{"href":"https:\/\/roveyayinevi.com.tr\/index.php\/wp-json\/wp\/v2\/product"}],"about":[{"href":"https:\/\/roveyayinevi.com.tr\/index.php\/wp-json\/wp\/v2\/types\/product"}],"wp:attachment":[{"href":"https:\/\/roveyayinevi.com.tr\/index.php\/wp-json\/wp\/v2\/media?parent=778532"}],"wp:term":[{"taxonomy":"product_brand","embeddable":true,"href":"https:\/\/roveyayinevi.com.tr\/index.php\/wp-json\/wp\/v2\/product_brand?post=778532"},{"taxonomy":"product_cat","embeddable":true,"href":"https:\/\/roveyayinevi.com.tr\/index.php\/wp-json\/wp\/v2\/product_cat?post=778532"},{"taxonomy":"product_tag","embeddable":true,"href":"https:\/\/roveyayinevi.com.tr\/index.php\/wp-json\/wp\/v2\/product_tag?post=778532"}],"curies":[{"name":"wp","href":"https:\/\/api.w.org\/{rel}","templated":true}]}}