{"id":778528,"date":"2025-11-19T20:02:03","date_gmt":"2025-11-19T17:02:03","guid":{"rendered":"https:\/\/roveyayinevi.com.tr\/index.php\/urun\/hastadan-ogrenmek\/"},"modified":"2026-04-07T02:58:05","modified_gmt":"2026-04-06T23:58:05","slug":"hastadan-ogrenmek","status":"publish","type":"product","link":"https:\/\/roveyayinevi.com.tr\/index.php\/urun\/hastadan-ogrenmek\/","title":{"rendered":"Hastadan \u00d6\u011frenmek"},"content":{"rendered":"<p>\u201cCasement psikanalize al\u0131\u015f\u0131lagelmi\u015f bir yoldan de\u011fil; dolanarak, \u00e7\u0131kmazlara girerek, tehlikelerin k\u0131y\u0131s\u0131ndan ge\u00e7erek varm\u0131\u015ft\u0131r. Elinizdeki kitapta Patrick\u2019in kendi hatalar\u0131ndan belki biraz fazla bahsetti\u011fini d\u00fc\u015f\u00fcnebilir, hatta terapinin bu kadar kaygan, belirsiz ve hatalarla dolu bir s\u00fcre\u00e7 olarak tasvir edilmesinden rahats\u0131z olabilirsiniz. Herhalde bunun nedeni di\u011fer analistlerin \u00e7ok daha yetenekli olmalar\u0131 ve \u00e7ok daha az hata yapmalar\u0131 de\u011fil, Patrick\u2019in \u00e7ok daha cesur ve a\u00e7\u0131k s\u00f6zl\u00fc olmas\u0131d\u0131r. Ondan \u00e7ok \u015fey \u00f6\u011frendim.\u201d \u2014Prof. Dr. T\u00fcrkay Demir, \u00c7ocuk ve Ergen Psikiyatr\u0131, Psikanalist (IPA) Eserleri yirmiden fazla dile \u00e7evrilen ve t\u00fcm d\u00fcnyada binlerce ruh sa\u011fl\u0131\u011f\u0131 uzman\u0131n\u0131n yol g\u00f6stericisi konumunda bulunan psikanalist ve psikoterapist Patrick Casement, Hastadan \u00d6\u011frenmek\u2019te terapi s\u00fcre\u00e7lerindeki hiyerar\u015fiyi tersine \u00e7evirerek terapistleri al\u0131\u015f\u0131lm\u0131\u015f\u0131n d\u0131\u015f\u0131nda bir patikada y\u00fcr\u00fcy\u00fc\u015f yapmaya davet ediyor. Terapinin ve psikanalizin bir\u00e7ok y\u00f6n\u00fcn\u00fc klinik ortamda, ger\u00e7ek vakalarla test ediyor ve \u00fczerine yeni ama tan\u0131d\u0131k konsept ve teknikler \u00f6ne s\u00fcr\u00fcyor. Merkezinde hastan\u0131n izinden gitmek, kendini hastan\u0131n g\u00f6z\u00fcnden g\u00f6rmek gibi ilkelerin bulundu\u011fu bu y\u00f6ntemlerle, terapistleri zaman zaman girebildikleri \u00e7\u0131kmaz sokaklardan geri tutmaya \u00e7abal\u0131yor. Mesle\u011fe y\u0131llar\u0131n\u0131 vermi\u015f bir terapist ya da sadece konunun merakl\u0131s\u0131 olman\u0131z fark etmiyor, kitap boyunca eri\u015filmeye \u00e7al\u0131\u015fan o k\u0131ymetli \u015feye tan\u0131k oluyorsunuz: Her iki taraf i\u00e7in de olabildi\u011fine a\u00e7\u0131k ve sa\u011fl\u0131kl\u0131 ilerleyen bir terapi s\u00fcreci. <\/p>\n","protected":false},"excerpt":{"rendered":"<p>\u201cCasement psikanalize al\u0131\u015f\u0131lagelmi\u015f bir yoldan de\u011fil; dolanarak, \u00e7\u0131kmazlara girerek, tehlikelerin k\u0131y\u0131s\u0131ndan ge\u00e7erek varm\u0131\u015ft\u0131r. Elinizdeki kitapta Patrick\u2019in kendi hatalar\u0131ndan belki biraz fazla bahsetti\u011fini d\u00fc\u015f\u00fcnebilir, hatta terapinin bu<span class=\"excerpt-hellip\"> [\u2026]<\/span><\/p>\n","protected":false},"featured_media":0,"template":"","meta":{"_monsterinsights_skip_tracking":false,"_monsterinsights_sitenote_active":false,"_monsterinsights_sitenote_note":"","_monsterinsights_sitenote_category":0},"product_brand":[],"product_cat":[12364,12376],"product_tag":[],"class_list":{"0":"post-778528","1":"product","2":"type-product","3":"status-publish","5":"product_cat-genel-konular","6":"product_cat-kisisel-gelisim","7":"pa_cilt-ciltsiz","8":"pa_tur-kitap","9":"pa_yayinevi-okuyan-us-yayin","10":"pa_yazar-patrick-j-casement","12":"first","13":"instock","14":"sale","15":"shipping-taxable","16":"purchasable","17":"product-type-simple"},"_links":{"self":[{"href":"https:\/\/roveyayinevi.com.tr\/index.php\/wp-json\/wp\/v2\/product\/778528","targetHints":{"allow":["GET"]}}],"collection":[{"href":"https:\/\/roveyayinevi.com.tr\/index.php\/wp-json\/wp\/v2\/product"}],"about":[{"href":"https:\/\/roveyayinevi.com.tr\/index.php\/wp-json\/wp\/v2\/types\/product"}],"wp:attachment":[{"href":"https:\/\/roveyayinevi.com.tr\/index.php\/wp-json\/wp\/v2\/media?parent=778528"}],"wp:term":[{"taxonomy":"product_brand","embeddable":true,"href":"https:\/\/roveyayinevi.com.tr\/index.php\/wp-json\/wp\/v2\/product_brand?post=778528"},{"taxonomy":"product_cat","embeddable":true,"href":"https:\/\/roveyayinevi.com.tr\/index.php\/wp-json\/wp\/v2\/product_cat?post=778528"},{"taxonomy":"product_tag","embeddable":true,"href":"https:\/\/roveyayinevi.com.tr\/index.php\/wp-json\/wp\/v2\/product_tag?post=778528"}],"curies":[{"name":"wp","href":"https:\/\/api.w.org\/{rel}","templated":true}]}}