{"id":778515,"date":"2025-11-19T19:34:28","date_gmt":"2025-11-19T16:34:28","guid":{"rendered":"https:\/\/roveyayinevi.com.tr\/index.php\/urun\/egitimin-ve-sevginin-actigi-kapi\/"},"modified":"2026-04-16T02:45:50","modified_gmt":"2026-04-15T23:45:50","slug":"egitimin-ve-sevginin-actigi-kapi","status":"publish","type":"product","link":"https:\/\/roveyayinevi.com.tr\/index.php\/urun\/egitimin-ve-sevginin-actigi-kapi\/","title":{"rendered":"E\u011fitimin ve Sevginin A\u00e7t\u0131\u011f\u0131 Kap\u0131"},"content":{"rendered":"<p>Merhaba ben Elif G\u00fcl Yi\u011fit.   K\u0131saca kendimi tan\u0131tay\u0131m. Kahramanmara\u015f 12 \u015eubat il\u00e7esinde 17 Haziran 2014 tarihinde do\u011fdum. \u015euan Ankara\u2019da okuyorum 2. S\u0131n\u0131f \u00f6\u011frencisiyim. Be\u015f ki\u015filik aileyiz. \u00dc\u00e7 karde\u015fiz benden k\u00fc\u00e7\u00fck iki karde\u015fim var.   Bu benim ilk kitab\u0131m \u00e7ok heyecanl\u0131y\u0131m. Hatalar\u0131m olmu\u015f olabilir. Kusura bakmay\u0131n. Her \u015feyden \u00f6nce bana emek veren anneme ve babama ayn\u0131 zamanda \u00d6zlem \u00d6\u011fretmenime \u00e7ok te\u015fekk\u00fcr ederim.    \u201cSizlerin okumas\u0131n\u0131 ve yazmas\u0131n\u0131 g\u00f6rmem bana verdi\u011finiz en b\u00fcy\u00fck hediyedir\u201d diyen \u00f6\u011fretmenime ilk ad\u0131m\u0131m olsun. <\/p>\n","protected":false},"excerpt":{"rendered":"<p>Merhaba ben Elif G\u00fcl Yi\u011fit. K\u0131saca kendimi tan\u0131tay\u0131m. Kahramanmara\u015f 12 \u015eubat il\u00e7esinde 17 Haziran 2014 tarihinde do\u011fdum. \u015euan Ankara\u2019da okuyorum 2. S\u0131n\u0131f \u00f6\u011frencisiyim. Be\u015f ki\u015filik aileyiz.<span class=\"excerpt-hellip\"> [\u2026]<\/span><\/p>\n","protected":false},"featured_media":0,"template":"","meta":{"_monsterinsights_skip_tracking":false,"_monsterinsights_sitenote_active":false,"_monsterinsights_sitenote_note":"","_monsterinsights_sitenote_category":0},"product_brand":[],"product_cat":[12275,12274],"product_tag":[],"class_list":{"0":"post-778515","1":"product","2":"type-product","3":"status-publish","5":"product_cat-6-12-yas-kitaplari","6":"product_cat-cocuk-ve-genclik-kitaplari","7":"pa_cilt-ciltsiz","8":"pa_tur-kitap","9":"pa_yayinevi-gulnar-yayinlari","10":"pa_yazar-elif-gul-yigit","12":"first","13":"instock","14":"sale","15":"shipping-taxable","16":"purchasable","17":"product-type-simple"},"_links":{"self":[{"href":"https:\/\/roveyayinevi.com.tr\/index.php\/wp-json\/wp\/v2\/product\/778515","targetHints":{"allow":["GET"]}}],"collection":[{"href":"https:\/\/roveyayinevi.com.tr\/index.php\/wp-json\/wp\/v2\/product"}],"about":[{"href":"https:\/\/roveyayinevi.com.tr\/index.php\/wp-json\/wp\/v2\/types\/product"}],"wp:attachment":[{"href":"https:\/\/roveyayinevi.com.tr\/index.php\/wp-json\/wp\/v2\/media?parent=778515"}],"wp:term":[{"taxonomy":"product_brand","embeddable":true,"href":"https:\/\/roveyayinevi.com.tr\/index.php\/wp-json\/wp\/v2\/product_brand?post=778515"},{"taxonomy":"product_cat","embeddable":true,"href":"https:\/\/roveyayinevi.com.tr\/index.php\/wp-json\/wp\/v2\/product_cat?post=778515"},{"taxonomy":"product_tag","embeddable":true,"href":"https:\/\/roveyayinevi.com.tr\/index.php\/wp-json\/wp\/v2\/product_tag?post=778515"}],"curies":[{"name":"wp","href":"https:\/\/api.w.org\/{rel}","templated":true}]}}