{"id":778514,"date":"2025-11-19T19:31:37","date_gmt":"2025-11-19T16:31:37","guid":{"rendered":"https:\/\/roveyayinevi.com.tr\/index.php\/urun\/zahmetsiz-onemli-isleri-yapmayi-kolaylastirin\/"},"modified":"2025-11-19T19:31:37","modified_gmt":"2025-11-19T16:31:37","slug":"zahmetsiz-onemli-isleri-yapmayi-kolaylastirin","status":"publish","type":"product","link":"https:\/\/roveyayinevi.com.tr\/index.php\/urun\/zahmetsiz-onemli-isleri-yapmayi-kolaylastirin\/","title":{"rendered":"Zahmetsiz &#8211; \u00d6nemli \u0130\u015fleri Yapmay\u0131 Kolayla\u015ft\u0131r\u0131n"},"content":{"rendered":"<p>Yapmaya de\u011fer her \u015fey i\u00e7in muazzam bir \u00e7aba harcanmamas\u0131 gerekti\u011fini mi d\u00fc\u015f\u00fcn\u00fcyorsunuz? Zor ama \u00f6nemli bir aktiviteyi hi\u00e7 kolay ama \u00f6nemsiz bir aktivite i\u00e7in b\u0131rakt\u0131n\u0131z m\u0131? Hayat\u0131n her \u00e2n\u0131na h\u00e2kim olan karma\u015fadan bunal\u0131yor musunuz?   Bu sorulardan herhangi birine evet yan\u0131t\u0131n\u0131 verdiyseniz, hayat\u0131 kendiniz i\u00e7in olmas\u0131 gerekenden \u00e7ok daha zor hale getiriyor olabilirsiniz.   \u00dcst\u00fcn ba\u015far\u0131 hedefli ki\u015filer olarak ba\u015far\u0131n\u0131n yolunun amans\u0131z i\u015flerle d\u00f6\u015fendi\u011fine inanmak i\u00e7in \u015fartland\u0131r\u0131l\u0131yoruz: \u00dcst\u00fcn ba\u015far\u0131 i\u00e7in, a\u015f\u0131r\u0131 denetim ve \u00e7abaya ihtiyac\u0131m\u0131z olmal\u0131. E\u011fer s\u00fcrekli t\u00fckenmiyorsak, yeterince yapm\u0131yoruzdur\u2026 Fakat g\u00fcn\u00fcm\u00fczde, \u00e7ok \u00e7al\u0131\u015fmak her zamankinden daha yorucu. &#8220;Zoom yap, ye, uyu, ba\u015fa d\u00f6n.&#8221; Sonsuz bir d\u00f6ng\u00fcye s\u0131k\u0131\u015fm\u0131\u015f haldeyiz, yar\u0131s\u0131n\u0131 elde etmek i\u00e7in iki kat daha fazla \u00e7abal\u0131yoruz. Oysa devam etmek, bu kadar zor olmamal\u0131.   Zahmetsiz, en \u00f6nemli i\u015fleri t\u00fckenmeden, en kolay \u015fekilde yapmak ve istedi\u011finiz sonu\u00e7lar\u0131 elde etmek i\u00e7in tavsiyeler sunarak daha kolay bir yol oldu\u011funu g\u00f6steriyor. Zahmetsiz yol bir tembellik yolu de\u011fil, daha ak\u0131lc\u0131 bir yol. Hayattaki her zor \u015feyi kolayla\u015ft\u0131ramay\u0131z. Ancak \u00f6nemli \u015feylere daha fazla odaklanmay\u0131 kolayla\u015ft\u0131rabiliriz.   \u201cT\u00fckenmi\u015flik taraf\u0131ndan ku\u015fat\u0131lm\u0131\u015f bir d\u00fcnyada Greg McKeown\u2019un \u00e7al\u0131\u015fmas\u0131 \u00e7ok m\u00fchim.\u201d \u2013Daniel H. Pink, Drive ve Sat\u0131\u015f\u0131n Yeni Kurallar\u0131\u2019n\u0131n yazar\u0131   \u201cZahmetsiz, daha fazlas\u0131n\u0131 ba\u015farman\u0131n sand\u0131\u011f\u0131m\u0131z kadar zor olmad\u0131\u011f\u0131n\u0131 g\u00f6steriyor.\u201d \u2013Arianna Huffington, The Huffington Post\u2019un kurucusu ve i\u015finsan\u0131   \u201cDavran\u0131\u015fsal ekonomi, felsefe, fizik ve n\u00f6robilime dayanan yeni kitab\u0131 Zahmetsiz\u2019de Greg McKeown, daha fazla de\u011fil, daha ak\u0131ll\u0131ca \u00e7al\u0131\u015fman\u0131n ipu\u00e7lar\u0131n\u0131 veriyor. Bunlar basit ama m\u00fckemmel stratejiler ve bu nedenle de uygulanmas\u0131 kolay.\u201d \u2013Forbes<\/p>\n","protected":false},"excerpt":{"rendered":"<p>Yapmaya de\u011fer her \u015fey i\u00e7in muazzam bir \u00e7aba harcanmamas\u0131 gerekti\u011fini mi d\u00fc\u015f\u00fcn\u00fcyorsunuz? Zor ama \u00f6nemli bir aktiviteyi hi\u00e7 kolay ama \u00f6nemsiz bir aktivite i\u00e7in b\u0131rakt\u0131n\u0131z m\u0131?<span class=\"excerpt-hellip\"> [\u2026]<\/span><\/p>\n","protected":false},"featured_media":0,"template":"","meta":{"_monsterinsights_skip_tracking":false,"_monsterinsights_sitenote_active":false,"_monsterinsights_sitenote_note":"","_monsterinsights_sitenote_category":0},"product_brand":[],"product_cat":[12364,12376],"product_tag":[],"class_list":{"0":"post-778514","1":"product","2":"type-product","3":"status-publish","5":"product_cat-genel-konular","6":"product_cat-kisisel-gelisim","7":"pa_cilt-ciltsiz","8":"pa_tur-kitap","9":"pa_yayinevi-nova-kitap","10":"pa_yazar-greg-mckeown","12":"first","13":"instock","14":"sale","15":"shipping-taxable","16":"purchasable","17":"product-type-simple"},"_links":{"self":[{"href":"https:\/\/roveyayinevi.com.tr\/index.php\/wp-json\/wp\/v2\/product\/778514","targetHints":{"allow":["GET"]}}],"collection":[{"href":"https:\/\/roveyayinevi.com.tr\/index.php\/wp-json\/wp\/v2\/product"}],"about":[{"href":"https:\/\/roveyayinevi.com.tr\/index.php\/wp-json\/wp\/v2\/types\/product"}],"wp:attachment":[{"href":"https:\/\/roveyayinevi.com.tr\/index.php\/wp-json\/wp\/v2\/media?parent=778514"}],"wp:term":[{"taxonomy":"product_brand","embeddable":true,"href":"https:\/\/roveyayinevi.com.tr\/index.php\/wp-json\/wp\/v2\/product_brand?post=778514"},{"taxonomy":"product_cat","embeddable":true,"href":"https:\/\/roveyayinevi.com.tr\/index.php\/wp-json\/wp\/v2\/product_cat?post=778514"},{"taxonomy":"product_tag","embeddable":true,"href":"https:\/\/roveyayinevi.com.tr\/index.php\/wp-json\/wp\/v2\/product_tag?post=778514"}],"curies":[{"name":"wp","href":"https:\/\/api.w.org\/{rel}","templated":true}]}}