{"id":778512,"date":"2025-11-19T19:21:33","date_gmt":"2025-11-19T16:21:33","guid":{"rendered":"https:\/\/roveyayinevi.com.tr\/index.php\/urun\/1-tekil\/"},"modified":"2026-04-16T02:42:56","modified_gmt":"2026-04-15T23:42:56","slug":"1-tekil","status":"publish","type":"product","link":"https:\/\/roveyayinevi.com.tr\/index.php\/urun\/1-tekil\/","title":{"rendered":"1. Tekil"},"content":{"rendered":"<p>Hatay\u0131 hep ba\u015fkalar\u0131nda arad\u0131 Ela. En \u00e7ok da ailesinde\u2026 Herkesin olmak istedi\u011fi yerde olmak bir y\u00fckt\u00fc ona g\u00f6re, s\u0131f\u0131rdan ba\u015flama f\u0131rsat\u0131n\u0131 elinden alan. Yeni bir \u015feye ba\u015flarken geride b\u0131rakacaklar\u0131n\u0131n a\u011f\u0131rl\u0131\u011f\u0131 artt\u0131k\u00e7a cesareti daha da k\u00f6reldi. Sebepler gibi \u00e7\u00f6z\u00fcmleri de ba\u015fkalar\u0131nda arar oldu. \u201cElini tuttum sonra. Aniden. Sonradan hat\u0131rlad\u0131\u011f\u0131mda bu an\u0131, \u2018Elleriniz ne kadar so\u011fuk\u2019 diyen Raif Efendi\u2019ye, \u2018Is\u0131t\u0131n!\u2019 diye ellerini uzat\u0131veren Maria Puder\u2019e benzetecektim kendimi. Hik\u00e2yenin di\u011fer her yerinde Raif Efendi\u2019ye ama buras\u0131nda Maria Puder\u2019e.\u201d Ela hi\u00e7 susmayan zihninde sorup durdu\u011fu sorular\u0131n cevaplar\u0131n\u0131 Berat\u2019\u0131n ona \u201cbah\u015fetti\u011fi\u201d yeni hayatta m\u0131 bulacak, yoksa kendinde mi? \u201cNe kadar g\u00fczel oldu\u011fumu anlad\u0131\u011f\u0131mda, art\u0131k o kadar g\u00fczel de\u011fildim.\u201d <\/p>\n","protected":false},"excerpt":{"rendered":"<p>Hatay\u0131 hep ba\u015fkalar\u0131nda arad\u0131 Ela. En \u00e7ok da ailesinde\u2026 Herkesin olmak istedi\u011fi yerde olmak bir y\u00fckt\u00fc ona g\u00f6re, s\u0131f\u0131rdan ba\u015flama f\u0131rsat\u0131n\u0131 elinden alan. Yeni bir \u015feye<span class=\"excerpt-hellip\"> [\u2026]<\/span><\/p>\n","protected":false},"featured_media":0,"template":"","meta":{"_monsterinsights_skip_tracking":false,"_monsterinsights_sitenote_active":false,"_monsterinsights_sitenote_note":"","_monsterinsights_sitenote_category":0},"product_brand":[],"product_cat":[12291,12711],"product_tag":[],"class_list":{"0":"post-778512","1":"product","2":"type-product","3":"status-publish","5":"product_cat-edebiyat","6":"product_cat-roman-oyku","7":"pa_cilt-ciltsiz","8":"pa_tur-kitap","9":"pa_yayinevi-luna-yayinlari","10":"pa_yazar-zeynep-camli","12":"first","13":"instock","14":"sale","15":"shipping-taxable","16":"purchasable","17":"product-type-simple"},"_links":{"self":[{"href":"https:\/\/roveyayinevi.com.tr\/index.php\/wp-json\/wp\/v2\/product\/778512","targetHints":{"allow":["GET"]}}],"collection":[{"href":"https:\/\/roveyayinevi.com.tr\/index.php\/wp-json\/wp\/v2\/product"}],"about":[{"href":"https:\/\/roveyayinevi.com.tr\/index.php\/wp-json\/wp\/v2\/types\/product"}],"wp:attachment":[{"href":"https:\/\/roveyayinevi.com.tr\/index.php\/wp-json\/wp\/v2\/media?parent=778512"}],"wp:term":[{"taxonomy":"product_brand","embeddable":true,"href":"https:\/\/roveyayinevi.com.tr\/index.php\/wp-json\/wp\/v2\/product_brand?post=778512"},{"taxonomy":"product_cat","embeddable":true,"href":"https:\/\/roveyayinevi.com.tr\/index.php\/wp-json\/wp\/v2\/product_cat?post=778512"},{"taxonomy":"product_tag","embeddable":true,"href":"https:\/\/roveyayinevi.com.tr\/index.php\/wp-json\/wp\/v2\/product_tag?post=778512"}],"curies":[{"name":"wp","href":"https:\/\/api.w.org\/{rel}","templated":true}]}}