{"id":778511,"date":"2025-11-19T18:56:30","date_gmt":"2025-11-19T15:56:30","guid":{"rendered":"https:\/\/roveyayinevi.com.tr\/index.php\/urun\/yeni-ekonomide-ve-agdas-toplumunda-deger-temelli-yonetim-ciltli\/"},"modified":"2026-04-16T02:39:13","modified_gmt":"2026-04-15T23:39:13","slug":"yeni-ekonomide-ve-agdas-toplumunda-deger-temelli-yonetim-ciltli","status":"publish","type":"product","link":"https:\/\/roveyayinevi.com.tr\/index.php\/urun\/yeni-ekonomide-ve-agdas-toplumunda-deger-temelli-yonetim-ciltli\/","title":{"rendered":"Yeni Ekonomide ve A\u011fda\u015f Toplumunda De\u011fer Temelli Y\u00f6netim (Ciltli)"},"content":{"rendered":"<p>Ge\u00e7mi\u015ften bug\u00fcne d\u00fcnya tarihi incelendi\u011finde teknolojideki geli\u015fmeler sonucunda ortaya \u00e7\u0131kan ekonomik d\u00f6n\u00fc\u015f\u00fcmlerin hep \u201cYeni Ekonomi\u201d kavram\u0131yla ifade edildi\u011fi g\u00f6r\u00fcl\u00fcr. Ger\u00e7ek anlamda yeni bir ekonomik d\u00fczene ge\u00e7ildi\u011fi kesindir. \u00c7\u00fcnk\u00fc her defas\u0131nda \u00fcretim s\u00fcreci de\u011fi\u015fmekte, verimlilik artmakta, ya\u015fam seviyesi ge\u00e7mi\u015fe nazaran daha \u00fcst seviyeye \u00e7\u0131kmakta ve payla\u015f\u0131m modelleri de\u011fi\u015fmektedir. \u201cYeni Ekonomi\u201d kavram\u0131 bu kez co\u011frafyadan, milliyetten, dinsel inan\u00e7lardan ba\u011f\u0131ms\u0131z yeni bir kimli\u011fi \u00f6n\u00fcm\u00fcze getiriyor. Bu kimlik, yabanc\u0131 yay\u0131nlardaki ifadesiyle \u201cnetizen (net+citizen)\u201d, T\u00fcrk\u00e7e\u2019de ise \u201ca\u011fda\u015f\u201d kavram\u0131d\u0131r.   De\u011fer Temelli Y\u00f6netim, temelinde de\u011ferlerin yer ald\u0131\u011f\u0131, hayat\u0131n (i\u015f\/\u00f6zel) ve ili\u015fkilerin bu temel \u00fczerinde in\u015fa edildi\u011fi yap\u0131d\u0131r. De\u011ferler, sa\u011flam bir temel olu\u015fturdu\u011fundan i\u00e7sel ve d\u0131\u015fsal her t\u00fcrl\u00fc y\u0131k\u0131c\u0131 etkiye kar\u015f\u0131 sa\u011flam bir duru\u015f sergilememize yard\u0131mc\u0131 olurlar. Eserde bug\u00fcnden yar\u0131na giderken de\u011ferlerle ya\u015fayan, de\u011ferlerle \u00fcretip de\u011ferlerle payla\u015fan bir toplum ve d\u00fcnya i\u00e7in bireye katk\u0131 sunuluyor.   Yazarlar\u0131m\u0131z\u0131n ifadesiyle; bu \u00e7al\u0131\u015fma, hem kendileri hem de okuyucular i\u00e7in bir yol bulmaya ve bu yolu birlikte ayd\u0131nlatmaya gayret ediyor. <\/p>\n","protected":false},"excerpt":{"rendered":"<p>Ge\u00e7mi\u015ften bug\u00fcne d\u00fcnya tarihi incelendi\u011finde teknolojideki geli\u015fmeler sonucunda ortaya \u00e7\u0131kan ekonomik d\u00f6n\u00fc\u015f\u00fcmlerin hep \u201cYeni Ekonomi\u201d kavram\u0131yla ifade edildi\u011fi g\u00f6r\u00fcl\u00fcr. Ger\u00e7ek anlamda yeni bir ekonomik d\u00fczene ge\u00e7ildi\u011fi<span class=\"excerpt-hellip\"> [\u2026]<\/span><\/p>\n","protected":false},"featured_media":0,"template":"","meta":{"_monsterinsights_skip_tracking":false,"_monsterinsights_sitenote_active":false,"_monsterinsights_sitenote_note":"","_monsterinsights_sitenote_category":0},"product_brand":[],"product_cat":[13043,19008],"product_tag":[],"class_list":{"0":"post-778511","1":"product","2":"type-product","3":"status-publish","5":"product_cat-ekonomi","6":"product_cat-yonetim","7":"pa_cilt-ciltli","8":"pa_tur-kitap","9":"pa_yayinevi-kalder-yayinlari","10":"pa_yazar-kalder-yayinlari-kolektif","12":"first","13":"instock","14":"sale","15":"shipping-taxable","16":"purchasable","17":"product-type-simple"},"_links":{"self":[{"href":"https:\/\/roveyayinevi.com.tr\/index.php\/wp-json\/wp\/v2\/product\/778511","targetHints":{"allow":["GET"]}}],"collection":[{"href":"https:\/\/roveyayinevi.com.tr\/index.php\/wp-json\/wp\/v2\/product"}],"about":[{"href":"https:\/\/roveyayinevi.com.tr\/index.php\/wp-json\/wp\/v2\/types\/product"}],"wp:attachment":[{"href":"https:\/\/roveyayinevi.com.tr\/index.php\/wp-json\/wp\/v2\/media?parent=778511"}],"wp:term":[{"taxonomy":"product_brand","embeddable":true,"href":"https:\/\/roveyayinevi.com.tr\/index.php\/wp-json\/wp\/v2\/product_brand?post=778511"},{"taxonomy":"product_cat","embeddable":true,"href":"https:\/\/roveyayinevi.com.tr\/index.php\/wp-json\/wp\/v2\/product_cat?post=778511"},{"taxonomy":"product_tag","embeddable":true,"href":"https:\/\/roveyayinevi.com.tr\/index.php\/wp-json\/wp\/v2\/product_tag?post=778511"}],"curies":[{"name":"wp","href":"https:\/\/api.w.org\/{rel}","templated":true}]}}