{"id":778510,"date":"2025-11-19T18:54:20","date_gmt":"2025-11-19T15:54:20","guid":{"rendered":"https:\/\/roveyayinevi.com.tr\/index.php\/urun\/refikadan-hizli-tarifler\/"},"modified":"2025-11-21T06:52:39","modified_gmt":"2025-11-21T03:52:39","slug":"refikadan-hizli-tarifler","status":"publish","type":"product","link":"https:\/\/roveyayinevi.com.tr\/index.php\/urun\/refikadan-hizli-tarifler\/","title":{"rendered":"Refika\u2019dan  H\u0131zl\u0131 Tarifler"},"content":{"rendered":"<p>H\u0131zl\u0131 Tarifler\u2019in her bir tarifi mutfakta ge\u00e7irdi\u011finiz zaman\u0131 daha da keyifli k\u0131l\u0131p, zaman kazanmak ve yemeklerin lezzetini art\u0131rmak i\u00e7in m\u00fcthi\u015f ipu\u00e7lar\u0131 ve k\u0131sa yollarla dolu.Amac\u0131m h\u0131zla azalan, evde yemek yapma al\u0131\u015fkanl\u0131\u011f\u0131 ve \u00e7e\u015fitlili\u011fi tekrar hayat\u0131m\u0131za katmak; gittik\u00e7e t\u00fcketime y\u00f6neltilen hayat\u0131m\u0131zda, \u00fcreterek t\u00fcketmenin keyfini ya\u015famak\u2026Tariflerde kaybolmamak i\u00e7in \u00f6nemli ad\u0131mlar\u0131n foto\u011fraflar\u0131yla ve kritik yerlerde ipu\u00e7lar\u0131 vererek haz\u0131rlad\u0131k bu kitab\u0131.Keyfini \u00e7\u0131karman\u0131z dile\u011fiyle\u2026<\/p>\n","protected":false},"excerpt":{"rendered":"<p>H\u0131zl\u0131 Tarifler\u2019in her bir tarifi mutfakta ge\u00e7irdi\u011finiz zaman\u0131 daha da keyifli k\u0131l\u0131p, zaman kazanmak ve yemeklerin lezzetini art\u0131rmak i\u00e7in m\u00fcthi\u015f ipu\u00e7lar\u0131 ve k\u0131sa yollarla dolu.Amac\u0131m h\u0131zla<span class=\"excerpt-hellip\"> [\u2026]<\/span><\/p>\n","protected":false},"featured_media":0,"template":"","meta":{"_monsterinsights_skip_tracking":false,"_monsterinsights_sitenote_active":false,"_monsterinsights_sitenote_note":"","_monsterinsights_sitenote_category":0},"product_brand":[],"product_cat":[12458,12457],"product_tag":[],"class_list":{"0":"post-778510","1":"product","2":"type-product","3":"status-publish","5":"product_cat-turk-mutfagi","6":"product_cat-yemek-kitaplari","7":"pa_cilt-ciltsiz","8":"pa_tur-kitap","9":"pa_yayinevi-alfa-yayinlari","10":"pa_yazar-refika-birgul","12":"first","13":"instock","14":"sale","15":"shipping-taxable","16":"purchasable","17":"product-type-simple"},"_links":{"self":[{"href":"https:\/\/roveyayinevi.com.tr\/index.php\/wp-json\/wp\/v2\/product\/778510","targetHints":{"allow":["GET"]}}],"collection":[{"href":"https:\/\/roveyayinevi.com.tr\/index.php\/wp-json\/wp\/v2\/product"}],"about":[{"href":"https:\/\/roveyayinevi.com.tr\/index.php\/wp-json\/wp\/v2\/types\/product"}],"wp:attachment":[{"href":"https:\/\/roveyayinevi.com.tr\/index.php\/wp-json\/wp\/v2\/media?parent=778510"}],"wp:term":[{"taxonomy":"product_brand","embeddable":true,"href":"https:\/\/roveyayinevi.com.tr\/index.php\/wp-json\/wp\/v2\/product_brand?post=778510"},{"taxonomy":"product_cat","embeddable":true,"href":"https:\/\/roveyayinevi.com.tr\/index.php\/wp-json\/wp\/v2\/product_cat?post=778510"},{"taxonomy":"product_tag","embeddable":true,"href":"https:\/\/roveyayinevi.com.tr\/index.php\/wp-json\/wp\/v2\/product_tag?post=778510"}],"curies":[{"name":"wp","href":"https:\/\/api.w.org\/{rel}","templated":true}]}}