{"id":778508,"date":"2025-11-19T18:36:25","date_gmt":"2025-11-19T15:36:25","guid":{"rendered":"https:\/\/roveyayinevi.com.tr\/index.php\/urun\/bu-robotlar-cok-akilli\/"},"modified":"2026-04-16T02:36:39","modified_gmt":"2026-04-15T23:36:39","slug":"bu-robotlar-cok-akilli","status":"publish","type":"product","link":"https:\/\/roveyayinevi.com.tr\/index.php\/urun\/bu-robotlar-cok-akilli\/","title":{"rendered":"Bu Robotlar \u00c7ok Ak\u0131ll\u0131"},"content":{"rendered":"<p>Ak\u0131ll\u0131 makineler hayat\u0131m\u0131z\u0131 k\u00f6kten de\u011fi\u015ftirerek bizi yeni bir d\u00f6neme ta\u015f\u0131yabilir. Bu heyecan verici olas\u0131l\u0131\u011f\u0131, yapay zek\u00e2 teknolojilerine k\u0131saca bakarak de\u011ferlendiren bu kitap, bir yandan yapay zek\u00e2n\u0131n gizemli derinliklerindeki bilinmezleri ayd\u0131nlat\u0131rken bir yandan da okurlar\u0131n\u0131n \u00f6n\u00fcne yepyeni s\u0131rlar koyuyor.Hayat bize sunulmu\u015f bir arma\u011fan. Onu anlaml\u0131 k\u0131lman\u0131n ve bo\u015fa harcamaman\u0131n yolu \u00e7al\u0131\u015f\u0131p \u00fcretmekten ge\u00e7iyor. \u00d6n\u00fcm\u00fczde yapay zek\u00e2 teknolojileriyle daha \u00e7ok kar\u015f\u0131la\u015faca\u011f\u0131m\u0131z u\u00e7suz bucaks\u0131z bir gelecek var. \u00d6yleyse tam yol ileri.<\/p>\n","protected":false},"excerpt":{"rendered":"<p>Ak\u0131ll\u0131 makineler hayat\u0131m\u0131z\u0131 k\u00f6kten de\u011fi\u015ftirerek bizi yeni bir d\u00f6neme ta\u015f\u0131yabilir. Bu heyecan verici olas\u0131l\u0131\u011f\u0131, yapay zek\u00e2 teknolojilerine k\u0131saca bakarak de\u011ferlendiren bu kitap, bir yandan yapay zek\u00e2n\u0131n<span class=\"excerpt-hellip\"> [\u2026]<\/span><\/p>\n","protected":false},"featured_media":0,"template":"","meta":{"_monsterinsights_skip_tracking":false,"_monsterinsights_sitenote_active":false,"_monsterinsights_sitenote_note":"","_monsterinsights_sitenote_category":0},"product_brand":[],"product_cat":[13829,12274],"product_tag":[],"class_list":{"0":"post-778508","1":"product","2":"type-product","3":"status-publish","5":"product_cat-bilimsel-kitaplar","6":"product_cat-cocuk-ve-genclik-kitaplari","7":"pa_cilt-ciltsiz","8":"pa_tur-kitap","9":"pa_yayinevi-dogan-egmont-yayincilik","10":"pa_yazar-toprak-isik-yilmaz-kilicarslan","12":"first","13":"instock","14":"sale","15":"shipping-taxable","16":"purchasable","17":"product-type-simple"},"_links":{"self":[{"href":"https:\/\/roveyayinevi.com.tr\/index.php\/wp-json\/wp\/v2\/product\/778508","targetHints":{"allow":["GET"]}}],"collection":[{"href":"https:\/\/roveyayinevi.com.tr\/index.php\/wp-json\/wp\/v2\/product"}],"about":[{"href":"https:\/\/roveyayinevi.com.tr\/index.php\/wp-json\/wp\/v2\/types\/product"}],"wp:attachment":[{"href":"https:\/\/roveyayinevi.com.tr\/index.php\/wp-json\/wp\/v2\/media?parent=778508"}],"wp:term":[{"taxonomy":"product_brand","embeddable":true,"href":"https:\/\/roveyayinevi.com.tr\/index.php\/wp-json\/wp\/v2\/product_brand?post=778508"},{"taxonomy":"product_cat","embeddable":true,"href":"https:\/\/roveyayinevi.com.tr\/index.php\/wp-json\/wp\/v2\/product_cat?post=778508"},{"taxonomy":"product_tag","embeddable":true,"href":"https:\/\/roveyayinevi.com.tr\/index.php\/wp-json\/wp\/v2\/product_tag?post=778508"}],"curies":[{"name":"wp","href":"https:\/\/api.w.org\/{rel}","templated":true}]}}