{"id":778507,"date":"2025-11-19T18:13:55","date_gmt":"2025-11-19T15:13:55","guid":{"rendered":"https:\/\/roveyayinevi.com.tr\/index.php\/urun\/kayip-zamaninin-cocuklari-istanbullu-bulgarlar\/"},"modified":"2026-04-16T02:33:36","modified_gmt":"2026-04-15T23:33:36","slug":"kayip-zamaninin-cocuklari-istanbullu-bulgarlar","status":"publish","type":"product","link":"https:\/\/roveyayinevi.com.tr\/index.php\/urun\/kayip-zamaninin-cocuklari-istanbullu-bulgarlar\/","title":{"rendered":"Kay\u0131p Zaman\u0131n\u0131n \u00c7ocuklar\u0131 &amp; \u0130stanbullu Bulgarlar"},"content":{"rendered":"<p>D\u00fcnya \u00fczerinde hangi kent \u0130stanbul gibi k\u00f6kl\u00fc bir tarihe sahip? Ne yaz\u0131k ki, bu \u015fehrin tarihini tarih yapan elementler antika bir saatin sarka\u00e7lar\u0131 aras\u0131nda nefessiz kalm\u0131\u015f. Zaman da haf\u0131zalar\u0131m\u0131z gibi durmu\u015f. Oysa bizler, d\u00fcnden haberimiz olmadan bug\u00fcn\u00fc ya\u015fayabilece\u011fimiz sanr\u0131s\u0131yla yola devam edebilme gayretindeyiz\u2026\u2018Kay\u0131p Zaman\u0131n \u00c7ocuklar\u0131 &amp; \u0130stanbullu Bulgarlar\u2019 isimli bu kitapla sizleri bir zaman yolculu\u011funa \u00e7\u0131kmaya davet ediyorum. Birlikte haf\u0131zalar\u0131m\u0131za \u00e7\u00f6ken tozlar\u0131 silece\u011fiz, yollar\u0131m\u0131z\u0131n \u00fczerindeki t\u00fcm kapal\u0131 kap\u0131lar\u0131 a\u00e7\u0131p \u0130stanbul\u2019a, daha do\u011frusu kendimize g\u00f6z ataca\u011f\u0131z. Sonra Hali\u00e7 k\u0131y\u0131lar\u0131na inece\u011fiz. \u0130stanbul\u2019un y\u00fczy\u0131llard\u0131r \u00e7arpmakta olan e\u015fsiz kalbinin s\u0131cac\u0131k ritimlerine elimizi dokunduraca\u011f\u0131z. Ve inan\u0131n, sayfalar aras\u0131nda yolculuk yaparken nefessiz kalan zaman\u0131 antika sarkac\u0131n k\u0131skac\u0131ndan kurtaraca\u011f\u0131z.Zaman\u0131m\u0131za geri d\u00f6nmeden \u0130stanbul\u2019un \u015fiirsel, ye\u015fil tepelerinden birinde soluklanaca\u011f\u0131z. Ve ben sizlere Balkanlardan \u0130stanbul\u2019a uzanan bir Slav Masal\u0131\u2019n\u0131 anlataca\u011f\u0131m. Anlataca\u011f\u0131m masalda \u2018K\u00f6t\u00fc b\u00fcy\u00fcc\u00fcler\u2019 yerine politikalar; \u2018devler\u2019, \u2018prensesler\u2019 ya da \u2018prensler\u2019 yerine i\u00e7imizden insanlar ve en \u00f6nemlisi \u2018mutlu son\u2019 yerine ya\u015fanm\u0131\u015fl\u0131klar var.Peki siz bana inan\u0131p yolculu\u011fa \u00e7\u0131kmaya haz\u0131r m\u0131s\u0131n\u0131z?<\/p>\n","protected":false},"excerpt":{"rendered":"<p>D\u00fcnya \u00fczerinde hangi kent \u0130stanbul gibi k\u00f6kl\u00fc bir tarihe sahip? Ne yaz\u0131k ki, bu \u015fehrin tarihini tarih yapan elementler antika bir saatin sarka\u00e7lar\u0131 aras\u0131nda nefessiz kalm\u0131\u015f.<span class=\"excerpt-hellip\"> [\u2026]<\/span><\/p>\n","protected":false},"featured_media":0,"template":"","meta":{"_monsterinsights_skip_tracking":false,"_monsterinsights_sitenote_active":false,"_monsterinsights_sitenote_note":"","_monsterinsights_sitenote_category":0},"product_brand":[],"product_cat":[12370,12304],"product_tag":[],"class_list":{"0":"post-778507","1":"product","2":"type-product","3":"status-publish","5":"product_cat-arastirma-inceleme","6":"product_cat-tarih","7":"pa_cilt-ciltsiz","8":"pa_tur-kitap","9":"pa_yayinevi-kuzey-isigi-yayinlari","10":"pa_yazar-vercihan-ziflioglu","12":"first","13":"instock","14":"sale","15":"shipping-taxable","16":"purchasable","17":"product-type-simple"},"_links":{"self":[{"href":"https:\/\/roveyayinevi.com.tr\/index.php\/wp-json\/wp\/v2\/product\/778507","targetHints":{"allow":["GET"]}}],"collection":[{"href":"https:\/\/roveyayinevi.com.tr\/index.php\/wp-json\/wp\/v2\/product"}],"about":[{"href":"https:\/\/roveyayinevi.com.tr\/index.php\/wp-json\/wp\/v2\/types\/product"}],"wp:attachment":[{"href":"https:\/\/roveyayinevi.com.tr\/index.php\/wp-json\/wp\/v2\/media?parent=778507"}],"wp:term":[{"taxonomy":"product_brand","embeddable":true,"href":"https:\/\/roveyayinevi.com.tr\/index.php\/wp-json\/wp\/v2\/product_brand?post=778507"},{"taxonomy":"product_cat","embeddable":true,"href":"https:\/\/roveyayinevi.com.tr\/index.php\/wp-json\/wp\/v2\/product_cat?post=778507"},{"taxonomy":"product_tag","embeddable":true,"href":"https:\/\/roveyayinevi.com.tr\/index.php\/wp-json\/wp\/v2\/product_tag?post=778507"}],"curies":[{"name":"wp","href":"https:\/\/api.w.org\/{rel}","templated":true}]}}