{"id":778504,"date":"2025-11-19T17:55:51","date_gmt":"2025-11-19T14:55:51","guid":{"rendered":"https:\/\/roveyayinevi.com.tr\/index.php\/urun\/amon-ra\/"},"modified":"2026-04-16T02:31:05","modified_gmt":"2026-04-15T23:31:05","slug":"amon-ra","status":"publish","type":"product","link":"https:\/\/roveyayinevi.com.tr\/index.php\/urun\/amon-ra\/","title":{"rendered":"Amon Ra"},"content":{"rendered":"<p>Amon RA: kimdir? Hz Mehdi \u0130le ba\u011flant\u0131s\u0131 nedir? Armageddon sava\u015f\u0131 ve yenid\u00fcnya d\u00fczeninin perde arkas\u0131 ve hi\u00e7 kimsenin dile getirmedi\u011fi gizlenen ger\u00e7ekler Hz Mehdi, Hz Mesih hakk\u0131nda t\u00fcm detaylar\u0131yla  Kur\u2019an \u0131\u015f\u0131\u011f\u0131nda bilgilere sahip olacaks\u0131n\u0131z. Baz\u0131 verece\u011fim bilgiler birilerini Siyonizm, Mason, \u0130lluminati ve  bunlara hizmet eden Siyasi \u00d6rg\u00fctleri  rahats\u0131z edebilir. \u00c7\u00fcnk\u00fc verilen bilgiler belge i\u00e7ermektedir. Gizli sakl\u0131 planlarla d\u00fcnyam\u0131z\u0131 kaosa sokacak tuzaklar\u0131 ve Hz Mehdi, Hz Mesih, sava\u015flar\u0131n\u0131n yakla\u015ft\u0131\u011f\u0131n\u0131 ve d\u00fc\u015fmanlar\u0131n kim oldu\u011funu Hz Mehdi, Hz Mesih kim nas\u0131l tan\u0131yacaks\u0131n\u0131z nerede zuhur edecek \u015fuan ki isimleri Kur\u2019an \u0131\u015f\u0131\u011f\u0131nda \u00f6\u011freneceksiniz.  <\/p>\n","protected":false},"excerpt":{"rendered":"<p>Amon RA: kimdir? Hz Mehdi \u0130le ba\u011flant\u0131s\u0131 nedir? Armageddon sava\u015f\u0131 ve yenid\u00fcnya d\u00fczeninin perde arkas\u0131 ve hi\u00e7 kimsenin dile getirmedi\u011fi gizlenen ger\u00e7ekler Hz Mehdi, Hz Mesih<span class=\"excerpt-hellip\"> [\u2026]<\/span><\/p>\n","protected":false},"featured_media":0,"template":"","meta":{"_monsterinsights_skip_tracking":false,"_monsterinsights_sitenote_active":false,"_monsterinsights_sitenote_note":"","_monsterinsights_sitenote_category":0},"product_brand":[],"product_cat":[16382,12718],"product_tag":[],"class_list":{"0":"post-778504","1":"product","2":"type-product","3":"status-publish","5":"product_cat-diger-inanclar","6":"product_cat-din","7":"pa_cilt-ciltsiz","8":"pa_tur-kitap","9":"pa_yayinevi-kultur-ajans-yayinlari","10":"pa_yazar-ramazan-hos","12":"first","13":"instock","14":"sale","15":"shipping-taxable","16":"purchasable","17":"product-type-simple"},"_links":{"self":[{"href":"https:\/\/roveyayinevi.com.tr\/index.php\/wp-json\/wp\/v2\/product\/778504","targetHints":{"allow":["GET"]}}],"collection":[{"href":"https:\/\/roveyayinevi.com.tr\/index.php\/wp-json\/wp\/v2\/product"}],"about":[{"href":"https:\/\/roveyayinevi.com.tr\/index.php\/wp-json\/wp\/v2\/types\/product"}],"wp:attachment":[{"href":"https:\/\/roveyayinevi.com.tr\/index.php\/wp-json\/wp\/v2\/media?parent=778504"}],"wp:term":[{"taxonomy":"product_brand","embeddable":true,"href":"https:\/\/roveyayinevi.com.tr\/index.php\/wp-json\/wp\/v2\/product_brand?post=778504"},{"taxonomy":"product_cat","embeddable":true,"href":"https:\/\/roveyayinevi.com.tr\/index.php\/wp-json\/wp\/v2\/product_cat?post=778504"},{"taxonomy":"product_tag","embeddable":true,"href":"https:\/\/roveyayinevi.com.tr\/index.php\/wp-json\/wp\/v2\/product_tag?post=778504"}],"curies":[{"name":"wp","href":"https:\/\/api.w.org\/{rel}","templated":true}]}}