{"id":778503,"date":"2025-11-19T17:44:41","date_gmt":"2025-11-19T14:44:41","guid":{"rendered":"https:\/\/roveyayinevi.com.tr\/index.php\/urun\/halifet-gazi\/"},"modified":"2026-04-16T02:29:45","modified_gmt":"2026-04-15T23:29:45","slug":"halifet-gazi","status":"publish","type":"product","link":"https:\/\/roveyayinevi.com.tr\/index.php\/urun\/halifet-gazi\/","title":{"rendered":"Halifet Gazi"},"content":{"rendered":"<p>O y\u0131llarda C\u00eeruft \u015fehrinin civar\u0131nda ormanlar vard\u0131. Yine s\u0131cak iklimli Germ-s\u00eer b\u00f6lgesinde pirin\u00e7 ve m\u0131s\u0131r yeti\u015ftirilmekte idi. Ayr\u0131ca bol miktarda her t\u00fcrl\u00fc meyveye da rastlan\u0131yordu. Bu b\u00f6lge Kufs denilen da\u011fl\u0131 bir kavmin elinde idi. Kavurd 1050 y\u0131l\u0131nda bu b\u00f6lgeyi Kufs kavminden alm\u0131\u015ft\u0131r. Kavurd bundan sonra Uman\u2019\u0131 ald\u0131. (1063) Bundan sonra Fars\u2019\u0131 ald\u0131. Sultan Tu\u011frul Bey\u2019in \u0130brahim Y\u0131nal\u2019\u0131n isyan\u0131 s\u0131ras\u0131nda karde\u015fi \u00c7a\u011fr\u0131 beyin o\u011fullar\u0131 olan Kavurd, Yakuti ve Alparslan\u2019dan yard\u0131m istemesi \u00fczerine onun yard\u0131m\u0131na gitmi\u015f, \u0130brahim Y\u0131nal\u2019\u0131n yakalanmas\u0131nda rol oynam\u0131\u015ft\u0131. <\/p>\n","protected":false},"excerpt":{"rendered":"<p>O y\u0131llarda C\u00eeruft \u015fehrinin civar\u0131nda ormanlar vard\u0131. Yine s\u0131cak iklimli Germ-s\u00eer b\u00f6lgesinde pirin\u00e7 ve m\u0131s\u0131r yeti\u015ftirilmekte idi. Ayr\u0131ca bol miktarda her t\u00fcrl\u00fc meyveye da rastlan\u0131yordu. Bu<span class=\"excerpt-hellip\"> [\u2026]<\/span><\/p>\n","protected":false},"featured_media":0,"template":"","meta":{"_monsterinsights_skip_tracking":false,"_monsterinsights_sitenote_active":false,"_monsterinsights_sitenote_note":"","_monsterinsights_sitenote_category":0},"product_brand":[],"product_cat":[12291,12745],"product_tag":[],"class_list":{"0":"post-778503","1":"product","2":"type-product","3":"status-publish","5":"product_cat-edebiyat","6":"product_cat-tarihi-roman","7":"pa_cilt-ciltsiz","8":"pa_tur-kitap","9":"pa_yayinevi-kuytu-yayinlari","10":"pa_yazar-nevzat-ocak","12":"first","13":"instock","14":"sale","15":"shipping-taxable","16":"purchasable","17":"product-type-simple"},"_links":{"self":[{"href":"https:\/\/roveyayinevi.com.tr\/index.php\/wp-json\/wp\/v2\/product\/778503","targetHints":{"allow":["GET"]}}],"collection":[{"href":"https:\/\/roveyayinevi.com.tr\/index.php\/wp-json\/wp\/v2\/product"}],"about":[{"href":"https:\/\/roveyayinevi.com.tr\/index.php\/wp-json\/wp\/v2\/types\/product"}],"wp:attachment":[{"href":"https:\/\/roveyayinevi.com.tr\/index.php\/wp-json\/wp\/v2\/media?parent=778503"}],"wp:term":[{"taxonomy":"product_brand","embeddable":true,"href":"https:\/\/roveyayinevi.com.tr\/index.php\/wp-json\/wp\/v2\/product_brand?post=778503"},{"taxonomy":"product_cat","embeddable":true,"href":"https:\/\/roveyayinevi.com.tr\/index.php\/wp-json\/wp\/v2\/product_cat?post=778503"},{"taxonomy":"product_tag","embeddable":true,"href":"https:\/\/roveyayinevi.com.tr\/index.php\/wp-json\/wp\/v2\/product_tag?post=778503"}],"curies":[{"name":"wp","href":"https:\/\/api.w.org\/{rel}","templated":true}]}}