{"id":778499,"date":"2025-11-19T16:55:18","date_gmt":"2025-11-19T13:55:18","guid":{"rendered":"https:\/\/roveyayinevi.com.tr\/index.php\/urun\/akkuzu-karakuzu-ve-kargalar\/"},"modified":"2026-04-16T02:23:20","modified_gmt":"2026-04-15T23:23:20","slug":"akkuzu-karakuzu-ve-kargalar","status":"publish","type":"product","link":"https:\/\/roveyayinevi.com.tr\/index.php\/urun\/akkuzu-karakuzu-ve-kargalar\/","title":{"rendered":"Akkuzu Karakuzu ve Kargalar"},"content":{"rendered":"<p>Renkli koyun s\u00fcr\u00fcs\u00fcnde nihayet her renkte koyun vard\u0131r! Ama aksilik bu ya, Kar\u2019\u0131n baca\u011f\u0131 katrana bulan\u0131r, dikenli bir \u00e7al\u0131 Akkuzu\u2019nun kula\u011f\u0131ndaki y\u00fcn\u00fc kopar\u0131r, Karakuzu aya\u011f\u0131n\u0131 burkar. Eh, olur b\u00f6yle \u015feyler diyeceksiniz. O kadar da \u00f6nemli de\u011fil&#8230; Tabii bu k\u00fc\u00e7\u00fck kazalara g\u00fclmekten k\u0131r\u0131lan ve zavall\u0131 koyunlarla alay eden \u00fc\u00e7 k\u00f6t\u00fc karga taraf\u0131ndan rahats\u0131z edilmiyorsan\u0131z!   <\/p>\n","protected":false},"excerpt":{"rendered":"<p>Renkli koyun s\u00fcr\u00fcs\u00fcnde nihayet her renkte koyun vard\u0131r! Ama aksilik bu ya, Kar\u2019\u0131n baca\u011f\u0131 katrana bulan\u0131r, dikenli bir \u00e7al\u0131 Akkuzu\u2019nun kula\u011f\u0131ndaki y\u00fcn\u00fc kopar\u0131r, Karakuzu aya\u011f\u0131n\u0131 burkar.<span class=\"excerpt-hellip\"> [\u2026]<\/span><\/p>\n","protected":false},"featured_media":0,"template":"","meta":{"_monsterinsights_skip_tracking":false,"_monsterinsights_sitenote_active":false,"_monsterinsights_sitenote_note":"","_monsterinsights_sitenote_category":0},"product_brand":[],"product_cat":[12275,12274],"product_tag":[],"class_list":{"0":"post-778499","1":"product","2":"type-product","3":"status-publish","5":"product_cat-6-12-yas-kitaplari","6":"product_cat-cocuk-ve-genclik-kitaplari","7":"pa_cilt-ciltsiz","8":"pa_tur-kitap","9":"pa_yayinevi-can-cocuk-yayinlari","10":"pa_yazar-stefano-bordiglioni","12":"first","13":"instock","14":"sale","15":"shipping-taxable","16":"purchasable","17":"product-type-simple"},"_links":{"self":[{"href":"https:\/\/roveyayinevi.com.tr\/index.php\/wp-json\/wp\/v2\/product\/778499","targetHints":{"allow":["GET"]}}],"collection":[{"href":"https:\/\/roveyayinevi.com.tr\/index.php\/wp-json\/wp\/v2\/product"}],"about":[{"href":"https:\/\/roveyayinevi.com.tr\/index.php\/wp-json\/wp\/v2\/types\/product"}],"wp:attachment":[{"href":"https:\/\/roveyayinevi.com.tr\/index.php\/wp-json\/wp\/v2\/media?parent=778499"}],"wp:term":[{"taxonomy":"product_brand","embeddable":true,"href":"https:\/\/roveyayinevi.com.tr\/index.php\/wp-json\/wp\/v2\/product_brand?post=778499"},{"taxonomy":"product_cat","embeddable":true,"href":"https:\/\/roveyayinevi.com.tr\/index.php\/wp-json\/wp\/v2\/product_cat?post=778499"},{"taxonomy":"product_tag","embeddable":true,"href":"https:\/\/roveyayinevi.com.tr\/index.php\/wp-json\/wp\/v2\/product_tag?post=778499"}],"curies":[{"name":"wp","href":"https:\/\/api.w.org\/{rel}","templated":true}]}}