{"id":778495,"date":"2025-11-19T16:00:42","date_gmt":"2025-11-19T13:00:42","guid":{"rendered":"https:\/\/roveyayinevi.com.tr\/index.php\/urun\/erken-cocukluk-doneminde-gelisim-1-2\/"},"modified":"2026-04-16T02:16:15","modified_gmt":"2026-04-15T23:16:15","slug":"erken-cocukluk-doneminde-gelisim-1-2","status":"publish","type":"product","link":"https:\/\/roveyayinevi.com.tr\/index.php\/urun\/erken-cocukluk-doneminde-gelisim-1-2\/","title":{"rendered":"Erken \u00c7ocukluk D\u00f6neminde Geli\u015fim 1"},"content":{"rendered":"<p>\u0130nsan geli\u015fiminde, \u00e7ocukluk d\u00f6nemi t\u00fcm ya\u015fam s\u00fcrecini etkilemesi nedeni ile deneyimler ve maruz kal\u0131nan etkiler a\u00e7\u0131s\u0131ndan b\u00fcy\u00fck \u00f6nem ta\u015f\u0131maktad\u0131r.\u00e7ocu\u011fun geli\u015fiminin kendine \u00f6zg\u00fc bir do\u011fas\u0131 bulunmaktad\u0131r. Geli\u015fimin kendine has \u00f6zellikleri, geli\u015fim ilkeleri ve geli\u015fime ili\u015fkin farkl\u0131 yakla\u015f\u0131mlarla ele al\u0131nmaktad\u0131r. Geli\u015fime etki eden etmenler y\u0131llarca tart\u0131\u015f\u0131lm\u0131\u015f ve her d\u00f6nemde \u00e7ocuk ve \u00e7ocukluk kavramlar\u0131 ve yakla\u015f\u0131mlar\u0131 farkl\u0131l\u0131k g\u00f6stermi\u015ftir.Bu kitapla; \u00e7ocuklar\u0131n farkl\u0131 geli\u015fim boyutlar\u0131nda ve farkl\u0131 ya\u015flarda \u00f6zellikleri ele al\u0131narak, onlar\u0131n etraf\u0131nda bulunan ba\u015fta anne ve baba olmak \u00fczere e\u011fitimciler, \u00f6\u011fretmenler, \u00f6\u011fretmen adaylar\u0131 ve \u00e7ocuk polisi gibi farkl\u0131 meslekler ve farkl\u0131 nedenlerle \u00e7ocukla bire bir etkile\u015fim i\u00e7inde bulunan herkesin \u00e7ocuk geli\u015fimini anlayarak \u00e7ocu\u011fu tan\u0131mas\u0131 hedeflenmi\u015ftir.Kitab\u0131n b\u00fct\u00fcn\u00fcnde 0-18 ya\u015f d\u00f6nemi \u00e7ocuklar\u0131n geli\u015fimsel \u00f6zellikleri \u00e7ocuk Haklar\u0131 S\u00f6zle\u015fmesi maddelerine dikkat \u00e7ekilerek ve aktar\u0131lan bilgilerle entegre edilerek incelenmi\u015ftir. Bu arada \u00e7al\u0131\u015fma da karikat\u00fcrlere yer verilmi\u015ftir. Bununla okuyucuya anlat\u0131lmak istenilenleri daha kuvvetli bir g\u00f6rsel ifade b\u00fct\u00fcn\u00fc ile ortaya koyarken, ayn\u0131 zamanda daha keyifli bir sunum yap\u0131labilece\u011fi inanc\u0131 ta\u015f\u0131nm\u0131\u015ft\u0131r. <\/p>\n","protected":false},"excerpt":{"rendered":"<p>\u0130nsan geli\u015fiminde, \u00e7ocukluk d\u00f6nemi t\u00fcm ya\u015fam s\u00fcrecini etkilemesi nedeni ile deneyimler ve maruz kal\u0131nan etkiler a\u00e7\u0131s\u0131ndan b\u00fcy\u00fck \u00f6nem ta\u015f\u0131maktad\u0131r.\u00e7ocu\u011fun geli\u015fiminin kendine \u00f6zg\u00fc bir do\u011fas\u0131 bulunmaktad\u0131r. Geli\u015fimin<span class=\"excerpt-hellip\"> [\u2026]<\/span><\/p>\n","protected":false},"featured_media":0,"template":"","meta":{"_monsterinsights_skip_tracking":false,"_monsterinsights_sitenote_active":false,"_monsterinsights_sitenote_note":"","_monsterinsights_sitenote_category":0},"product_brand":[],"product_cat":[12831,12324],"product_tag":[],"class_list":{"0":"post-778495","1":"product","2":"type-product","3":"status-publish","5":"product_cat-aile-ve-cocuk","6":"product_cat-sosyoloji","7":"pa_cilt-ciltsiz","8":"pa_tur-kitap","9":"pa_yayinevi-kok-yayinevi","10":"pa_yazar-mesude-atay","12":"first","13":"instock","14":"sale","15":"shipping-taxable","16":"purchasable","17":"product-type-simple"},"_links":{"self":[{"href":"https:\/\/roveyayinevi.com.tr\/index.php\/wp-json\/wp\/v2\/product\/778495","targetHints":{"allow":["GET"]}}],"collection":[{"href":"https:\/\/roveyayinevi.com.tr\/index.php\/wp-json\/wp\/v2\/product"}],"about":[{"href":"https:\/\/roveyayinevi.com.tr\/index.php\/wp-json\/wp\/v2\/types\/product"}],"wp:attachment":[{"href":"https:\/\/roveyayinevi.com.tr\/index.php\/wp-json\/wp\/v2\/media?parent=778495"}],"wp:term":[{"taxonomy":"product_brand","embeddable":true,"href":"https:\/\/roveyayinevi.com.tr\/index.php\/wp-json\/wp\/v2\/product_brand?post=778495"},{"taxonomy":"product_cat","embeddable":true,"href":"https:\/\/roveyayinevi.com.tr\/index.php\/wp-json\/wp\/v2\/product_cat?post=778495"},{"taxonomy":"product_tag","embeddable":true,"href":"https:\/\/roveyayinevi.com.tr\/index.php\/wp-json\/wp\/v2\/product_tag?post=778495"}],"curies":[{"name":"wp","href":"https:\/\/api.w.org\/{rel}","templated":true}]}}