{"id":778491,"date":"2025-11-19T14:57:37","date_gmt":"2025-11-19T11:57:37","guid":{"rendered":"https:\/\/roveyayinevi.com.tr\/index.php\/urun\/bayezid-timura-karsi\/"},"modified":"2026-04-16T02:07:52","modified_gmt":"2026-04-15T23:07:52","slug":"bayezid-timura-karsi","status":"publish","type":"product","link":"https:\/\/roveyayinevi.com.tr\/index.php\/urun\/bayezid-timura-karsi\/","title":{"rendered":"Bayezid Timur&#8217;a Kar\u015f\u0131"},"content":{"rendered":"<p>\u0130ki kudretli h\u00fck\u00fcmdar, ikisi de cihana h\u00fckmedecek g\u00fc\u00e7te, cesarette, dirayette. Biri sava\u015f dehas\u0131 olarak an\u0131lan, d\u00fcnyan\u0131n tek h\u00e2kimi olmaya cehdetmi\u015f, \u00f6n\u00fcne \u00e7\u0131kacak her engeli devirmeye ant i\u00e7mi\u015f Emir Timur. Di\u011feri Anadolu\u2019dan ye\u015feren koca \u00e7\u0131nar\u0131n, Osmanl\u0131\u2019n\u0131n gen\u00e7 padi\u015fah\u0131. Ni\u011fbolu fatihi, azmiyle, g\u00f6z\u00fc karal\u0131\u011f\u0131yla Ha\u00e7l\u0131lara korku salm\u0131\u015f, Timur\u2019a bile \u201cO yi\u011fidin g\u00f6\u00e7t\u00fc\u011f\u00fc \u00e2lemin sultanl\u0131\u011f\u0131ndan ne \u00e7\u0131kar!\u201d dedirtmi\u015f Sultan Y\u0131ld\u0131r\u0131m Bayezid. Okay Tiryakio\u011flu yeni roman\u0131 Devlerin ve Sava\u015f\u0131\u2019nda bizleri yine d\u00fcnya tarihine y\u00f6n vermi\u015f \u015fahsiyetlerle bir araya getiriyor. Emir Timur imparatorlu\u011funu bat\u0131ya do\u011fru geni\u015fletmek isterken, Y\u0131ld\u0131r\u0131m hem do\u011fuda hem bat\u0131da \u015fanl\u0131 bir m\u00fccadeleye giri\u015fiyor. Bir yandan \u0130stanbul\u2019u ku\u015fat\u0131yor, bir yandan Anadolu\u2019nun birli\u011fini sa\u011flayan ad\u0131mlar\u0131 at\u0131yor. \u0130stihbarat te\u015fkilat\u0131 Karatu\u011flar, Kanoniklerin en derin hatlar\u0131na kadar s\u0131zm\u0131\u015fken ihanet bir yerlerden y\u00fcz g\u00f6steriyor; Ha\u00e7l\u0131lar ve Emir Timur aras\u0131nda gizli bir ittifak olu\u015fuyor.  \u0130ki b\u00fcy\u00fck komutan, iki ceng\u00e2ver h\u00fck\u00fcmdar, Ankara\u2019da, \u00c7ubuk Ovas\u0131\u2019nda \u00e7arp\u0131\u015fan iki ordu ve hi\u00e7 bitmeyen nefis muhasebeleri\u2026  Belki de en b\u00fcy\u00fck \u015fanss\u0131zl\u0131klar\u0131 ayn\u0131 zamanda ya\u015famakt\u0131.      Okay Tiryakio\u011flu yenginin, yenilginin, d\u00fcnyaya h\u00fckmetmeye bir ad\u0131m kalm\u0131\u015fken kendi i\u00e7indeki sava\u015fta yenik d\u00fc\u015fmenin, onurla kaybetmenin destans\u0131 roman\u0131n\u0131 yazd\u0131\u2026 <\/p>\n","protected":false},"excerpt":{"rendered":"<p>\u0130ki kudretli h\u00fck\u00fcmdar, ikisi de cihana h\u00fckmedecek g\u00fc\u00e7te, cesarette, dirayette. Biri sava\u015f dehas\u0131 olarak an\u0131lan, d\u00fcnyan\u0131n tek h\u00e2kimi olmaya cehdetmi\u015f, \u00f6n\u00fcne \u00e7\u0131kacak her engeli devirmeye ant<span class=\"excerpt-hellip\"> [\u2026]<\/span><\/p>\n","protected":false},"featured_media":0,"template":"","meta":{"_monsterinsights_skip_tracking":false,"_monsterinsights_sitenote_active":false,"_monsterinsights_sitenote_note":"","_monsterinsights_sitenote_category":0},"product_brand":[],"product_cat":[12291,12745],"product_tag":[],"class_list":{"0":"post-778491","1":"product","2":"type-product","3":"status-publish","5":"product_cat-edebiyat","6":"product_cat-tarihi-roman","7":"pa_cilt-ciltsiz","8":"pa_tur-kitap","9":"pa_yayinevi-timas-yayinlari","10":"pa_yazar-okay-tiryakioglu","12":"first","13":"instock","14":"sale","15":"shipping-taxable","16":"purchasable","17":"product-type-simple"},"_links":{"self":[{"href":"https:\/\/roveyayinevi.com.tr\/index.php\/wp-json\/wp\/v2\/product\/778491","targetHints":{"allow":["GET"]}}],"collection":[{"href":"https:\/\/roveyayinevi.com.tr\/index.php\/wp-json\/wp\/v2\/product"}],"about":[{"href":"https:\/\/roveyayinevi.com.tr\/index.php\/wp-json\/wp\/v2\/types\/product"}],"wp:attachment":[{"href":"https:\/\/roveyayinevi.com.tr\/index.php\/wp-json\/wp\/v2\/media?parent=778491"}],"wp:term":[{"taxonomy":"product_brand","embeddable":true,"href":"https:\/\/roveyayinevi.com.tr\/index.php\/wp-json\/wp\/v2\/product_brand?post=778491"},{"taxonomy":"product_cat","embeddable":true,"href":"https:\/\/roveyayinevi.com.tr\/index.php\/wp-json\/wp\/v2\/product_cat?post=778491"},{"taxonomy":"product_tag","embeddable":true,"href":"https:\/\/roveyayinevi.com.tr\/index.php\/wp-json\/wp\/v2\/product_tag?post=778491"}],"curies":[{"name":"wp","href":"https:\/\/api.w.org\/{rel}","templated":true}]}}