{"id":778490,"date":"2025-11-19T14:55:42","date_gmt":"2025-11-19T11:55:42","guid":{"rendered":"https:\/\/roveyayinevi.com.tr\/index.php\/urun\/cografya-her-seyden-once-savas-yapmaya-yarar\/"},"modified":"2026-04-16T02:07:45","modified_gmt":"2026-04-15T23:07:45","slug":"cografya-her-seyden-once-savas-yapmaya-yarar","status":"publish","type":"product","link":"https:\/\/roveyayinevi.com.tr\/index.php\/urun\/cografya-her-seyden-once-savas-yapmaya-yarar\/","title":{"rendered":"Co\u011frafya Her \u015eeyden \u00d6nce Sava\u015f Yapmaya Yarar"},"content":{"rendered":"<p>\u201cCo\u011frafya, s\u0131k\u0131c\u0131 ve i\u015fe yaramaz bir disiplindir.\u201d Yves Lacoste, akademik ve mesleki hayat\u0131 boyunca i\u015fte bu arg\u00fcmanla m\u00fccadele etmi\u015ftir. \u00dcstelik bu, hayli g\u00fc\u00e7l\u00fc bir ak\u0131nt\u0131ya kar\u015f\u0131 k\u00fcrek \u00e7ekerek y\u00fcr\u00fctt\u00fc\u011f\u00fc bir m\u00fccadeledir: Co\u011frafyan\u0131n b\u00fct\u00fcn\u00fcyle \u201cs\u0131k\u0131c\u0131 ve i\u015fe yaramaz\u201d oldu\u011fu \u00f6\u011frenciler aras\u0131nda genel kabul g\u00f6rd\u00fc\u011f\u00fc gibi, co\u011frafyac\u0131lar\u0131n da b\u00fcy\u00fck b\u00f6l\u00fcm\u00fc bu disiplini \u201ciklim-nehirler-bitki \u00f6rt\u00fcs\u00fc-n\u00fcfus-tar\u0131m\u201d ve benzerine ili\u015fkin kuru bilgilerin aras\u0131na s\u0131k\u0131\u015ft\u0131r\u0131lm\u0131\u015f \u00f6l\u00fc bir disiplin haline getirmi\u015ftir. Oysa co\u011frafya Lacoste\u2019a g\u00f6re b\u00fct\u00fcn\u00fcyle siyasi bir aland\u0131r. Co\u011frafya Her \u015eeyden \u00d6nce Sava\u015f Yapmaya Yarar\u2019\u0131n ba\u015fl\u0131ca arg\u00fcman\u0131, stratejik bir bilgi olarak co\u011frafyan\u0131n, iktidar sahiplerinin elinde bir y\u00f6netim arac\u0131 olarak kullan\u0131ld\u0131\u011f\u0131d\u0131r. Bu ara\u00e7, Vietnam Sava\u015f\u0131\u2019nda ABD Hava Kuvvetleri\u2019nin K\u0131z\u0131l Nehir bentlerinin co\u011frafi \u00f6zelliklerini sinsice bir y\u0131k\u0131m plan\u0131nda kullanmas\u0131 \u00f6rne\u011finde oldu\u011fu gibi, do\u011frudan askeri ama\u00e7lara da hizmet edebilir. Lacoste\u2019un kendi kelimeleriyle s\u00f6yleyecek olursak, \u201cgerek \u2018fiziksel\u2019 diye adland\u0131r\u0131lan boyutlar\u0131yla, gerekse iktisadi, sosyal, demografik, siyasi \u00f6zellikleriyle mekanlar\u0131n metodik tan\u0131mlanmas\u0131 olarak co\u011frafyan\u0131n kesinlikle, pratik olarak ve g\u00fc\u00e7 olarak, devlet ayg\u0131t\u0131n\u0131n b\u00f6lgede ya\u015fayan insanlar\u0131n kontrol edilmesi ve organize edilmesi i\u00e7in ve sava\u015f i\u00e7in ifa etti\u011fi fonksiyonlar \u00e7er\u00e7evesine yerle\u015ftirilmesi gerekir\u201d.   Sert polemiklerle ilerleyen ve alan\u0131nda bir t\u00fcr \u201cyap\u0131s\u00f6k\u00fcm\u00fc\u201d ger\u00e7ekle\u015ftiren bu kitap, ilk kez 1976 y\u0131l\u0131nda kaleme al\u0131nm\u0131\u015ft\u0131r. Elinizdeki metin ise, yazar\u0131n 2012 y\u0131l\u0131nda yapt\u0131\u011f\u0131 baz\u0131 revizyonlar\u0131n yan\u0131 s\u0131ra, yazar\u0131n d\u00fc\u015f\u00fcnsel d\u00fcnyas\u0131nda belirleyici olmu\u015f bir ya\u015fam \u00f6yk\u00fcs\u00fcn\u00fc de kapsayan uzun bir yeni \u00d6ns\u00f6z\u2019\u00fc i\u00e7eriyor.<\/p>\n","protected":false},"excerpt":{"rendered":"<p>\u201cCo\u011frafya, s\u0131k\u0131c\u0131 ve i\u015fe yaramaz bir disiplindir.\u201d Yves Lacoste, akademik ve mesleki hayat\u0131 boyunca i\u015fte bu arg\u00fcmanla m\u00fccadele etmi\u015ftir. \u00dcstelik bu, hayli g\u00fc\u00e7l\u00fc bir ak\u0131nt\u0131ya kar\u015f\u0131<span class=\"excerpt-hellip\"> [\u2026]<\/span><\/p>\n","protected":false},"featured_media":0,"template":"","meta":{"_monsterinsights_skip_tracking":false,"_monsterinsights_sitenote_active":false,"_monsterinsights_sitenote_note":"","_monsterinsights_sitenote_category":0},"product_brand":[],"product_cat":[13590,12337],"product_tag":[],"class_list":{"0":"post-778490","1":"product","2":"type-product","3":"status-publish","5":"product_cat-arastirma-inceleme-politika-siyaset","6":"product_cat-politika-siyaset","7":"pa_cilt-ciltsiz","8":"pa_tur-kitap","9":"pa_yayinevi-ayrinti-yayinlari","10":"pa_yazar-yves-lacoste","12":"first","13":"instock","14":"sale","15":"shipping-taxable","16":"purchasable","17":"product-type-simple"},"_links":{"self":[{"href":"https:\/\/roveyayinevi.com.tr\/index.php\/wp-json\/wp\/v2\/product\/778490","targetHints":{"allow":["GET"]}}],"collection":[{"href":"https:\/\/roveyayinevi.com.tr\/index.php\/wp-json\/wp\/v2\/product"}],"about":[{"href":"https:\/\/roveyayinevi.com.tr\/index.php\/wp-json\/wp\/v2\/types\/product"}],"wp:attachment":[{"href":"https:\/\/roveyayinevi.com.tr\/index.php\/wp-json\/wp\/v2\/media?parent=778490"}],"wp:term":[{"taxonomy":"product_brand","embeddable":true,"href":"https:\/\/roveyayinevi.com.tr\/index.php\/wp-json\/wp\/v2\/product_brand?post=778490"},{"taxonomy":"product_cat","embeddable":true,"href":"https:\/\/roveyayinevi.com.tr\/index.php\/wp-json\/wp\/v2\/product_cat?post=778490"},{"taxonomy":"product_tag","embeddable":true,"href":"https:\/\/roveyayinevi.com.tr\/index.php\/wp-json\/wp\/v2\/product_tag?post=778490"}],"curies":[{"name":"wp","href":"https:\/\/api.w.org\/{rel}","templated":true}]}}