{"id":778489,"date":"2025-11-19T14:42:06","date_gmt":"2025-11-19T11:42:06","guid":{"rendered":"https:\/\/roveyayinevi.com.tr\/index.php\/urun\/gece-sesleri\/"},"modified":"2026-02-03T02:09:32","modified_gmt":"2026-02-02T23:09:32","slug":"gece-sesleri","status":"publish","type":"product","link":"https:\/\/roveyayinevi.com.tr\/index.php\/urun\/gece-sesleri\/","title":{"rendered":"Gece Sesleri"},"content":{"rendered":"<p>\u00c7a\u011fda\u015f T\u00fcrk edebiyat\u0131n\u0131n en sevilen, en \u00e7ok okunan yazarlar\u0131ndan biri olan Ay\u015fe Kulin, Gece Seslerinde kapal\u0131 bir yap\u0131s\u0131 olan Anadolulu T\u00fcrk ailesinin gizlerini kurcal\u0131yor. Egeli b\u00fcy\u00fck bir ailenin ku\u015faklard\u0131r i\u00e7inde gizledi\u011fi s\u0131rlar\u0131n pe\u015finde akan bu roman, \u015fa\u015f\u0131rt\u0131c\u0131 olay ak\u0131\u015f\u0131yla oldu\u011fu kadar ustal\u0131kl\u0131 kurgusuyla da okuru nefes kesen bir ser\u00fcvene s\u00fcr\u00fckl\u00fcyor. \u00d6z\u00fcnde bir ana-k\u0131z roman\u0131 olan Gece Sesleri, bir yandan ailenin bu \u00e7ok tart\u0131\u015fmal\u0131 ili\u015fkisini g\u00f6zler \u00f6n\u00fcne sererken, bir yandan da T\u00fcrk toplumunun ya\u015fad\u0131\u011f\u0131 derin sars\u0131nt\u0131lar\u0131 dile getiriyor.Yak\u0131n tarihin simalar\u0131n\u0131 ve tarihini kurguyla ger\u00e7ekli\u011fi en m\u00fckemmel bi\u00e7imde harmanlayarak ele alan Ay\u015fe Kulin, Gece Seslerinde de y\u00fcz binleri bulan okurlar\u0131 i\u00e7in neden vazge\u00e7ilmez bir yazar oldu\u011funu bir kez daha kan\u0131tl\u0131yor. <\/p>\n","protected":false},"excerpt":{"rendered":"<p>\u00c7a\u011fda\u015f T\u00fcrk edebiyat\u0131n\u0131n en sevilen, en \u00e7ok okunan yazarlar\u0131ndan biri olan Ay\u015fe Kulin, Gece Seslerinde kapal\u0131 bir yap\u0131s\u0131 olan Anadolulu T\u00fcrk ailesinin gizlerini kurcal\u0131yor. Egeli b\u00fcy\u00fck<span class=\"excerpt-hellip\"> [\u2026]<\/span><\/p>\n","protected":false},"featured_media":0,"template":"","meta":{"_monsterinsights_skip_tracking":false,"_monsterinsights_sitenote_active":false,"_monsterinsights_sitenote_note":"","_monsterinsights_sitenote_category":0},"product_brand":[],"product_cat":[12291,12711],"product_tag":[],"class_list":{"0":"post-778489","1":"product","2":"type-product","3":"status-publish","5":"product_cat-edebiyat","6":"product_cat-roman-oyku","7":"pa_cilt-ciltsiz","8":"pa_tur-kitap","9":"pa_yayinevi-everest-yayinlari","10":"pa_yazar-ayse-kulin","12":"first","13":"instock","14":"sale","15":"shipping-taxable","16":"purchasable","17":"product-type-simple"},"_links":{"self":[{"href":"https:\/\/roveyayinevi.com.tr\/index.php\/wp-json\/wp\/v2\/product\/778489","targetHints":{"allow":["GET"]}}],"collection":[{"href":"https:\/\/roveyayinevi.com.tr\/index.php\/wp-json\/wp\/v2\/product"}],"about":[{"href":"https:\/\/roveyayinevi.com.tr\/index.php\/wp-json\/wp\/v2\/types\/product"}],"wp:attachment":[{"href":"https:\/\/roveyayinevi.com.tr\/index.php\/wp-json\/wp\/v2\/media?parent=778489"}],"wp:term":[{"taxonomy":"product_brand","embeddable":true,"href":"https:\/\/roveyayinevi.com.tr\/index.php\/wp-json\/wp\/v2\/product_brand?post=778489"},{"taxonomy":"product_cat","embeddable":true,"href":"https:\/\/roveyayinevi.com.tr\/index.php\/wp-json\/wp\/v2\/product_cat?post=778489"},{"taxonomy":"product_tag","embeddable":true,"href":"https:\/\/roveyayinevi.com.tr\/index.php\/wp-json\/wp\/v2\/product_tag?post=778489"}],"curies":[{"name":"wp","href":"https:\/\/api.w.org\/{rel}","templated":true}]}}