{"id":778488,"date":"2025-11-19T14:42:01","date_gmt":"2025-11-19T11:42:01","guid":{"rendered":"https:\/\/roveyayinevi.com.tr\/index.php\/urun\/gunes-yiyen-cingene\/"},"modified":"2025-11-20T02:45:48","modified_gmt":"2025-11-19T23:45:48","slug":"gunes-yiyen-cingene","status":"publish","type":"product","link":"https:\/\/roveyayinevi.com.tr\/index.php\/urun\/gunes-yiyen-cingene\/","title":{"rendered":"G\u00fcne\u015f Yiyen \u00c7ingene"},"content":{"rendered":"<p>G\u00fcne\u015f Yiyen \u00c7ingene, T\u00fcrk \u00f6yk\u00fc sanat\u0131na zengin d\u00fc\u015fg\u00fcc\u00fc, dinamik ve \u015fa\u015f\u0131rt\u0131c\u0131 \u00fcsl\u00fbbuyla yepyeni bir renk katan Buket Uzuner\u2019in dokuz \u00f6yk\u00fcs\u00fcnden olu\u015fuyor. \u2018Gen\u00e7, modern ve kentli\u2019 diye tan\u0131mlanan anlat\u0131m\u0131yla Buket Uzuner bu kitab\u0131nda \u2018g\u00fclmek ve d\u00fc\u015flemek\u2019 eylemlerini ciddiye almam\u0131z\u0131 \u00f6neriyor. G\u00fcne\u015f Yiyen \u00e7ingene, &#8220;Eri\u015filmeyecek hi\u00e7bir \u015fey yoktur, \u00e7\u00fcnk\u00fc asl\u0131nda her \u015fey insan\u0131n kafas\u0131ndad\u0131r. G\u00fcne\u015f bile eri\u015femez de\u011fil art\u0131k!&#8221; diyor. Ve her zamanki gibi b\u00fct\u00fcn bunlar\u0131 \u00f6zg\u00fcn kara mizah ve g\u00fcler y\u00fczl\u00fc ciddiyet renkleriyle anlat\u0131yor Buket Uzuner.<\/p>\n","protected":false},"excerpt":{"rendered":"<p>G\u00fcne\u015f Yiyen \u00c7ingene, T\u00fcrk \u00f6yk\u00fc sanat\u0131na zengin d\u00fc\u015fg\u00fcc\u00fc, dinamik ve \u015fa\u015f\u0131rt\u0131c\u0131 \u00fcsl\u00fbbuyla yepyeni bir renk katan Buket Uzuner\u2019in dokuz \u00f6yk\u00fcs\u00fcnden olu\u015fuyor. \u2018Gen\u00e7, modern ve kentli\u2019 diye<span class=\"excerpt-hellip\"> [\u2026]<\/span><\/p>\n","protected":false},"featured_media":0,"template":"","meta":{"_monsterinsights_skip_tracking":false,"_monsterinsights_sitenote_active":false,"_monsterinsights_sitenote_note":"","_monsterinsights_sitenote_category":0},"product_brand":[],"product_cat":[12291,12711],"product_tag":[],"class_list":{"0":"post-778488","1":"product","2":"type-product","3":"status-publish","5":"product_cat-edebiyat","6":"product_cat-roman-oyku","7":"pa_cilt-ciltsiz","8":"pa_tur-kitap","9":"pa_yayinevi-everest-yayinlari","10":"pa_yazar-buket-uzuner","12":"first","13":"instock","14":"sale","15":"shipping-taxable","16":"purchasable","17":"product-type-simple"},"_links":{"self":[{"href":"https:\/\/roveyayinevi.com.tr\/index.php\/wp-json\/wp\/v2\/product\/778488","targetHints":{"allow":["GET"]}}],"collection":[{"href":"https:\/\/roveyayinevi.com.tr\/index.php\/wp-json\/wp\/v2\/product"}],"about":[{"href":"https:\/\/roveyayinevi.com.tr\/index.php\/wp-json\/wp\/v2\/types\/product"}],"wp:attachment":[{"href":"https:\/\/roveyayinevi.com.tr\/index.php\/wp-json\/wp\/v2\/media?parent=778488"}],"wp:term":[{"taxonomy":"product_brand","embeddable":true,"href":"https:\/\/roveyayinevi.com.tr\/index.php\/wp-json\/wp\/v2\/product_brand?post=778488"},{"taxonomy":"product_cat","embeddable":true,"href":"https:\/\/roveyayinevi.com.tr\/index.php\/wp-json\/wp\/v2\/product_cat?post=778488"},{"taxonomy":"product_tag","embeddable":true,"href":"https:\/\/roveyayinevi.com.tr\/index.php\/wp-json\/wp\/v2\/product_tag?post=778488"}],"curies":[{"name":"wp","href":"https:\/\/api.w.org\/{rel}","templated":true}]}}