{"id":778486,"date":"2025-11-19T14:07:12","date_gmt":"2025-11-19T11:07:12","guid":{"rendered":"https:\/\/roveyayinevi.com.tr\/index.php\/urun\/ataturkcu-dis-politika\/"},"modified":"2026-04-16T02:00:20","modified_gmt":"2026-04-15T23:00:20","slug":"ataturkcu-dis-politika","status":"publish","type":"product","link":"https:\/\/roveyayinevi.com.tr\/index.php\/urun\/ataturkcu-dis-politika\/","title":{"rendered":"Atat\u00fcrk\u00e7\u00fc D\u0131\u015f Politika"},"content":{"rendered":"<p>Atat\u00fcrk\u00e7\u00fc d\u0131\u015f politika, onurlu bir d\u0131\u015f politikayd\u0131! Bu d\u0131\u015f politikan\u0131n ilkeleri ve hedefleri, Atat\u00fcrk\u2019\u00fcn kendisi taraf\u0131ndan saptanm\u0131\u015f ve diplomasiyi uygulayacak olanlar da bizzat Atat\u00fcrk taraf\u0131ndan se\u00e7ilmi\u015fti. Lozan Bar\u0131\u015f Antla\u015fmas\u0131\u2019n\u0131n imzalanmas\u0131yla sava\u015f alan\u0131ndan sonra diplomasi alan\u0131nda da T\u00fcrkler, geli\u015fmi\u015f Bat\u0131 d\u00fcnyas\u0131 kar\u015f\u0131s\u0131nda b\u00fcy\u00fck bir utku kazanmaktayd\u0131. D\u00fcnya Atat\u00fcrk\u2019\u00fcn \u00f6nderli\u011finde kurulan yeni bir devleti tan\u0131maya ba\u015flam\u0131\u015ft\u0131. Bu devlet, \u00f6teki devletlerle olan sorunlar\u0131n\u0131 g\u00fc\u00e7 kullanarak de\u011fil, hukuk ve diplomasi yoluyla \u00e7\u00f6z\u00fcme kavu\u015fturmaya \u00e7al\u0131\u015f\u0131yor; fa\u015fizm ve kom\u00fcnizm gibi totaliter rejimlerin d\u00fcnyaya egemen oldu\u011fu bir zaman diliminde, demokrasi rejimine ba\u011fl\u0131l\u0131\u011f\u0131n\u0131 kan\u0131tl\u0131yordu. Yeni T\u00fcrkiye Cumhuriyeti\u2019nin d\u0131\u015f politikas\u0131, Osmanl\u0131 Devleti\u2019nin d\u0131\u015f politikas\u0131ndan t\u00fcm\u00fcyle farkl\u0131 ilkeler \u00fczerine oturtulmu\u015ftu. Yeni devletin d\u0131\u015f politikas\u0131, ancak kendini \u00f6teki devlet diplomatlar\u0131yla e\u015fit g\u00f6ren T\u00fcrk diplomatlar\u0131 eliyle y\u00fcr\u00fct\u00fclecekti. Bu, Atat\u00fcrk\u2019\u00fcn diplomasisinin \u00f6ng\u00f6rd\u00fc\u011f\u00fc en temel ilke olmu\u015ftu. Cumhuriyet\u2019in ilk diplomatlar\u0131, Birinci D\u00fcnya Sava\u015f\u0131\u2019n\u0131n galiplerini yenilgiye u\u011fratan bir devletin temsilcileri olduklar\u0131n\u0131 hi\u00e7bir zaman ak\u0131llar\u0131ndan \u00e7\u0131karmam\u0131\u015f ve bunun verdi\u011fi gurur ve g\u00fcvenle daha onurlu, daha cesur, daha ba\u015flar\u0131 dik ve daha at\u0131lgan davranabilmi\u015fti. Bu ola\u011fan\u00fcst\u00fc d\u00f6nemin d\u0131\u015f politikas\u0131n\u0131 ve diplomasisini yazarken, y\u00fcz\u00fcmde hep bir g\u00fcl\u00fcmseme, g\u00f6zlerimde bir \u0131\u015f\u0131lt\u0131 ve y\u00fcre\u011fimde de Atat\u00fcrk\u2019e kar\u015f\u0131 duydu\u011fum sonsuz sevgi ve minnet vard\u0131. Do\u00e7. Dr. H\u00fcner Tuncer  <\/p>\n","protected":false},"excerpt":{"rendered":"<p>Atat\u00fcrk\u00e7\u00fc d\u0131\u015f politika, onurlu bir d\u0131\u015f politikayd\u0131! Bu d\u0131\u015f politikan\u0131n ilkeleri ve hedefleri, Atat\u00fcrk\u2019\u00fcn kendisi taraf\u0131ndan saptanm\u0131\u015f ve diplomasiyi uygulayacak olanlar da bizzat Atat\u00fcrk taraf\u0131ndan se\u00e7ilmi\u015fti.<span class=\"excerpt-hellip\"> [\u2026]<\/span><\/p>\n","protected":false},"featured_media":0,"template":"","meta":{"_monsterinsights_skip_tracking":false,"_monsterinsights_sitenote_active":false,"_monsterinsights_sitenote_note":"","_monsterinsights_sitenote_category":0},"product_brand":[],"product_cat":[12530,12304],"product_tag":[],"class_list":{"0":"post-778486","1":"product","2":"type-product","3":"status-publish","5":"product_cat-mustafa-kemal-ataturk","6":"product_cat-tarih","7":"pa_cilt-ciltsiz","8":"pa_tur-kitap","9":"pa_yayinevi-kaynak-yayinlari","10":"pa_yazar-huner-tuncer","12":"first","13":"instock","14":"sale","15":"shipping-taxable","16":"purchasable","17":"product-type-simple"},"_links":{"self":[{"href":"https:\/\/roveyayinevi.com.tr\/index.php\/wp-json\/wp\/v2\/product\/778486","targetHints":{"allow":["GET"]}}],"collection":[{"href":"https:\/\/roveyayinevi.com.tr\/index.php\/wp-json\/wp\/v2\/product"}],"about":[{"href":"https:\/\/roveyayinevi.com.tr\/index.php\/wp-json\/wp\/v2\/types\/product"}],"wp:attachment":[{"href":"https:\/\/roveyayinevi.com.tr\/index.php\/wp-json\/wp\/v2\/media?parent=778486"}],"wp:term":[{"taxonomy":"product_brand","embeddable":true,"href":"https:\/\/roveyayinevi.com.tr\/index.php\/wp-json\/wp\/v2\/product_brand?post=778486"},{"taxonomy":"product_cat","embeddable":true,"href":"https:\/\/roveyayinevi.com.tr\/index.php\/wp-json\/wp\/v2\/product_cat?post=778486"},{"taxonomy":"product_tag","embeddable":true,"href":"https:\/\/roveyayinevi.com.tr\/index.php\/wp-json\/wp\/v2\/product_tag?post=778486"}],"curies":[{"name":"wp","href":"https:\/\/api.w.org\/{rel}","templated":true}]}}