{"id":778483,"date":"2025-11-19T14:04:04","date_gmt":"2025-11-19T11:04:04","guid":{"rendered":"https:\/\/roveyayinevi.com.tr\/index.php\/urun\/zengin-baba-finansal-iqunuzu-arttiriyor\/"},"modified":"2026-04-16T01:59:53","modified_gmt":"2026-04-15T22:59:53","slug":"zengin-baba-finansal-iqunuzu-arttiriyor","status":"publish","type":"product","link":"https:\/\/roveyayinevi.com.tr\/index.php\/urun\/zengin-baba-finansal-iqunuzu-arttiriyor\/","title":{"rendered":"Zengin Baba Finansal IQ\u2019unuzu Artt\u0131r\u0131yor"},"content":{"rendered":"<p>1997&#8217;de, Robert&#8217;in Zengin Baba Yoksul Baba kitab\u0131 okurlar\u0131 \u015fa\u015fk\u0131na \u00e7evirdi, \u015f\u00f6yle diyordu: &#8220;Eviniz bir aktif varl\u0131k de\u011fildir.&#8221; D\u00fcnyan\u0131n her yerinden protesto sesleri y\u00fckselirken, kitap uluslararas\u0131 bir \u00e7ok satar olmay\u0131 s\u00fcrd\u00fcrd\u00fc. New York Times tarihinde en \u00e7ok satanlar listesinde en uzun kalan kitaplardan biri oldu.Zengin Baba Yoksul Baba kitab\u0131 gayrimenkul \u00fczerine bir kitap de\u011fildir. Finansal e\u011fitimin \u00f6nemi \u00fczerine yaz\u0131lm\u0131\u015f bir kitapt\u0131r. Zengin Baba Yoksul Baba sizi ve sevdiklerinizi, Robert&#8217;in zengin babas\u0131n\u0131n geldi\u011fini g\u00f6rd\u00fc\u011f\u00fc finansal \u00e7alkant\u0131ya haz\u0131rlamak i\u00e7in yaz\u0131lm\u0131\u015ft\u0131.2007&#8217;de, evlerin de\u011feri d\u00fc\u015fer ya da icra yoluyla kaybedilirken, milyonlarca ev sahibi Robert&#8217;in zengin babas\u0131n\u0131n s\u00f6zlerindeki bilgeli\u011fi ac\u0131 bir \u015fekilde ke\u015ffetti. Bug\u00fcn evin pasif bir varl\u0131k olabilece\u011finin hepimiz fark\u0131nday\u0131z. Bir evin de\u011ferinin y\u00fckselip al\u00e7alabilece\u011fini hepimiz biliyoruz. Bug\u00fcn, bir ki\u015finin borsaya yat\u0131r\u0131m yaparak para kaybedebilece\u011fini hepimiz biliyoruz. Bug\u00fcn, param\u0131z\u0131n de\u011fer kaybedebilece\u011fini ve tasarruf edenlerin dahi kaybedenlerden olabilece\u011fini biliyoruz. \u0130\u015fte bu nedenle, finansal zek\u00e2n\u0131z bug\u00fcn daha \u00f6nce hi\u00e7 olmad\u0131\u011f\u0131 kadar \u00f6nemlidir. Finansal \u00e7alkant\u0131n\u0131n oldu\u011fu bir d\u00fcnyada en iyi aktif varl\u0131\u011f\u0131n\u0131z finansal IQ&#8217;nuzdur.K\u00fcresel ekonomik problemlerimizin \u00e7o\u011fu 1971&#8217;de ba\u015flad\u0131&#8230; Ba\u015fkan Nixon Amerika&#8217;y\u0131 alt\u0131n standard\u0131ndan \u00e7\u0131kard\u0131\u011f\u0131 zaman. Tarih boyunca, bir h\u00fck\u00fcmet alt\u0131n standard\u0131ndan \u00e7\u0131kt\u0131\u011f\u0131 zaman bir \u00e7alkant\u0131 \u00e7a\u011f\u0131 ba\u015flam\u0131\u015ft\u0131r.Alt\u0131n ve g\u00fcm\u00fc\u015f: Tanr\u0131 yap\u0131m\u0131 para. Amerikan dolar\u0131, yen ve avro insan yap\u0131m\u0131 paran\u0131n \u00f6rnekleridir. \u0130nsan yap\u0131m\u0131 para ger\u00e7ek paran\u0131n yerini ald\u0131\u011f\u0131nda, daima \u00e7alkant\u0131 gelir pe\u015finden. \u00c7alkant\u0131l\u0131 zamanlarda finansal IQ\u2019nuz a\u00e7\u0131n\u0131zdan \u00e7ok daha de\u011ferlidir.<\/p>\n","protected":false},"excerpt":{"rendered":"<p>1997&#8217;de, Robert&#8217;in Zengin Baba Yoksul Baba kitab\u0131 okurlar\u0131 \u015fa\u015fk\u0131na \u00e7evirdi, \u015f\u00f6yle diyordu: &#8220;Eviniz bir aktif varl\u0131k de\u011fildir.&#8221; D\u00fcnyan\u0131n her yerinden protesto sesleri y\u00fckselirken, kitap uluslararas\u0131 bir<span class=\"excerpt-hellip\"> [\u2026]<\/span><\/p>\n","protected":false},"featured_media":0,"template":"","meta":{"_monsterinsights_skip_tracking":false,"_monsterinsights_sitenote_active":false,"_monsterinsights_sitenote_note":"","_monsterinsights_sitenote_category":0},"product_brand":[],"product_cat":[13043,14754],"product_tag":[],"class_list":{"0":"post-778483","1":"product","2":"type-product","3":"status-publish","5":"product_cat-ekonomi","6":"product_cat-halkla-iliskiler-insan-kaynaklari","7":"pa_cilt-ciltsiz","8":"pa_tur-kitap","9":"pa_yayinevi-alfa-yayinlari","10":"pa_yazar-robert-t-kiyosaki","12":"first","13":"instock","14":"sale","15":"shipping-taxable","16":"purchasable","17":"product-type-simple"},"_links":{"self":[{"href":"https:\/\/roveyayinevi.com.tr\/index.php\/wp-json\/wp\/v2\/product\/778483","targetHints":{"allow":["GET"]}}],"collection":[{"href":"https:\/\/roveyayinevi.com.tr\/index.php\/wp-json\/wp\/v2\/product"}],"about":[{"href":"https:\/\/roveyayinevi.com.tr\/index.php\/wp-json\/wp\/v2\/types\/product"}],"wp:attachment":[{"href":"https:\/\/roveyayinevi.com.tr\/index.php\/wp-json\/wp\/v2\/media?parent=778483"}],"wp:term":[{"taxonomy":"product_brand","embeddable":true,"href":"https:\/\/roveyayinevi.com.tr\/index.php\/wp-json\/wp\/v2\/product_brand?post=778483"},{"taxonomy":"product_cat","embeddable":true,"href":"https:\/\/roveyayinevi.com.tr\/index.php\/wp-json\/wp\/v2\/product_cat?post=778483"},{"taxonomy":"product_tag","embeddable":true,"href":"https:\/\/roveyayinevi.com.tr\/index.php\/wp-json\/wp\/v2\/product_tag?post=778483"}],"curies":[{"name":"wp","href":"https:\/\/api.w.org\/{rel}","templated":true}]}}