{"id":778480,"date":"2025-11-13T09:14:48","date_gmt":"2025-11-13T06:14:48","guid":{"rendered":"https:\/\/roveyayinevi.com.tr\/index.php\/urun\/kizlar-annelerinin-kaderini-mi-yasar\/"},"modified":"2026-04-12T03:08:33","modified_gmt":"2026-04-12T00:08:33","slug":"kizlar-annelerinin-kaderini-mi-yasar","status":"publish","type":"product","link":"https:\/\/roveyayinevi.com.tr\/index.php\/urun\/kizlar-annelerinin-kaderini-mi-yasar\/","title":{"rendered":"K\u0131zlar Annelerinin Kaderini mi Ya\u015far"},"content":{"rendered":"<p>\u201cB\u00fct\u00fcn anneler i\u00e7lerinde k\u0131zlar\u0131n\u0131 ve b\u00fct\u00fcn k\u0131zlar da i\u00e7lerinde annelerini ta\u015f\u0131rlar.\u201d \u2013 Carl G. Jung Sen de y\u0131llar sonra t\u0131pk\u0131 annene benzedi\u011fini fark edenlerden misin? Seneler boyu onun gibi olmamak i\u00e7in ters y\u00f6ne do\u011fru ko\u015farken ac\u0131 ger\u00e7ekle y\u00fczle\u015fenlerden misin? Bug\u00fcn\u00fcm\u00fcz ge\u00e7mi\u015fte yaz\u0131ld\u0131, gelece\u011fimiz ise \u015fimdide yaz\u0131lmakta&#8230; Ba\u015f\u0131na gelen her olay\u0131 kader san\u0131p, \u00e7aresizlik hissi i\u00e7inde ya\u015fam\u0131n\u0131 s\u00fcrd\u00fcrmek yerine anne baban\u0131n, atalar\u0131n\u0131n ayak izinden \u00e7\u0131k\u0131p kendi yolunu \u00e7izmek i\u00e7in gerekenleri \u015fimdi ve burada kendi i\u00e7 eczanende bulabilirsin. Nesiller boyu aktar\u0131m\u0131 anne k\u0131z ili\u015fkisi \u00fczerinden ele alan psikoloji bilimi uzman\u0131 Bet\u00fcl Demirk\u0131ran D\u00fcndar ka\u00e7\u0131n\u0131lmaz gibi g\u00f6r\u00fcnen o yazg\u0131dan kurtulman\u0131n yollar\u0131n\u0131 anlat\u0131yor. Ad\u0131na kader denen, de\u011fi\u015fmeyece\u011fi d\u00fc\u015f\u00fcn\u00fclen \u00f6r\u00fcnt\u00fclerin anneden k\u0131za nas\u0131l aktar\u0131ld\u0131\u011f\u0131n\u0131, bu \u00e7\u0131kmazlar\u0131n nedenlerini, zihnindeki k\u00f6r noktalar\u0131 psikolojinin ve kadim bilginin rehberli\u011finde ke\u015ffedeceksin. Bilin\u00e7alt\u0131ndaki kilitli sand\u0131\u011f\u0131 a\u00e7mak ve \u00f6zg\u00fcrle\u015fmek isteyen t\u00fcm kad\u0131nlar i\u00e7in&#8230; <\/p>\n","protected":false},"excerpt":{"rendered":"<p>\u201cB\u00fct\u00fcn anneler i\u00e7lerinde k\u0131zlar\u0131n\u0131 ve b\u00fct\u00fcn k\u0131zlar da i\u00e7lerinde annelerini ta\u015f\u0131rlar.\u201d \u2013 Carl G. Jung Sen de y\u0131llar sonra t\u0131pk\u0131 annene benzedi\u011fini fark edenlerden misin? Seneler<span class=\"excerpt-hellip\"> [\u2026]<\/span><\/p>\n","protected":false},"featured_media":0,"template":"","meta":{"_monsterinsights_skip_tracking":false,"_monsterinsights_sitenote_active":false,"_monsterinsights_sitenote_note":"","_monsterinsights_sitenote_category":0},"product_brand":[],"product_cat":[12364,12376],"product_tag":[],"class_list":{"0":"post-778480","1":"product","2":"type-product","3":"status-publish","5":"product_cat-genel-konular","6":"product_cat-kisisel-gelisim","7":"pa_cilt-ciltsiz","8":"pa_tur-kitap","9":"pa_yayinevi-destek-yayinlari","10":"pa_yazar-betul-demirkiran-dundar","12":"first","13":"instock","14":"sale","15":"shipping-taxable","16":"purchasable","17":"product-type-simple"},"_links":{"self":[{"href":"https:\/\/roveyayinevi.com.tr\/index.php\/wp-json\/wp\/v2\/product\/778480","targetHints":{"allow":["GET"]}}],"collection":[{"href":"https:\/\/roveyayinevi.com.tr\/index.php\/wp-json\/wp\/v2\/product"}],"about":[{"href":"https:\/\/roveyayinevi.com.tr\/index.php\/wp-json\/wp\/v2\/types\/product"}],"wp:attachment":[{"href":"https:\/\/roveyayinevi.com.tr\/index.php\/wp-json\/wp\/v2\/media?parent=778480"}],"wp:term":[{"taxonomy":"product_brand","embeddable":true,"href":"https:\/\/roveyayinevi.com.tr\/index.php\/wp-json\/wp\/v2\/product_brand?post=778480"},{"taxonomy":"product_cat","embeddable":true,"href":"https:\/\/roveyayinevi.com.tr\/index.php\/wp-json\/wp\/v2\/product_cat?post=778480"},{"taxonomy":"product_tag","embeddable":true,"href":"https:\/\/roveyayinevi.com.tr\/index.php\/wp-json\/wp\/v2\/product_tag?post=778480"}],"curies":[{"name":"wp","href":"https:\/\/api.w.org\/{rel}","templated":true}]}}