{"id":778478,"date":"2025-11-13T08:11:22","date_gmt":"2025-11-13T05:11:22","guid":{"rendered":"https:\/\/roveyayinevi.com.tr\/index.php\/urun\/benim-super-gucum-yok-ki-ciltli\/"},"modified":"2026-04-16T02:53:58","modified_gmt":"2026-04-15T23:53:58","slug":"benim-super-gucum-yok-ki-ciltli","status":"publish","type":"product","link":"https:\/\/roveyayinevi.com.tr\/index.php\/urun\/benim-super-gucum-yok-ki-ciltli\/","title":{"rendered":"Benim S\u00fcper G\u00fcc\u00fcm Yok Ki! (Ciltli)"},"content":{"rendered":"<p>Suzi, s\u00fcper g\u00fc\u00e7 turnuvas\u0131n\u0131 izlemek i\u00e7in orman\u0131n derinliklerine do\u011fru yola koyuldu. Herkesin bir s\u00fcper g\u00fcc\u00fc vard\u0131; Suzi ise kendi yetene\u011finin ne oldu\u011funu bilmiyordu. G\u00fcn\u00fcn sonunda, arkada\u015flar\u0131 sayesinde merak etti\u011fi sorunun cevab\u0131n\u0131 buldu.   Arkada\u015fl\u0131k ve dostlu\u011fun \u00f6nemini vurgulayan kitap, yard\u0131mla\u015fma ve ke\u015ffetmenin ne kadar \u00f6nemli oldu\u011funa dikkat \u00e7ekiyor. <\/p>\n","protected":false},"excerpt":{"rendered":"<p>Suzi, s\u00fcper g\u00fc\u00e7 turnuvas\u0131n\u0131 izlemek i\u00e7in orman\u0131n derinliklerine do\u011fru yola koyuldu. Herkesin bir s\u00fcper g\u00fcc\u00fc vard\u0131; Suzi ise kendi yetene\u011finin ne oldu\u011funu bilmiyordu. G\u00fcn\u00fcn sonunda, arkada\u015flar\u0131<span class=\"excerpt-hellip\"> [\u2026]<\/span><\/p>\n","protected":false},"featured_media":0,"template":"","meta":{"_monsterinsights_skip_tracking":false,"_monsterinsights_sitenote_active":false,"_monsterinsights_sitenote_note":"","_monsterinsights_sitenote_category":0},"product_brand":[],"product_cat":[12913,12274],"product_tag":[],"class_list":{"0":"post-778478","1":"product","2":"type-product","3":"status-publish","5":"product_cat-3-6-yas-kitaplari","6":"product_cat-cocuk-ve-genclik-kitaplari","7":"pa_cilt-ciltli","8":"pa_tur-kitap","9":"pa_yayinevi-ketebe-yayinlari","10":"pa_yazar-hilal-corbacioglu","12":"first","13":"instock","14":"sale","15":"shipping-taxable","16":"purchasable","17":"product-type-simple"},"_links":{"self":[{"href":"https:\/\/roveyayinevi.com.tr\/index.php\/wp-json\/wp\/v2\/product\/778478","targetHints":{"allow":["GET"]}}],"collection":[{"href":"https:\/\/roveyayinevi.com.tr\/index.php\/wp-json\/wp\/v2\/product"}],"about":[{"href":"https:\/\/roveyayinevi.com.tr\/index.php\/wp-json\/wp\/v2\/types\/product"}],"wp:attachment":[{"href":"https:\/\/roveyayinevi.com.tr\/index.php\/wp-json\/wp\/v2\/media?parent=778478"}],"wp:term":[{"taxonomy":"product_brand","embeddable":true,"href":"https:\/\/roveyayinevi.com.tr\/index.php\/wp-json\/wp\/v2\/product_brand?post=778478"},{"taxonomy":"product_cat","embeddable":true,"href":"https:\/\/roveyayinevi.com.tr\/index.php\/wp-json\/wp\/v2\/product_cat?post=778478"},{"taxonomy":"product_tag","embeddable":true,"href":"https:\/\/roveyayinevi.com.tr\/index.php\/wp-json\/wp\/v2\/product_tag?post=778478"}],"curies":[{"name":"wp","href":"https:\/\/api.w.org\/{rel}","templated":true}]}}