{"id":778477,"date":"2025-11-13T08:03:23","date_gmt":"2025-11-13T05:03:23","guid":{"rendered":"https:\/\/roveyayinevi.com.tr\/index.php\/urun\/benim-peygamberim-hayvanlari-cok-severdi\/"},"modified":"2025-11-13T08:03:23","modified_gmt":"2025-11-13T05:03:23","slug":"benim-peygamberim-hayvanlari-cok-severdi","status":"publish","type":"product","link":"https:\/\/roveyayinevi.com.tr\/index.php\/urun\/benim-peygamberim-hayvanlari-cok-severdi\/","title":{"rendered":"Benim Peygamber&#8217;im Hayvanlar\u0131 \u00c7ok Severdi"},"content":{"rendered":"<p>Benim Peygamber&#8217;im Hayvanlar\u0131 \u00c7ok Severdi Kitap A\u00e7\u0131klamas\u0131Ne g\u00fczel bir Peygamberim var benim. Kurtlar\u0131, ku\u015flar\u0131, develeri ve kedileri, yerin alt\u0131ndaki ve \u00fcst\u00fcndeki b\u00fct\u00fcn canlar\u0131 d\u00fc\u015f\u00fcnen. haklar\u0131n\u0131 g\u00f6zeten. seven, incitmeyen&#8230; Te\u015fekk\u00fcrler Allah&#8217;\u0131m! Hem bu g\u00fczel hayvan dostlar\u0131m\u0131z hem de onlar\u0131 sevmeyi bize \u00f6\u011freten Peygamberimiz i\u00e7in&#8230;. <\/p>\n","protected":false},"excerpt":{"rendered":"<p>Benim Peygamber&#8217;im Hayvanlar\u0131 \u00c7ok Severdi Kitap A\u00e7\u0131klamas\u0131Ne g\u00fczel bir Peygamberim var benim. Kurtlar\u0131, ku\u015flar\u0131, develeri ve kedileri, yerin alt\u0131ndaki ve \u00fcst\u00fcndeki b\u00fct\u00fcn canlar\u0131 d\u00fc\u015f\u00fcnen. haklar\u0131n\u0131 g\u00f6zeten.<span class=\"excerpt-hellip\"> [\u2026]<\/span><\/p>\n","protected":false},"featured_media":0,"template":"","meta":{"_monsterinsights_skip_tracking":false,"_monsterinsights_sitenote_active":false,"_monsterinsights_sitenote_note":"","_monsterinsights_sitenote_category":0},"product_brand":[],"product_cat":[12274,12284],"product_tag":[],"class_list":{"0":"post-778477","1":"product","2":"type-product","3":"status-publish","5":"product_cat-cocuk-ve-genclik-kitaplari","6":"product_cat-hikayeler","7":"pa_cilt-ciltsiz","8":"pa_tur-kitap","9":"pa_yayinevi-cezve-cocuk","10":"pa_yazar-merve-gulcemal","12":"first","13":"instock","14":"sale","15":"shipping-taxable","16":"purchasable","17":"product-type-simple"},"_links":{"self":[{"href":"https:\/\/roveyayinevi.com.tr\/index.php\/wp-json\/wp\/v2\/product\/778477","targetHints":{"allow":["GET"]}}],"collection":[{"href":"https:\/\/roveyayinevi.com.tr\/index.php\/wp-json\/wp\/v2\/product"}],"about":[{"href":"https:\/\/roveyayinevi.com.tr\/index.php\/wp-json\/wp\/v2\/types\/product"}],"wp:attachment":[{"href":"https:\/\/roveyayinevi.com.tr\/index.php\/wp-json\/wp\/v2\/media?parent=778477"}],"wp:term":[{"taxonomy":"product_brand","embeddable":true,"href":"https:\/\/roveyayinevi.com.tr\/index.php\/wp-json\/wp\/v2\/product_brand?post=778477"},{"taxonomy":"product_cat","embeddable":true,"href":"https:\/\/roveyayinevi.com.tr\/index.php\/wp-json\/wp\/v2\/product_cat?post=778477"},{"taxonomy":"product_tag","embeddable":true,"href":"https:\/\/roveyayinevi.com.tr\/index.php\/wp-json\/wp\/v2\/product_tag?post=778477"}],"curies":[{"name":"wp","href":"https:\/\/api.w.org\/{rel}","templated":true}]}}