{"id":778474,"date":"2025-11-13T06:19:22","date_gmt":"2025-11-13T03:19:22","guid":{"rendered":"https:\/\/roveyayinevi.com.tr\/index.php\/urun\/biri-sirtimi-kasiyabilir-mi-lutfen\/"},"modified":"2026-04-16T02:34:52","modified_gmt":"2026-04-15T23:34:52","slug":"biri-sirtimi-kasiyabilir-mi-lutfen","status":"publish","type":"product","link":"https:\/\/roveyayinevi.com.tr\/index.php\/urun\/biri-sirtimi-kasiyabilir-mi-lutfen\/","title":{"rendered":"Biri S\u0131rt\u0131m\u0131 Ka\u015f\u0131yabilir Mi L\u00fctfen?"},"content":{"rendered":"<p>&#8220;Bir filsen ka\u015f\u0131nmak hi\u00e7 kolay de\u011fil.&#8221;Filin s\u0131rt\u0131 \u00e7ok ka\u015f\u0131n\u0131yordu. Birinin yard\u0131m\u0131 olmadan ka\u015f\u0131mas\u0131 imkans\u0131zd\u0131. Neyse ki kirpi bu i\u015fte \u00e7ok iyiydi. <\/p>\n","protected":false},"excerpt":{"rendered":"<p>&#8220;Bir filsen ka\u015f\u0131nmak hi\u00e7 kolay de\u011fil.&#8221;Filin s\u0131rt\u0131 \u00e7ok ka\u015f\u0131n\u0131yordu. Birinin yard\u0131m\u0131 olmadan ka\u015f\u0131mas\u0131 imkans\u0131zd\u0131. Neyse ki kirpi bu i\u015fte \u00e7ok iyiydi.<\/p>\n","protected":false},"featured_media":0,"template":"","meta":{"_monsterinsights_skip_tracking":false,"_monsterinsights_sitenote_active":false,"_monsterinsights_sitenote_note":"","_monsterinsights_sitenote_category":0},"product_brand":[],"product_cat":[12913,12274],"product_tag":[],"class_list":{"0":"post-778474","1":"product","2":"type-product","3":"status-publish","5":"product_cat-3-6-yas-kitaplari","6":"product_cat-cocuk-ve-genclik-kitaplari","7":"pa_cilt-ciltsiz","8":"pa_tur-kitap","9":"pa_yayinevi-ketebe-yayinlari","10":"pa_yazar-jory-john","12":"first","13":"instock","14":"sale","15":"shipping-taxable","16":"purchasable","17":"product-type-simple"},"_links":{"self":[{"href":"https:\/\/roveyayinevi.com.tr\/index.php\/wp-json\/wp\/v2\/product\/778474","targetHints":{"allow":["GET"]}}],"collection":[{"href":"https:\/\/roveyayinevi.com.tr\/index.php\/wp-json\/wp\/v2\/product"}],"about":[{"href":"https:\/\/roveyayinevi.com.tr\/index.php\/wp-json\/wp\/v2\/types\/product"}],"wp:attachment":[{"href":"https:\/\/roveyayinevi.com.tr\/index.php\/wp-json\/wp\/v2\/media?parent=778474"}],"wp:term":[{"taxonomy":"product_brand","embeddable":true,"href":"https:\/\/roveyayinevi.com.tr\/index.php\/wp-json\/wp\/v2\/product_brand?post=778474"},{"taxonomy":"product_cat","embeddable":true,"href":"https:\/\/roveyayinevi.com.tr\/index.php\/wp-json\/wp\/v2\/product_cat?post=778474"},{"taxonomy":"product_tag","embeddable":true,"href":"https:\/\/roveyayinevi.com.tr\/index.php\/wp-json\/wp\/v2\/product_tag?post=778474"}],"curies":[{"name":"wp","href":"https:\/\/api.w.org\/{rel}","templated":true}]}}