{"id":778472,"date":"2025-11-13T04:17:57","date_gmt":"2025-11-13T01:17:57","guid":{"rendered":"https:\/\/roveyayinevi.com.tr\/index.php\/urun\/kedi-pusheen\/"},"modified":"2026-04-16T02:18:51","modified_gmt":"2026-04-15T23:18:51","slug":"kedi-pusheen","status":"publish","type":"product","link":"https:\/\/roveyayinevi.com.tr\/index.php\/urun\/kedi-pusheen\/","title":{"rendered":"Kedi Pusheen"},"content":{"rendered":"<p>Kedi Pusheen ile tan\u0131\u015fmayan kald\u0131 m\u0131?Y\u0131llard\u0131r say\u0131s\u0131z defa payla\u015f\u0131lan Facebook emojileri ve birbirinden sevimli karikat\u00fcrleriyle milyonlarca takip\u00e7iye ula\u015farak internetin en \u00fcnl\u00fc kedisi haline gelen Pusheen, \u015fimdi kitap olarak kar\u015f\u0131n\u0131zda! Pusheen&#8217;in en sevilen karikat\u00fcrlerinden olu\u015fan bu se\u00e7ki, kedi severlerin bir numaral\u0131 kitab\u0131 olacak&#8230;&#8221;Pusheen&#8217;e de bu kitaba da bay\u0131lacaks\u0131n\u0131z.&#8221;-Matthew Inman, The Oatmeal&#8217;\u0131n kurucusu-&#8220;Kedi Pusheen, internet icat edildikten sonra herkesin &#8216;Ah ke\u015fke ilk ben bulsayd\u0131m!&#8217; dedi\u011fi \u015feydir. Hatta internetin icat edilme sebebi de Pusheen olabilir.&#8221;-Kate Beaton, Hark! A Vagrant&#8217;\u0131n yazar\u0131-&#8220;Pusheen kesinlikle internetin en sevimli kedisi!&#8221;-Anthony Clark- <\/p>\n","protected":false},"excerpt":{"rendered":"<p>Kedi Pusheen ile tan\u0131\u015fmayan kald\u0131 m\u0131?Y\u0131llard\u0131r say\u0131s\u0131z defa payla\u015f\u0131lan Facebook emojileri ve birbirinden sevimli karikat\u00fcrleriyle milyonlarca takip\u00e7iye ula\u015farak internetin en \u00fcnl\u00fc kedisi haline gelen Pusheen, \u015fimdi<span class=\"excerpt-hellip\"> [\u2026]<\/span><\/p>\n","protected":false},"featured_media":0,"template":"","meta":{"_monsterinsights_skip_tracking":false,"_monsterinsights_sitenote_active":false,"_monsterinsights_sitenote_note":"","_monsterinsights_sitenote_category":0},"product_brand":[],"product_cat":[12274,12518],"product_tag":[],"class_list":{"0":"post-778472","1":"product","2":"type-product","3":"status-publish","5":"product_cat-cocuk-ve-genclik-kitaplari","6":"product_cat-okul-oncesi-kitaplar","7":"pa_cilt-ciltsiz","8":"pa_tur-kitap","9":"pa_yayinevi-binbirkitap-yayinevi","10":"pa_yazar-claire-belton","12":"first","13":"instock","14":"sale","15":"shipping-taxable","16":"purchasable","17":"product-type-simple"},"_links":{"self":[{"href":"https:\/\/roveyayinevi.com.tr\/index.php\/wp-json\/wp\/v2\/product\/778472","targetHints":{"allow":["GET"]}}],"collection":[{"href":"https:\/\/roveyayinevi.com.tr\/index.php\/wp-json\/wp\/v2\/product"}],"about":[{"href":"https:\/\/roveyayinevi.com.tr\/index.php\/wp-json\/wp\/v2\/types\/product"}],"wp:attachment":[{"href":"https:\/\/roveyayinevi.com.tr\/index.php\/wp-json\/wp\/v2\/media?parent=778472"}],"wp:term":[{"taxonomy":"product_brand","embeddable":true,"href":"https:\/\/roveyayinevi.com.tr\/index.php\/wp-json\/wp\/v2\/product_brand?post=778472"},{"taxonomy":"product_cat","embeddable":true,"href":"https:\/\/roveyayinevi.com.tr\/index.php\/wp-json\/wp\/v2\/product_cat?post=778472"},{"taxonomy":"product_tag","embeddable":true,"href":"https:\/\/roveyayinevi.com.tr\/index.php\/wp-json\/wp\/v2\/product_tag?post=778472"}],"curies":[{"name":"wp","href":"https:\/\/api.w.org\/{rel}","templated":true}]}}