{"id":778471,"date":"2025-11-13T01:59:13","date_gmt":"2025-11-12T22:59:13","guid":{"rendered":"https:\/\/roveyayinevi.com.tr\/index.php\/urun\/etekli-iktidar\/"},"modified":"2025-11-22T02:00:11","modified_gmt":"2025-11-21T23:00:11","slug":"etekli-iktidar","status":"publish","type":"product","link":"https:\/\/roveyayinevi.com.tr\/index.php\/urun\/etekli-iktidar\/","title":{"rendered":"Etekli \u0130ktidar"},"content":{"rendered":"<p>Etekli \u0130ktidar s\u00fcrekli haklar\u0131n\u0131 geni\u015fleten kad\u0131nlar\u0131 ve k\u00f6\u015feye s\u0131k\u0131\u015f(t\u0131r\u0131l)m\u0131\u015f erkekleri anlat\u0131yor. Yazar s\u0131k\u0131 bir Erkek Haklar\u0131 Savunucusu Bu kitap; kentli, iyi e\u011fitimli, kariyerist ve \u00e7al\u0131\u015fan kad\u0131nlar\u0131n, erkeklerin nas\u0131l da can\u0131na okudu\u011funun foto\u011fraf\u0131n\u0131 \u00e7ekiyor. Sinan Aky\u00fcz, kitab\u0131nda; ezilen, oyuna getirilen, aldat\u0131lan, ailenin ge\u00e7imini sa\u011flama makinesi olarak kullan\u0131lan ahh zavall\u0131 biz erkekler den yana tavr\u0131n\u0131 koyuyor. Bu kitapta; kad\u0131n erkek ili\u015fkileri \u00fczerine s\u0131k\u0131 tespitler, uygulanabilir taktikler ve erkeklerden yana bir tav\u0131r bulacaks\u0131n\u0131z. Kad\u0131nlar bu kitapta, erkeklerin neden art\u0131k evlenmedi\u011finin, erkek\u00e7e cevab\u0131n\u0131 bulacaklar. Yazar erkeklere, oyuncu kad\u0131nlara kar\u015f\u0131, kendini koruma ve kontr-atak yapma taktikleri de veriyor.Yararl\u0131 oldu\u011fu kadar, esprili de bir kitap. Kad\u0131nlar can\u0131n\u0131za okuduk\u00e7a, bu kitab\u0131 okumay\u0131 can\u0131n\u0131z \u00e7ekecek! Uyar\u0131: Bu kitab\u0131 kar\u0131n\u0131z\u0131n\/sevgilinizin ula\u015famayaca\u011f\u0131 yerde saklay\u0131n\u0131z! \ufffcTan\u0131t\u0131m Metni<\/p>\n","protected":false},"excerpt":{"rendered":"<p>Etekli \u0130ktidar s\u00fcrekli haklar\u0131n\u0131 geni\u015fleten kad\u0131nlar\u0131 ve k\u00f6\u015feye s\u0131k\u0131\u015f(t\u0131r\u0131l)m\u0131\u015f erkekleri anlat\u0131yor. Yazar s\u0131k\u0131 bir Erkek Haklar\u0131 Savunucusu Bu kitap; kentli, iyi e\u011fitimli, kariyerist ve \u00e7al\u0131\u015fan kad\u0131nlar\u0131n,<span class=\"excerpt-hellip\"> [\u2026]<\/span><\/p>\n","protected":false},"featured_media":0,"template":"","meta":{"_monsterinsights_skip_tracking":false,"_monsterinsights_sitenote_active":false,"_monsterinsights_sitenote_note":"","_monsterinsights_sitenote_category":0},"product_brand":[],"product_cat":[17502,13488],"product_tag":[],"class_list":{"0":"post-778471","1":"product","2":"type-product","3":"status-publish","5":"product_cat-cinsellik","6":"product_cat-toplum-ve-insan","7":"pa_cilt-ciltsiz","8":"pa_tur-kitap","9":"pa_yayinevi-alfa-yayinlari","10":"pa_yazar-sinan-akyuz","12":"first","13":"instock","14":"sale","15":"shipping-taxable","16":"purchasable","17":"product-type-simple"},"_links":{"self":[{"href":"https:\/\/roveyayinevi.com.tr\/index.php\/wp-json\/wp\/v2\/product\/778471","targetHints":{"allow":["GET"]}}],"collection":[{"href":"https:\/\/roveyayinevi.com.tr\/index.php\/wp-json\/wp\/v2\/product"}],"about":[{"href":"https:\/\/roveyayinevi.com.tr\/index.php\/wp-json\/wp\/v2\/types\/product"}],"wp:attachment":[{"href":"https:\/\/roveyayinevi.com.tr\/index.php\/wp-json\/wp\/v2\/media?parent=778471"}],"wp:term":[{"taxonomy":"product_brand","embeddable":true,"href":"https:\/\/roveyayinevi.com.tr\/index.php\/wp-json\/wp\/v2\/product_brand?post=778471"},{"taxonomy":"product_cat","embeddable":true,"href":"https:\/\/roveyayinevi.com.tr\/index.php\/wp-json\/wp\/v2\/product_cat?post=778471"},{"taxonomy":"product_tag","embeddable":true,"href":"https:\/\/roveyayinevi.com.tr\/index.php\/wp-json\/wp\/v2\/product_tag?post=778471"}],"curies":[{"name":"wp","href":"https:\/\/api.w.org\/{rel}","templated":true}]}}