{"id":778469,"date":"2025-11-12T12:11:34","date_gmt":"2025-11-12T09:11:34","guid":{"rendered":"https:\/\/roveyayinevi.com.tr\/index.php\/urun\/ruhumun-duvarlari\/"},"modified":"2026-04-15T03:44:06","modified_gmt":"2026-04-15T00:44:06","slug":"ruhumun-duvarlari","status":"publish","type":"product","link":"https:\/\/roveyayinevi.com.tr\/index.php\/urun\/ruhumun-duvarlari\/","title":{"rendered":"Ruhumun Duvarlar\u0131"},"content":{"rendered":"<p>Hem cesur hem asi ruhum!Sen bu on y\u0131lda neler ya\u015fad\u0131n?Havadaki sal\u0131ncak\u2026Sen s\u0131rama\u015f\u0131klar\u0131na tutunupD\u00fcrb\u00fcn\u00fcmden olanlar\u0131 izledin. \u015eiirler; yorgun ge\u00e7en g\u00fcnlerin ard\u0131ndan verdi\u011fimiz moladan, \u015fehrin acelecili\u011finden ka\u00e7mak istedi\u011fimizde s\u0131\u011f\u0131nd\u0131\u011f\u0131m\u0131z yuvadan, kalabal\u0131klar i\u00e7inde sokak lambas\u0131 alt\u0131nda hissetti\u011fimiz yaln\u0131zl\u0131ktan, sevdi\u011fimizin g\u00f6zlerine bakt\u0131\u011f\u0131m\u0131zda kayboldu\u011fumuz da\u011flar, yollar, harabelerden, a\u011flay\u0131\u015flar\u0131m\u0131z\u0131n g\u00f6zya\u015flar\u0131 ve sevin\u00e7 \u00e7\u0131\u011fl\u0131klar\u0131m\u0131z\u0131n nidalar\u0131ndan do\u011farlar. Kaderin ayr\u0131lm\u0131\u015f kollar\u0131nda y\u00fcr\u00fcd\u00fc\u011f\u00fcm\u00fcz caddede, \u201cmonotonluk\u201d ad\u0131 alt\u0131nda ya\u015fad\u0131\u011f\u0131m\u0131z hayat\u0131n i\u00e7 sesi biz \u015fairler olur. Onlar, gece kubbedeki hangi y\u0131ld\u0131zla konu\u015ftu ve y\u0131ld\u0131z niyetine etti\u011finiz a\u015fk\u0131 bilirler. \u201cHayat\u0131m\u0131z\u0131n uzanan elleri tutamad\u0131\u011f\u0131m\u0131z\u0131n m\u0131 ku\u015fgunsun kendine? Yoksa \u0131slak c\u00fcmleler, diler mi bilmeyenlere uzat\u0131lm\u0131\u015f t\u0131ls\u0131m i\u00e7in mi?\u201d Sevgili Yazar\/\u015eair Yi\u011fit \u0130rge\u2019nin kaleminden \u00e7\u0131kan \u201cRuhumun Duvarlar\u0131 D\u00fcrb\u00fcn\u00fcmde On Sene\u201d ke\u015ffetmedi\u011finiz diyarlar\u0131n caddelerinde gezdirirken, duygular\u0131n\u0131za kap\u0131 aralayarak d\u00fc\u015f odan\u0131za misafir oluyor. Hayat\u0131n ivmesini biraz olsun kenara atmak isteyenler! Gelin, \u015fiirlerin \u00e7at\u0131s\u0131na uzan\u0131p edebiyat g\u00f6\u011f\u00fcndeki harflerin kay\u0131\u015f\u0131n\u0131 birlikte izleyelim. <\/p>\n","protected":false},"excerpt":{"rendered":"<p>Hem cesur hem asi ruhum!Sen bu on y\u0131lda neler ya\u015fad\u0131n?Havadaki sal\u0131ncak\u2026Sen s\u0131rama\u015f\u0131klar\u0131na tutunupD\u00fcrb\u00fcn\u00fcmden olanlar\u0131 izledin. \u015eiirler; yorgun ge\u00e7en g\u00fcnlerin ard\u0131ndan verdi\u011fimiz moladan, \u015fehrin acelecili\u011finden ka\u00e7mak istedi\u011fimizde<span class=\"excerpt-hellip\"> [\u2026]<\/span><\/p>\n","protected":false},"featured_media":0,"template":"","meta":{"_monsterinsights_skip_tracking":false,"_monsterinsights_sitenote_active":false,"_monsterinsights_sitenote_note":"","_monsterinsights_sitenote_category":0},"product_brand":[],"product_cat":[12291,12509],"product_tag":[],"class_list":{"0":"post-778469","1":"product","2":"type-product","3":"status-publish","5":"product_cat-edebiyat","6":"product_cat-siir","7":"pa_cilt-ciltsiz","8":"pa_tur-kitap","9":"pa_yayinevi-servet-yayinevi","10":"pa_yazar-yigit-irge","12":"first","13":"instock","14":"sale","15":"shipping-taxable","16":"purchasable","17":"product-type-simple"},"_links":{"self":[{"href":"https:\/\/roveyayinevi.com.tr\/index.php\/wp-json\/wp\/v2\/product\/778469","targetHints":{"allow":["GET"]}}],"collection":[{"href":"https:\/\/roveyayinevi.com.tr\/index.php\/wp-json\/wp\/v2\/product"}],"about":[{"href":"https:\/\/roveyayinevi.com.tr\/index.php\/wp-json\/wp\/v2\/types\/product"}],"wp:attachment":[{"href":"https:\/\/roveyayinevi.com.tr\/index.php\/wp-json\/wp\/v2\/media?parent=778469"}],"wp:term":[{"taxonomy":"product_brand","embeddable":true,"href":"https:\/\/roveyayinevi.com.tr\/index.php\/wp-json\/wp\/v2\/product_brand?post=778469"},{"taxonomy":"product_cat","embeddable":true,"href":"https:\/\/roveyayinevi.com.tr\/index.php\/wp-json\/wp\/v2\/product_cat?post=778469"},{"taxonomy":"product_tag","embeddable":true,"href":"https:\/\/roveyayinevi.com.tr\/index.php\/wp-json\/wp\/v2\/product_tag?post=778469"}],"curies":[{"name":"wp","href":"https:\/\/api.w.org\/{rel}","templated":true}]}}