{"id":778454,"date":"2025-11-12T12:11:02","date_gmt":"2025-11-12T09:11:02","guid":{"rendered":"https:\/\/roveyayinevi.com.tr\/index.php\/urun\/ne-mutlu-turkum-diyene-2\/"},"modified":"2026-04-15T03:43:49","modified_gmt":"2026-04-15T00:43:49","slug":"ne-mutlu-turkum-diyene-2","status":"publish","type":"product","link":"https:\/\/roveyayinevi.com.tr\/index.php\/urun\/ne-mutlu-turkum-diyene-2\/","title":{"rendered":"Ne Mutlu T\u00fcrk\u2019\u00fcm Diyene"},"content":{"rendered":"<p>Mustafa Kemal Atat\u00fcrk\u2019\u00fcn millet tan\u0131m\u0131nda neler var? Atat\u00fcrks\u00fcz milliyet\u00e7ilik m\u00fcmk\u00fcn m\u00fc?   Dr. \u00c7i\u011fdem Bayraktar \u00d6r yeni anayasa haz\u0131rl\u0131k s\u00fcreci ve ulus devletin tart\u0131\u015f\u0131lmaya a\u00e7\u0131lmak istendi\u011fi bir d\u00f6nemde haz\u0131rlad\u0131\u011f\u0131 Ne Mutlu T\u00fcrk\u2019\u00fcm Diyene kitab\u0131n\u0131 \u201cBir tarih kitab\u0131 de\u011fil, duru\u015f kitab\u0131\u201d olarak tan\u0131ml\u0131yor.   \u00d6ns\u00f6z\u00fcn\u00fc Dr. Alev Co\u015fkun\u2019un yazd\u0131\u011f\u0131 kitapta \u00d6r, Mustafa Kemal Atat\u00fcrk\u2019\u00fcn \u201cNe mutlu T\u00fcrk\u2019\u00fcm diyene\u201d s\u00f6z\u00fcn\u00fcn tarihsel boyutunu ve hedeflerini inceliyor.   Kitapta tarih\u00e7ilerin kutbu Prof. Dr. Halil \u0130nalc\u0131k yeni anayasa konusunda g\u00f6r\u00fc\u015flerini a\u00e7\u0131klarken, Ahmet Yavuz, TSK\u2019ya y\u00f6nelik milliyet\u00e7ilik ve \u00fcmmet\u00e7ilik tart\u0131\u015fmalar\u0131n\u0131, Sinan Meydan ise Atat\u00fcrk\u2019\u00fcn ulus kimlik olu\u015ftururken yapt\u0131rd\u0131\u011f\u0131 bilimsel \u00e7al\u0131\u015fmalar\u0131 anlat\u0131yor. Kitab\u0131n di\u011fer konuklar\u0131 ise Prof. Dr. Yusuf Hala\u00e7o\u011flu, Muazzez \u0130lmiye \u00c7\u0131\u011f, T\u00fcrker Ert\u00fcrk, Ali T\u00fcrk\u015fen, \u00c7a\u011fda\u015f Bayraktar, \u00dcmit Do\u011fan, L\u00fctf\u00fc T\u00fcrkkan, M\u00fcjdat Gezen ve Prof. Dr. \u00dcmit \u00d6zda\u011f\u2026     <\/p>\n","protected":false},"excerpt":{"rendered":"<p>Mustafa Kemal Atat\u00fcrk\u2019\u00fcn millet tan\u0131m\u0131nda neler var? Atat\u00fcrks\u00fcz milliyet\u00e7ilik m\u00fcmk\u00fcn m\u00fc? Dr. \u00c7i\u011fdem Bayraktar \u00d6r yeni anayasa haz\u0131rl\u0131k s\u00fcreci ve ulus devletin tart\u0131\u015f\u0131lmaya a\u00e7\u0131lmak istendi\u011fi bir<span class=\"excerpt-hellip\"> [\u2026]<\/span><\/p>\n","protected":false},"featured_media":0,"template":"","meta":{"_monsterinsights_skip_tracking":false,"_monsterinsights_sitenote_active":false,"_monsterinsights_sitenote_note":"","_monsterinsights_sitenote_category":0},"product_brand":[],"product_cat":[12370,12304],"product_tag":[],"class_list":{"0":"post-778454","1":"product","2":"type-product","3":"status-publish","5":"product_cat-arastirma-inceleme","6":"product_cat-tarih","7":"pa_cilt-ciltsiz","8":"pa_tur-kitap","9":"pa_yayinevi-kirmizi-kedi-yayinevi","10":"pa_yazar-cigdem-bayraktar-or","12":"first","13":"instock","14":"sale","15":"shipping-taxable","16":"purchasable","17":"product-type-simple"},"_links":{"self":[{"href":"https:\/\/roveyayinevi.com.tr\/index.php\/wp-json\/wp\/v2\/product\/778454","targetHints":{"allow":["GET"]}}],"collection":[{"href":"https:\/\/roveyayinevi.com.tr\/index.php\/wp-json\/wp\/v2\/product"}],"about":[{"href":"https:\/\/roveyayinevi.com.tr\/index.php\/wp-json\/wp\/v2\/types\/product"}],"wp:attachment":[{"href":"https:\/\/roveyayinevi.com.tr\/index.php\/wp-json\/wp\/v2\/media?parent=778454"}],"wp:term":[{"taxonomy":"product_brand","embeddable":true,"href":"https:\/\/roveyayinevi.com.tr\/index.php\/wp-json\/wp\/v2\/product_brand?post=778454"},{"taxonomy":"product_cat","embeddable":true,"href":"https:\/\/roveyayinevi.com.tr\/index.php\/wp-json\/wp\/v2\/product_cat?post=778454"},{"taxonomy":"product_tag","embeddable":true,"href":"https:\/\/roveyayinevi.com.tr\/index.php\/wp-json\/wp\/v2\/product_tag?post=778454"}],"curies":[{"name":"wp","href":"https:\/\/api.w.org\/{rel}","templated":true}]}}