{"id":778453,"date":"2025-11-12T12:11:01","date_gmt":"2025-11-12T09:11:01","guid":{"rendered":"https:\/\/roveyayinevi.com.tr\/index.php\/urun\/filozoflar-kavramlar-akimlar-sigmund-freud\/"},"modified":"2026-04-15T03:43:48","modified_gmt":"2026-04-15T00:43:48","slug":"filozoflar-kavramlar-akimlar-sigmund-freud","status":"publish","type":"product","link":"https:\/\/roveyayinevi.com.tr\/index.php\/urun\/filozoflar-kavramlar-akimlar-sigmund-freud\/","title":{"rendered":"Filozoflar Kavramlar Ak\u0131mlar &#8211; Sigmund Freud"},"content":{"rendered":"<p>Bilin\u00e7alt\u0131, hipnoz, ego, sembolizm, r\u00fcyalar\u0131n yorumlanmas\u0131, bast\u0131rma, bast\u0131r\u0131lan cinselli\u011fin ve d\u00fcrt\u00fclerin yaratt\u0131\u011f\u0131 sorunlar, \u00f6z benlik, id, s\u00fcperego, serbest \u00e7a\u011fr\u0131\u015f\u0131m, bilin\u00e7alt\u0131n\u0131n temizlenmesi ve Freud\u2019a atfedilen bunlara benzer daha nice kavram\u0131n hepsi asl\u0131nda Freud\u2019dan \u00f6nce zaten kullan\u0131lmaktayd\u0131. Freud, psikanaliz ad\u0131n\u0131 verdi\u011fi \u00e7al\u0131\u015fmalar\u0131nda derinle\u015ftik\u00e7e bunlar\u0131n hepsini bir kenara itmek zorunda kalm\u0131\u015ft\u0131r \u00e7\u00fcnk\u00fc bunlar\u0131n varl\u0131\u011f\u0131na y\u00f6nelik hi\u00e7bir somut bulguya ula\u015famam\u0131\u015ft\u0131r. Peki, Freud\u2019un psikanaliz ad\u0131n\u0131 verdi\u011fi bulu\u015fu bunlarla ilgili de\u011filse neyle ilgiliydi? Bu kitapta bu sorunun yan\u0131t\u0131n\u0131 vermeye \u00e7al\u0131\u015ft\u0131m. Bu yan\u0131t\u0131 Lacan\u2019\u0131n \u201cFreud\u2019a geri d\u00f6n\u00fc\u015f\u201d ad\u0131n\u0131 verdi\u011fi \u00e7al\u0131\u015fmas\u0131n\u0131n yard\u0131m\u0131 olmadan olu\u015fturmam olanaks\u0131z olurdu. Bu ba\u011flamda bu kitap Lacan\u2019\u0131n Freud\u2019un kuram\u0131na alternatif ve farkl\u0131 bir psikanaliz kuram\u0131 olu\u015fturdu\u011fu iddias\u0131n\u0131n \u00e7ok yanl\u0131\u015f oldu\u011funu, ayr\u0131 bir Lacanc\u0131 ya da Lacanyen bir psikanaliz bi\u00e7iminin olmad\u0131\u011f\u0131n\u0131, Lacanc\u0131 psikanalizin, Freudcu psikanalizin ger\u00e7ek anlam\u0131na geri d\u00f6nmek oldu\u011funu vurgulamak olana\u011f\u0131n\u0131 da veriyor. Freud\u2019un psikanaliz kuram\u0131n\u0131n ger\u00e7ek anlam\u0131n\u0131 anlad\u0131\u011f\u0131m\u0131zda, Lacan\u2019\u0131n yazd\u0131klar\u0131n\u0131n Freud\u2019un unutulan kuram\u0131n\u0131n sab\u0131rla g\u00fcn y\u00fcz\u00fcne \u00e7\u0131kart\u0131lmas\u0131 i\u00e7in yap\u0131lan ayr\u0131nt\u0131l\u0131 bir \u00e7al\u0131\u015fma olmaktan ba\u015fka bir \u015fey olmad\u0131\u011f\u0131n\u0131 \u015fa\u015f\u0131rarak g\u00f6r\u00fcyoruz. <\/p>\n","protected":false},"excerpt":{"rendered":"<p>Bilin\u00e7alt\u0131, hipnoz, ego, sembolizm, r\u00fcyalar\u0131n yorumlanmas\u0131, bast\u0131rma, bast\u0131r\u0131lan cinselli\u011fin ve d\u00fcrt\u00fclerin yaratt\u0131\u011f\u0131 sorunlar, \u00f6z benlik, id, s\u00fcperego, serbest \u00e7a\u011fr\u0131\u015f\u0131m, bilin\u00e7alt\u0131n\u0131n temizlenmesi ve Freud\u2019a atfedilen bunlara benzer<span class=\"excerpt-hellip\"> [\u2026]<\/span><\/p>\n","protected":false},"featured_media":0,"template":"","meta":{"_monsterinsights_skip_tracking":false,"_monsterinsights_sitenote_active":false,"_monsterinsights_sitenote_note":"","_monsterinsights_sitenote_category":0},"product_brand":[],"product_cat":[12388],"product_tag":[],"class_list":{"0":"post-778453","1":"product","2":"type-product","3":"status-publish","5":"product_cat-felsefe","6":"pa_cilt-ciltsiz","7":"pa_tur-kitap","8":"pa_yayinevi-say-yayinlari","9":"pa_yazar-mutluhan-izmir","11":"first","12":"instock","13":"sale","14":"shipping-taxable","15":"purchasable","16":"product-type-simple"},"_links":{"self":[{"href":"https:\/\/roveyayinevi.com.tr\/index.php\/wp-json\/wp\/v2\/product\/778453","targetHints":{"allow":["GET"]}}],"collection":[{"href":"https:\/\/roveyayinevi.com.tr\/index.php\/wp-json\/wp\/v2\/product"}],"about":[{"href":"https:\/\/roveyayinevi.com.tr\/index.php\/wp-json\/wp\/v2\/types\/product"}],"wp:attachment":[{"href":"https:\/\/roveyayinevi.com.tr\/index.php\/wp-json\/wp\/v2\/media?parent=778453"}],"wp:term":[{"taxonomy":"product_brand","embeddable":true,"href":"https:\/\/roveyayinevi.com.tr\/index.php\/wp-json\/wp\/v2\/product_brand?post=778453"},{"taxonomy":"product_cat","embeddable":true,"href":"https:\/\/roveyayinevi.com.tr\/index.php\/wp-json\/wp\/v2\/product_cat?post=778453"},{"taxonomy":"product_tag","embeddable":true,"href":"https:\/\/roveyayinevi.com.tr\/index.php\/wp-json\/wp\/v2\/product_tag?post=778453"}],"curies":[{"name":"wp","href":"https:\/\/api.w.org\/{rel}","templated":true}]}}