{"id":778451,"date":"2025-11-12T12:10:59","date_gmt":"2025-11-12T09:10:59","guid":{"rendered":"https:\/\/roveyayinevi.com.tr\/index.php\/urun\/finansal-longevity\/"},"modified":"2026-04-15T03:43:48","modified_gmt":"2026-04-15T00:43:48","slug":"finansal-longevity","status":"publish","type":"product","link":"https:\/\/roveyayinevi.com.tr\/index.php\/urun\/finansal-longevity\/","title":{"rendered":"Finansal Longevity"},"content":{"rendered":"<p>\u0130nsan \u00f6mr\u00fc uzuyor. Peki, finansal kaynaklar\u0131n\u0131z bu uzun yolculu\u011fa haz\u0131r m\u0131? \u201cSa\u011fl\u0131kl\u0131 ve uzun \u00f6m\u00fcrl\u00fc olma\u201d anlam\u0131na gelen longevity, art\u0131k yaln\u0131zca t\u0131p alan\u0131nda de\u011fil, insan refah\u0131n\u0131 do\u011frudan etkileyen bir\u00e7ok alanda \u00f6nem kazan\u0131yor. Refah\u0131n temel unsurlar\u0131ndan biri ise finans. \u00d6m\u00fcr uzad\u0131k\u00e7a, finansal kaynaklar\u0131n da ayn\u0131 do\u011frultuda s\u00fcrd\u00fcr\u00fclebilir olmas\u0131 gerekiyor. Finansal Longevity\u2019de servet y\u00f6netimi uzman\u0131 Michael Merlin, \u00fc\u00e7 temel \u201cfinansal hastal\u0131\u011f\u0131\u201d tan\u0131ml\u0131yor ve her biri i\u00e7in uygulanabilir \u00e7\u00f6z\u00fcmler sunuyor. Karma\u015f\u0131k finansal planlamay\u0131 anla\u015f\u0131l\u0131r ad\u0131mlara d\u00f6n\u00fc\u015ft\u00fcren Merlin, servetinizi art\u0131rman\u0131z ve gelece\u011finizi g\u00fcvence alt\u0131na alman\u0131z i\u00e7in a\u00e7\u0131k bir yol haritas\u0131 sunuyor. Bu y\u00f6ntemler sayesinde varl\u0131klar\u0131n\u0131z\u0131 b\u00fcy\u00fct\u00fcrken do\u011fru harcama al\u0131\u015fkanl\u0131klar\u0131 geli\u015ftirebilir ve gelece\u011fe daha sa\u011flam bir perspektiften bakabilirsiniz. <\/p>\n","protected":false},"excerpt":{"rendered":"<p>\u0130nsan \u00f6mr\u00fc uzuyor. Peki, finansal kaynaklar\u0131n\u0131z bu uzun yolculu\u011fa haz\u0131r m\u0131? \u201cSa\u011fl\u0131kl\u0131 ve uzun \u00f6m\u00fcrl\u00fc olma\u201d anlam\u0131na gelen longevity, art\u0131k yaln\u0131zca t\u0131p alan\u0131nda de\u011fil, insan refah\u0131n\u0131<span class=\"excerpt-hellip\"> [\u2026]<\/span><\/p>\n","protected":false},"featured_media":0,"template":"","meta":{"_monsterinsights_skip_tracking":false,"_monsterinsights_sitenote_active":false,"_monsterinsights_sitenote_note":"","_monsterinsights_sitenote_category":0},"product_brand":[],"product_cat":[17249,13043],"product_tag":[],"class_list":{"0":"post-778451","1":"product","2":"type-product","3":"status-publish","5":"product_cat-borsa-finans","6":"product_cat-ekonomi","7":"pa_cilt-ciltsiz","8":"pa_tur-kitap","9":"pa_yayinevi-say-yayinlari","10":"pa_yazar-michael-merlin","12":"first","13":"instock","14":"sale","15":"shipping-taxable","16":"purchasable","17":"product-type-simple"},"_links":{"self":[{"href":"https:\/\/roveyayinevi.com.tr\/index.php\/wp-json\/wp\/v2\/product\/778451","targetHints":{"allow":["GET"]}}],"collection":[{"href":"https:\/\/roveyayinevi.com.tr\/index.php\/wp-json\/wp\/v2\/product"}],"about":[{"href":"https:\/\/roveyayinevi.com.tr\/index.php\/wp-json\/wp\/v2\/types\/product"}],"wp:attachment":[{"href":"https:\/\/roveyayinevi.com.tr\/index.php\/wp-json\/wp\/v2\/media?parent=778451"}],"wp:term":[{"taxonomy":"product_brand","embeddable":true,"href":"https:\/\/roveyayinevi.com.tr\/index.php\/wp-json\/wp\/v2\/product_brand?post=778451"},{"taxonomy":"product_cat","embeddable":true,"href":"https:\/\/roveyayinevi.com.tr\/index.php\/wp-json\/wp\/v2\/product_cat?post=778451"},{"taxonomy":"product_tag","embeddable":true,"href":"https:\/\/roveyayinevi.com.tr\/index.php\/wp-json\/wp\/v2\/product_tag?post=778451"}],"curies":[{"name":"wp","href":"https:\/\/api.w.org\/{rel}","templated":true}]}}