{"id":778445,"date":"2025-11-12T12:10:42","date_gmt":"2025-11-12T09:10:42","guid":{"rendered":"https:\/\/roveyayinevi.com.tr\/index.php\/urun\/hayvan-davranisi-kisa-bir-giris\/"},"modified":"2026-04-15T03:43:46","modified_gmt":"2026-04-15T00:43:46","slug":"hayvan-davranisi-kisa-bir-giris","status":"publish","type":"product","link":"https:\/\/roveyayinevi.com.tr\/index.php\/urun\/hayvan-davranisi-kisa-bir-giris\/","title":{"rendered":"Hayvan Davran\u0131\u015f\u0131 &#8211; K\u0131sa Bir Giri\u015f"},"content":{"rendered":"<p>Bir ar\u0131 dans ederek kolonisine hangi bilgileri ta\u015f\u0131r? Bal\u0131k s\u00fcr\u00fcleri nas\u0131l kusursuz bir uyumla y\u00f6n de\u011fi\u015ftirir? Bug\u00fcn DNA parmak izi, genomik, bilgisayar teknolojileri ve g\u00f6r\u00fcnt\u00fc analizi gibi yeni y\u00f6ntemler, geleneksel g\u00f6zlem ve deneylerle birle\u015ferek hayvan d\u00fcnyas\u0131n\u0131 e\u015fi benzeri g\u00f6r\u00fclmemi\u015f bir ayr\u0131nt\u0131yla incelememizi ve bu gibi sorulara daha isabetli yan\u0131tlar vermemizi m\u00fcmk\u00fcn k\u0131l\u0131yor. Bu \u00f6zl\u00fc ve katmanl\u0131 kitapta Dr. Tristram D. Wyatt, hayvan davran\u0131\u015f\u0131n\u0131n evrimini, genlerle deneyimin bireysel geli\u015fim ve kolektif davran\u0131\u015flar \u00fczerindeki etkilerini ele al\u0131yor. Laboratuvar ve saha ara\u015ft\u0131rmalar\u0131na dayanan \u00e7e\u015fitli \u00f6rneklerle i\u00e7g\u00fcd\u00fc, \u00f6\u011frenme ve k\u00fclt\u00fcr kavramlar\u0131n\u0131 berrak bir dille tart\u0131\u015f\u0131yor.Hayvan Davran\u0131\u015f\u0131, hem konunun uzmanlar\u0131na hem de do\u011fay\u0131 merak eden okurlara hitap eden, a\u00e7\u0131k, ak\u0131c\u0131 ve ufuk a\u00e7\u0131c\u0131 bir giri\u015f kitab\u0131. <\/p>\n","protected":false},"excerpt":{"rendered":"<p>Bir ar\u0131 dans ederek kolonisine hangi bilgileri ta\u015f\u0131r? Bal\u0131k s\u00fcr\u00fcleri nas\u0131l kusursuz bir uyumla y\u00f6n de\u011fi\u015ftirir? Bug\u00fcn DNA parmak izi, genomik, bilgisayar teknolojileri ve g\u00f6r\u00fcnt\u00fc analizi<span class=\"excerpt-hellip\"> [\u2026]<\/span><\/p>\n","protected":false},"featured_media":0,"template":"","meta":{"_monsterinsights_skip_tracking":false,"_monsterinsights_sitenote_active":false,"_monsterinsights_sitenote_note":"","_monsterinsights_sitenote_category":0},"product_brand":[],"product_cat":[13005],"product_tag":[],"class_list":{"0":"post-778445","1":"product","2":"type-product","3":"status-publish","5":"product_cat-bilim-muhendislik","6":"pa_cilt-ciltsiz","7":"pa_tur-kitap","8":"pa_yayinevi-koc-universitesi-yayinlari","9":"pa_yazar-tristram-d-wyatt","11":"first","12":"instock","13":"sale","14":"shipping-taxable","15":"purchasable","16":"product-type-simple"},"_links":{"self":[{"href":"https:\/\/roveyayinevi.com.tr\/index.php\/wp-json\/wp\/v2\/product\/778445","targetHints":{"allow":["GET"]}}],"collection":[{"href":"https:\/\/roveyayinevi.com.tr\/index.php\/wp-json\/wp\/v2\/product"}],"about":[{"href":"https:\/\/roveyayinevi.com.tr\/index.php\/wp-json\/wp\/v2\/types\/product"}],"wp:attachment":[{"href":"https:\/\/roveyayinevi.com.tr\/index.php\/wp-json\/wp\/v2\/media?parent=778445"}],"wp:term":[{"taxonomy":"product_brand","embeddable":true,"href":"https:\/\/roveyayinevi.com.tr\/index.php\/wp-json\/wp\/v2\/product_brand?post=778445"},{"taxonomy":"product_cat","embeddable":true,"href":"https:\/\/roveyayinevi.com.tr\/index.php\/wp-json\/wp\/v2\/product_cat?post=778445"},{"taxonomy":"product_tag","embeddable":true,"href":"https:\/\/roveyayinevi.com.tr\/index.php\/wp-json\/wp\/v2\/product_tag?post=778445"}],"curies":[{"name":"wp","href":"https:\/\/api.w.org\/{rel}","templated":true}]}}