{"id":778443,"date":"2025-11-12T12:10:38","date_gmt":"2025-11-12T09:10:38","guid":{"rendered":"https:\/\/roveyayinevi.com.tr\/index.php\/urun\/gorunmez-ip-calisma-kitabi\/"},"modified":"2026-04-15T03:43:46","modified_gmt":"2026-04-15T00:43:46","slug":"gorunmez-ip-calisma-kitabi","status":"publish","type":"product","link":"https:\/\/roveyayinevi.com.tr\/index.php\/urun\/gorunmez-ip-calisma-kitabi\/","title":{"rendered":"G\u00f6r\u00fcnmez \u0130p: \u00c7al\u0131\u015fma Kitab\u0131"},"content":{"rendered":"<p>Sevgi, kay\u0131p ve ba\u011f kurma \u00fczerine iyile\u015ftirici bir yolculuk!Patrice Karst\u2019\u0131n \u00e7oksatar kitab\u0131 G\u00f6r\u00fcnmez \u0130p\u2019ten ilham alan G\u00f6r\u00fcnmez \u0130p \u00c7al\u0131\u015fma Kitab\u0131, 50\u2019den fazla yarat\u0131c\u0131 etkinlik, oyun ve yazma al\u0131\u015ft\u0131rmas\u0131yla \u00e7ocuklara ve ailelere duygular\u0131n\u0131 ifade etme, zorlay\u0131c\u0131 anlarla ba\u015fa \u00e7\u0131kma ve g\u00fc\u00e7l\u00fc ba\u011flar kurma f\u0131rsat\u0131 sunuyor.Okulun ilk g\u00fcn\u00fc, ta\u015f\u0131nma, bo\u015fanma, ayr\u0131l\u0131k, hastal\u0131k, yas ya da kay\u0131pla kar\u015f\u0131la\u015fan herkes i\u00e7in haz\u0131rlanan bu kitap, hem \u00e7ocuklar\u0131n hem de yeti\u015fkinlerin kalplerine dokunacak.Sanat terapisti Dr. Dana Wyss i\u015fbirli\u011fiyle haz\u0131rlanan bu renkli rehber, sevginin g\u00f6r\u00fcnmez ipini her zamankinden daha g\u00fc\u00e7l\u00fc hissetmenizi sa\u011flayacak.<\/p>\n","protected":false},"excerpt":{"rendered":"<p>Sevgi, kay\u0131p ve ba\u011f kurma \u00fczerine iyile\u015ftirici bir yolculuk!Patrice Karst\u2019\u0131n \u00e7oksatar kitab\u0131 G\u00f6r\u00fcnmez \u0130p\u2019ten ilham alan G\u00f6r\u00fcnmez \u0130p \u00c7al\u0131\u015fma Kitab\u0131, 50\u2019den fazla yarat\u0131c\u0131 etkinlik, oyun ve<span class=\"excerpt-hellip\"> [\u2026]<\/span><\/p>\n","protected":false},"featured_media":0,"template":"","meta":{"_monsterinsights_skip_tracking":false,"_monsterinsights_sitenote_active":false,"_monsterinsights_sitenote_note":"","_monsterinsights_sitenote_category":0},"product_brand":[],"product_cat":[12274,12284],"product_tag":[],"class_list":{"0":"post-778443","1":"product","2":"type-product","3":"status-publish","5":"product_cat-cocuk-ve-genclik-kitaplari","6":"product_cat-hikayeler","7":"pa_cilt-ciltsiz","8":"pa_tur-kitap","9":"pa_yayinevi-mundi","10":"pa_yazar-kolektif","12":"first","13":"instock","14":"sale","15":"shipping-taxable","16":"purchasable","17":"product-type-simple"},"_links":{"self":[{"href":"https:\/\/roveyayinevi.com.tr\/index.php\/wp-json\/wp\/v2\/product\/778443","targetHints":{"allow":["GET"]}}],"collection":[{"href":"https:\/\/roveyayinevi.com.tr\/index.php\/wp-json\/wp\/v2\/product"}],"about":[{"href":"https:\/\/roveyayinevi.com.tr\/index.php\/wp-json\/wp\/v2\/types\/product"}],"wp:attachment":[{"href":"https:\/\/roveyayinevi.com.tr\/index.php\/wp-json\/wp\/v2\/media?parent=778443"}],"wp:term":[{"taxonomy":"product_brand","embeddable":true,"href":"https:\/\/roveyayinevi.com.tr\/index.php\/wp-json\/wp\/v2\/product_brand?post=778443"},{"taxonomy":"product_cat","embeddable":true,"href":"https:\/\/roveyayinevi.com.tr\/index.php\/wp-json\/wp\/v2\/product_cat?post=778443"},{"taxonomy":"product_tag","embeddable":true,"href":"https:\/\/roveyayinevi.com.tr\/index.php\/wp-json\/wp\/v2\/product_tag?post=778443"}],"curies":[{"name":"wp","href":"https:\/\/api.w.org\/{rel}","templated":true}]}}