{"id":778440,"date":"2025-11-12T12:10:31","date_gmt":"2025-11-12T09:10:31","guid":{"rendered":"https:\/\/roveyayinevi.com.tr\/index.php\/urun\/ergenlik-donemim\/"},"modified":"2026-04-15T03:43:46","modified_gmt":"2026-04-15T00:43:46","slug":"ergenlik-donemim","status":"publish","type":"product","link":"https:\/\/roveyayinevi.com.tr\/index.php\/urun\/ergenlik-donemim\/","title":{"rendered":"Ergenlik D\u00f6nemim"},"content":{"rendered":"<p>Elbette ben de baz\u0131lar\u0131na kar\u015f\u0131 duygu k\u0131r\u0131nt\u0131lar\u0131 hissettim, ba\u015ftan sona a\u015fk ac\u0131s\u0131 \u00e7ekti\u011fim oldu ama t\u00fcm hayat\u0131m\u0131 ele ge\u00e7irecek t\u00fcrde bir a\u015fk ya\u015famad\u0131m. Adeta b\u00fcy\u00fcm\u00fc\u015f de k\u00fc\u00e7\u00fclm\u00fc\u015f bir \u00e7ocuktum, yeti\u015fkinlerin g\u00fcl\u00fcn\u00e7 hallerinden m\u00fcmk\u00fcn oldu\u011funca uzak durmak istedim hep.Yukio Mi\u015fima\u2019n\u0131n 1957 y\u0131l\u0131nda Myojo dergisine dikte ettirdi\u011fi an\u0131lar\u0131ndan olu\u015fan Ergenlik D\u00f6nemim, yazar\u0131n \u00e7ocukluk y\u0131llar\u0131ndan itibaren Japon e\u011fitim sistemine, sava\u015f y\u0131llar\u0131n\u0131n toplum ve birey \u00fczerindeki y\u0131k\u0131c\u0131 etkilerine, edebiyatla ve sinemayla kurdu\u011fu ki\u015fisel ba\u011flara \u0131\u015f\u0131k tutuyor. \u00dcstelik ge\u00e7mi\u015fini anlatmakla kalm\u0131yor; d\u00fc\u015f\u00fcnsel d\u00fcnyas\u0131n\u0131 \u015fekillendiren k\u0131r\u0131lma anlar\u0131n\u0131, eserlerine y\u00f6n veren kaynaklar\u0131 ve \u00f6l\u00fcmle ya\u015fam aras\u0131ndaki gerilimi son derece i\u00e7ten bir dille aktar\u0131yor.Japonca d\u0131\u015f\u0131nda ba\u015fka bir dilde ilk kez yay\u0131mlanan bu k\u0131sa ve yo\u011fun otobiyografik metin, Mi\u015fima\u2019n\u0131n y\u00fcz\u00fcnc\u00fc do\u011fum y\u0131l\u0131nda onun edebiyat\u0131na ve d\u00fcnyas\u0131na selam veren e\u015fsiz bir belge niteli\u011finde.<\/p>\n","protected":false},"excerpt":{"rendered":"<p>Elbette ben de baz\u0131lar\u0131na kar\u015f\u0131 duygu k\u0131r\u0131nt\u0131lar\u0131 hissettim, ba\u015ftan sona a\u015fk ac\u0131s\u0131 \u00e7ekti\u011fim oldu ama t\u00fcm hayat\u0131m\u0131 ele ge\u00e7irecek t\u00fcrde bir a\u015fk ya\u015famad\u0131m. Adeta b\u00fcy\u00fcm\u00fc\u015f de<span class=\"excerpt-hellip\"> [\u2026]<\/span><\/p>\n","protected":false},"featured_media":0,"template":"","meta":{"_monsterinsights_skip_tracking":false,"_monsterinsights_sitenote_active":false,"_monsterinsights_sitenote_note":"","_monsterinsights_sitenote_category":0},"product_brand":[],"product_cat":[18545,12291],"product_tag":[],"class_list":{"0":"post-778440","1":"product","2":"type-product","3":"status-publish","5":"product_cat-anlati","6":"product_cat-edebiyat","7":"pa_cilt-ciltsiz","8":"pa_tur-kitap","9":"pa_yayinevi-can-yayinlari","10":"pa_yazar-yukio-misima","12":"first","13":"instock","14":"sale","15":"shipping-taxable","16":"purchasable","17":"product-type-simple"},"_links":{"self":[{"href":"https:\/\/roveyayinevi.com.tr\/index.php\/wp-json\/wp\/v2\/product\/778440","targetHints":{"allow":["GET"]}}],"collection":[{"href":"https:\/\/roveyayinevi.com.tr\/index.php\/wp-json\/wp\/v2\/product"}],"about":[{"href":"https:\/\/roveyayinevi.com.tr\/index.php\/wp-json\/wp\/v2\/types\/product"}],"wp:attachment":[{"href":"https:\/\/roveyayinevi.com.tr\/index.php\/wp-json\/wp\/v2\/media?parent=778440"}],"wp:term":[{"taxonomy":"product_brand","embeddable":true,"href":"https:\/\/roveyayinevi.com.tr\/index.php\/wp-json\/wp\/v2\/product_brand?post=778440"},{"taxonomy":"product_cat","embeddable":true,"href":"https:\/\/roveyayinevi.com.tr\/index.php\/wp-json\/wp\/v2\/product_cat?post=778440"},{"taxonomy":"product_tag","embeddable":true,"href":"https:\/\/roveyayinevi.com.tr\/index.php\/wp-json\/wp\/v2\/product_tag?post=778440"}],"curies":[{"name":"wp","href":"https:\/\/api.w.org\/{rel}","templated":true}]}}