{"id":778438,"date":"2025-11-12T12:08:46","date_gmt":"2025-11-12T09:08:46","guid":{"rendered":"https:\/\/roveyayinevi.com.tr\/index.php\/urun\/hayat-antrenmani\/"},"modified":"2026-04-08T03:40:03","modified_gmt":"2026-04-08T00:40:03","slug":"hayat-antrenmani","status":"publish","type":"product","link":"https:\/\/roveyayinevi.com.tr\/index.php\/urun\/hayat-antrenmani\/","title":{"rendered":"Hayat Antrenman\u0131"},"content":{"rendered":"<p>Bu kitapta yer alan bilgiler de, do\u011fdu\u011fum g\u00fcnden beri maruz kald\u0131klar\u0131m, okuduklar\u0131m, okuduklar\u0131mdan anlad\u0131klar\u0131m, derlediklerim ve \u00fcst\u00fcne eklediklerim ile kaleme al\u0131nm\u0131\u015ft\u0131r. Her hal\u00fck\u00e2rda gene de \u2018ne okuyorsunuz\u2019 diye merak edenleriniz olursa, kitab\u0131n en sonunda 2020 senesinden beri tutmakta oldu\u011fum kitap listelerime g\u00f6z atabilirsiniz. \u2018Ke\u015fke daha \u00f6nce tutmaya ba\u015flasaym\u0131\u015f\u0131m\u2019 dedi\u011fim\u2026 Tabii ki bu listelerde, maaleseftir ki, okudu\u011fum makaleleri, takip etti\u011fim g\u00fcndelik yay\u0131nlar\u0131, akl\u0131na, fikrine g\u00fcvendi\u011fim ki\u015filerle belirli aral\u0131klarla yapt\u0131\u011f\u0131m \u2018fikir jimnasti\u011fi\u2019 diye betimledi\u011fim sohbetleri g\u00f6rme imk\u00e2n\u0131n\u0131z olamayacak. Umuyorum kolayl\u0131kla, akarak okunan, sizleri, sonu\u00e7lardan ziyade sorularla b\u0131rakacak bir kitap oldu\u2026 \u00d6z\u00fcm \u00d6zbay<\/p>\n","protected":false},"excerpt":{"rendered":"<p>Bu kitapta yer alan bilgiler de, do\u011fdu\u011fum g\u00fcnden beri maruz kald\u0131klar\u0131m, okuduklar\u0131m, okuduklar\u0131mdan anlad\u0131klar\u0131m, derlediklerim ve \u00fcst\u00fcne eklediklerim ile kaleme al\u0131nm\u0131\u015ft\u0131r. Her hal\u00fck\u00e2rda gene de \u2018ne<span class=\"excerpt-hellip\"> [\u2026]<\/span><\/p>\n","protected":false},"featured_media":0,"template":"","meta":{"_monsterinsights_skip_tracking":false,"_monsterinsights_sitenote_active":false,"_monsterinsights_sitenote_note":"","_monsterinsights_sitenote_category":0},"product_brand":[],"product_cat":[12364,12376],"product_tag":[],"class_list":{"0":"post-778438","1":"product","2":"type-product","3":"status-publish","5":"product_cat-genel-konular","6":"product_cat-kisisel-gelisim","7":"pa_cilt-ciltsiz","8":"pa_tur-kitap","9":"pa_yayinevi-luna-yayinlari","10":"pa_yazar-ozum-ozbay","12":"first","13":"instock","14":"sale","15":"shipping-taxable","16":"purchasable","17":"product-type-simple"},"_links":{"self":[{"href":"https:\/\/roveyayinevi.com.tr\/index.php\/wp-json\/wp\/v2\/product\/778438","targetHints":{"allow":["GET"]}}],"collection":[{"href":"https:\/\/roveyayinevi.com.tr\/index.php\/wp-json\/wp\/v2\/product"}],"about":[{"href":"https:\/\/roveyayinevi.com.tr\/index.php\/wp-json\/wp\/v2\/types\/product"}],"wp:attachment":[{"href":"https:\/\/roveyayinevi.com.tr\/index.php\/wp-json\/wp\/v2\/media?parent=778438"}],"wp:term":[{"taxonomy":"product_brand","embeddable":true,"href":"https:\/\/roveyayinevi.com.tr\/index.php\/wp-json\/wp\/v2\/product_brand?post=778438"},{"taxonomy":"product_cat","embeddable":true,"href":"https:\/\/roveyayinevi.com.tr\/index.php\/wp-json\/wp\/v2\/product_cat?post=778438"},{"taxonomy":"product_tag","embeddable":true,"href":"https:\/\/roveyayinevi.com.tr\/index.php\/wp-json\/wp\/v2\/product_tag?post=778438"}],"curies":[{"name":"wp","href":"https:\/\/api.w.org\/{rel}","templated":true}]}}