{"id":778437,"date":"2025-11-12T11:58:36","date_gmt":"2025-11-12T08:58:36","guid":{"rendered":"https:\/\/roveyayinevi.com.tr\/index.php\/urun\/makro-finansal-baglantilar-teori-ve-uygulama\/"},"modified":"2026-04-15T03:39:56","modified_gmt":"2026-04-15T00:39:56","slug":"makro-finansal-baglantilar-teori-ve-uygulama","status":"publish","type":"product","link":"https:\/\/roveyayinevi.com.tr\/index.php\/urun\/makro-finansal-baglantilar-teori-ve-uygulama\/","title":{"rendered":"Makro Finansal Ba\u011flant\u0131lar: Teori ve Uygulama"},"content":{"rendered":"<p>Ekonominin finansal ve reel kesimleri aras\u0131ndaki kar\u015f\u0131l\u0131kl\u0131 etkile\u015fimi ifade eden makro finansal ba\u011flant\u0131lar, ekonomik \u015foklar\u0131n i\u015f \u00e7evrimleri \u00fczerindeki etkilerini geni\u015fleten bir mekanizmaya sebep olabilmektedir. S\u00f6z konusu geni\u015fletici mekanizma, asimetrik bilgi, arac\u0131l\u0131k maliyetleri ve maliyetli s\u00f6zle\u015fmeler gibi finansal piyasa aksakl\u0131klar\u0131n\u0131n, finansal de\u011fi\u015fkenler ile t\u00fcketim, yat\u0131r\u0131m ve \u00e7\u0131kt\u0131 d\u00fczeyi gibi makroekonomik de\u011fi\u015fkenler aras\u0131nda kar\u015f\u0131l\u0131kl\u0131 geri besleme etkileri yaratmas\u0131 sonucunda ortaya \u00e7\u0131kmaktad\u0131r. Tam bilgi varsay\u0131m\u0131na dayal\u0131 finansal aksakl\u0131klar\u0131 dikkate almayan standart t\u00fcketim ve yat\u0131r\u0131m modellerinde, hanehalklar\u0131n\u0131n ve firmalar\u0131n zamanlar aras\u0131 harcama kararlar\u0131ndan do\u011fan, faiz oran\u0131 ve varl\u0131k fiyatlar\u0131 gibi finansal de\u011fi\u015fkenlerden t\u00fcketim ve yat\u0131r\u0131m gibi reel de\u011fi\u015fkenlere uzanan etkiler a\u00e7\u0131klanmaktad\u0131r. Fakat bu modellerde, finansal ve reel de\u011fi\u015fkenler aras\u0131ndaki toplu geri bildirim mekanizmalar\u0131na yer verilmemektedir. Di\u011fer taraftan Keynes\u2019in Genel Teorisi hari\u00e7, 1980\u2019li y\u0131llara kadar geli\u015ftirilen ana ak\u0131m makroekonomik modellerin i\u015f \u00e7evrimi teorilerinin \u00e7o\u011funda, finansal sistemin, finansal ko\u015fullar\u0131n g\u00f6z ard\u0131 edilmesine yol a\u00e7acak kadar sorunsuz ve d\u00fczg\u00fcn bir \u015fekilde \u00e7al\u0131\u015ft\u0131\u011f\u0131 varsay\u0131lmaktad\u0131r. Bu durum, i\u015f \u00e7evrimlerini etkileyen finansal fakt\u00f6rlerin geri plana at\u0131lmas\u0131na yol a\u00e7maktad\u0131r. Makroekonomik teorideki bu eksiklik, finansal ve makroekonomik istikrars\u0131zl\u0131\u011f\u0131n temel nedenlerini daha iyi a\u00e7\u0131klayan yeni modellerin geli\u015ftirildi\u011fi 1980&#8217;lerin ortalar\u0131na kadar s\u00fcrm\u00fc\u015ft\u00fcr. Bu tarihten itibaren geli\u015ftirilen ve Yeni Keynesyen modeller s\u0131n\u0131f\u0131na giren yeni finansal teoriler, finans piyasalar\u0131ndaki aksakl\u0131klar\u0131n yol a\u00e7t\u0131\u011f\u0131 makro finansal ba\u011flant\u0131lara odaklanmaktad\u0131r. Finansal aksakl\u0131klar alt\u0131nda makro finansal ba\u011flant\u0131lar, finans\u0131n hem talep taraf\u0131 hem de arz taraf\u0131 arac\u0131l\u0131\u011f\u0131yla ortaya \u00e7\u0131kabilmektedir. Finans\u0131n talep taraf\u0131nda i\u015fleyen bor\u00e7lu bilan\u00e7o kanal\u0131 ile arz taraf\u0131nda etkili olan banka bilan\u00e7o kanal\u0131, finansal h\u0131zland\u0131ran ve kredi k\u0131s\u0131tlamas\u0131 modellerinde incelenmektedir. Finans\u0131n arz taraf\u0131nda i\u015fledi\u011fi d\u00fc\u015f\u00fcn\u00fclen likidite kanal\u0131 ise, kald\u0131ra\u00e7 ve likidite modellerinde ele al\u0131nmaktad\u0131r. Bu kitapta, s\u00f6z konusu modellere dair teorik ve ampirik literat\u00fcr\u00fcn incelemesi yap\u0131lmaktad\u0131r. Ayr\u0131ca makro finansal ba\u011flant\u0131lar\u0131n, makroekonomik d\u00fczeyde toplula\u015ft\u0131r\u0131lm\u0131\u015f veriler kullan\u0131larak a\u00e7\u0131klanmas\u0131 amac\u0131yla, i\u015f \u00e7evrimleri ile finansal \u00e7evrimler aras\u0131ndaki ili\u015fkiler ele al\u0131nmaktad\u0131r. Bu \u00e7er\u00e7evede, k\u00fcresel finansal \u00e7evrimler ile yurti\u00e7i finans ve i\u015f \u00e7evrimleri aras\u0131ndaki ili\u015fkilerin, T\u00fcrkiye ekonomisinin verileri kullan\u0131larak ara\u015ft\u0131r\u0131ld\u0131\u011f\u0131 ampirik bir \u00e7al\u0131\u015fmaya yer verilmektedir. <\/p>\n","protected":false},"excerpt":{"rendered":"<p>Ekonominin finansal ve reel kesimleri aras\u0131ndaki kar\u015f\u0131l\u0131kl\u0131 etkile\u015fimi ifade eden makro finansal ba\u011flant\u0131lar, ekonomik \u015foklar\u0131n i\u015f \u00e7evrimleri \u00fczerindeki etkilerini geni\u015fleten bir mekanizmaya sebep olabilmektedir. S\u00f6z konusu<span class=\"excerpt-hellip\"> [\u2026]<\/span><\/p>\n","protected":false},"featured_media":0,"template":"","meta":{"_monsterinsights_skip_tracking":false,"_monsterinsights_sitenote_active":false,"_monsterinsights_sitenote_note":"","_monsterinsights_sitenote_category":0},"product_brand":[],"product_cat":[13043],"product_tag":[],"class_list":{"0":"post-778437","1":"product","2":"type-product","3":"status-publish","5":"product_cat-ekonomi","6":"pa_cilt-ciltsiz","7":"pa_tur-kitap","8":"pa_yayinevi-astana-yayinlari","9":"pa_yazar-cemil-varlik","11":"first","12":"instock","13":"sale","14":"shipping-taxable","15":"purchasable","16":"product-type-simple"},"_links":{"self":[{"href":"https:\/\/roveyayinevi.com.tr\/index.php\/wp-json\/wp\/v2\/product\/778437","targetHints":{"allow":["GET"]}}],"collection":[{"href":"https:\/\/roveyayinevi.com.tr\/index.php\/wp-json\/wp\/v2\/product"}],"about":[{"href":"https:\/\/roveyayinevi.com.tr\/index.php\/wp-json\/wp\/v2\/types\/product"}],"wp:attachment":[{"href":"https:\/\/roveyayinevi.com.tr\/index.php\/wp-json\/wp\/v2\/media?parent=778437"}],"wp:term":[{"taxonomy":"product_brand","embeddable":true,"href":"https:\/\/roveyayinevi.com.tr\/index.php\/wp-json\/wp\/v2\/product_brand?post=778437"},{"taxonomy":"product_cat","embeddable":true,"href":"https:\/\/roveyayinevi.com.tr\/index.php\/wp-json\/wp\/v2\/product_cat?post=778437"},{"taxonomy":"product_tag","embeddable":true,"href":"https:\/\/roveyayinevi.com.tr\/index.php\/wp-json\/wp\/v2\/product_tag?post=778437"}],"curies":[{"name":"wp","href":"https:\/\/api.w.org\/{rel}","templated":true}]}}