{"id":778436,"date":"2025-11-12T11:54:02","date_gmt":"2025-11-12T08:54:02","guid":{"rendered":"https:\/\/roveyayinevi.com.tr\/index.php\/urun\/tarih-ve-toplum-yeni-yaklasimlar-sayi-25-bahar-2025\/"},"modified":"2025-11-12T11:54:02","modified_gmt":"2025-11-12T08:54:02","slug":"tarih-ve-toplum-yeni-yaklasimlar-sayi-25-bahar-2025","status":"publish","type":"product","link":"https:\/\/roveyayinevi.com.tr\/index.php\/urun\/tarih-ve-toplum-yeni-yaklasimlar-sayi-25-bahar-2025\/","title":{"rendered":"Tarih ve Toplum Yeni Yakla\u015f\u0131mlar Say\u0131: 25-Bahar 2025"},"content":{"rendered":"<p>S\u0130NAN YILDIRMAZ 5 Sunu\u015f MEHMET \u015eAM\u0130L DAYANA\u00c7 9 Tarihle edebiyat\u0131n kesi\u015fimselli\u011fi, postmodern sorgulamalar\u0131n mant\u0131\u011f\u0131 OLCAY AKYILDIZ &#8211; B\u0130LGE ULUSMAN 28 Yaz\u0131, feminist bellek, itiraz: Edebiyat tarihine feminist m\u00fcdahalenin eti\u011fi ve esteti\u011fi T\u00dcL\u0130N URAL 41 Sultan Hamid D\u00fc\u015ferken: Roman, tarih ve tesad\u00fcf \u00fczerine SEVAL \u015eAH\u0130N 58 Tarih\u00ee, siyasi, cinai, edeb\u00ee ve hayati bir vaka: Abd\u00fclhamid ve Sherlock Holmes AHMED NUR\u0130 77 1944-1969 Y\u0131llar\u0131 aras\u0131nda Bulgaristan\u2019daki T\u00fcrk\u00e7e edeb\u00ee k\u00fclt\u00fcre dair bir taslak: Tarihsel sapmalar, akademik bo\u015fluklar, yeni imk\u00e2nlar ENG\u0130N KILI\u00c7 119 M\u00fctareke d\u00f6nemine sol edebiyattan bir bak\u0131\u015f: Kan Konu\u015fmaz \u00d6rne\u011fi ERKAN IRMAK 133 Bir k\u0131\u015f Godot\u2019sunu beklerken: Yer Demir G\u00f6k Bak\u0131r\u2019da korku, inan\u00e7 ve direni\u015f YUVARLAK MASA S\u0130NAN YILDIRMAZ &#8211; EROL K\u00d6RO\u011eLU &#8211; G\u00dcLHAN BALSOY -OKTAY \u00d6ZEL 152 Tarihten edebiyata yeni mecralar, yeni imk\u00e2nlar 191 \u00d6zetler 196 Abstracts<\/p>\n","protected":false},"excerpt":{"rendered":"<p>S\u0130NAN YILDIRMAZ 5 Sunu\u015f MEHMET \u015eAM\u0130L DAYANA\u00c7 9 Tarihle edebiyat\u0131n kesi\u015fimselli\u011fi, postmodern sorgulamalar\u0131n mant\u0131\u011f\u0131 OLCAY AKYILDIZ &#8211; B\u0130LGE ULUSMAN 28 Yaz\u0131, feminist bellek, itiraz: Edebiyat tarihine<span class=\"excerpt-hellip\"> [\u2026]<\/span><\/p>\n","protected":false},"featured_media":0,"template":"","meta":{"_monsterinsights_skip_tracking":false,"_monsterinsights_sitenote_active":false,"_monsterinsights_sitenote_note":"","_monsterinsights_sitenote_category":0},"product_brand":[],"product_cat":[13527],"product_tag":[],"class_list":{"0":"post-778436","1":"product","2":"type-product","3":"status-publish","5":"product_cat-sureli-yayinlar","6":"pa_cilt-ciltsiz","7":"pa_tur-dergi","8":"pa_yayinevi-iletisim-yayinlari","9":"pa_yazar-kolektif","11":"first","12":"instock","13":"sale","14":"shipping-taxable","15":"purchasable","16":"product-type-simple"},"_links":{"self":[{"href":"https:\/\/roveyayinevi.com.tr\/index.php\/wp-json\/wp\/v2\/product\/778436","targetHints":{"allow":["GET"]}}],"collection":[{"href":"https:\/\/roveyayinevi.com.tr\/index.php\/wp-json\/wp\/v2\/product"}],"about":[{"href":"https:\/\/roveyayinevi.com.tr\/index.php\/wp-json\/wp\/v2\/types\/product"}],"wp:attachment":[{"href":"https:\/\/roveyayinevi.com.tr\/index.php\/wp-json\/wp\/v2\/media?parent=778436"}],"wp:term":[{"taxonomy":"product_brand","embeddable":true,"href":"https:\/\/roveyayinevi.com.tr\/index.php\/wp-json\/wp\/v2\/product_brand?post=778436"},{"taxonomy":"product_cat","embeddable":true,"href":"https:\/\/roveyayinevi.com.tr\/index.php\/wp-json\/wp\/v2\/product_cat?post=778436"},{"taxonomy":"product_tag","embeddable":true,"href":"https:\/\/roveyayinevi.com.tr\/index.php\/wp-json\/wp\/v2\/product_tag?post=778436"}],"curies":[{"name":"wp","href":"https:\/\/api.w.org\/{rel}","templated":true}]}}