{"id":778435,"date":"2025-11-12T08:55:41","date_gmt":"2025-11-12T05:55:41","guid":{"rendered":"https:\/\/roveyayinevi.com.tr\/index.php\/urun\/cagaster-6\/"},"modified":"2026-04-16T03:01:36","modified_gmt":"2026-04-16T00:01:36","slug":"cagaster-6","status":"publish","type":"product","link":"https:\/\/roveyayinevi.com.tr\/index.php\/urun\/cagaster-6\/","title":{"rendered":"Cagaster &#8211; 6"},"content":{"rendered":"<p>Hadi ve Mario, E-05 i\u00e7in m\u00fccadele ederken Aisha m\u00fcltecileri kentin d\u0131\u015f\u0131na \u00e7\u0131kard\u0131. Ancak koalisyon ordusunun tanklar\u0131 \u00e7evrelerini sard\u0131.   Ordunun ba\u015f\u0131nda \u015fa\u015f\u0131rt\u0131c\u0131 biri var. Acht ve Kidow, kafeste kar\u015f\u0131 kar\u015f\u0131ya. Ilie annesinin yan\u0131na geldi ama i\u015fler umuldu\u011fu gibi gitmiyor&#8230;   \u00c7at\u0131\u015fmalar\u0131n sonu nereye varacak!? \u0130ki yay\u0131nlanmam\u0131\u015f \u00f6yk\u00fc i\u00e7eride sizi bekliyor! <\/p>\n","protected":false},"excerpt":{"rendered":"<p>Hadi ve Mario, E-05 i\u00e7in m\u00fccadele ederken Aisha m\u00fcltecileri kentin d\u0131\u015f\u0131na \u00e7\u0131kard\u0131. Ancak koalisyon ordusunun tanklar\u0131 \u00e7evrelerini sard\u0131. Ordunun ba\u015f\u0131nda \u015fa\u015f\u0131rt\u0131c\u0131 biri var. Acht ve Kidow,<span class=\"excerpt-hellip\"> [\u2026]<\/span><\/p>\n","protected":false},"featured_media":0,"template":"","meta":{"_monsterinsights_skip_tracking":false,"_monsterinsights_sitenote_active":false,"_monsterinsights_sitenote_note":"","_monsterinsights_sitenote_category":0},"product_brand":[],"product_cat":[12416,12291],"product_tag":[],"class_list":{"0":"post-778435","1":"product","2":"type-product","3":"status-publish","5":"product_cat-cizgi-roman","6":"product_cat-edebiyat","7":"pa_cilt-ciltsiz","8":"pa_tur-kitap","9":"pa_yayinevi-dex-yayinevi","10":"pa_yazar-kachou-hashimoto","12":"first","13":"instock","14":"sale","15":"shipping-taxable","16":"purchasable","17":"product-type-simple"},"_links":{"self":[{"href":"https:\/\/roveyayinevi.com.tr\/index.php\/wp-json\/wp\/v2\/product\/778435","targetHints":{"allow":["GET"]}}],"collection":[{"href":"https:\/\/roveyayinevi.com.tr\/index.php\/wp-json\/wp\/v2\/product"}],"about":[{"href":"https:\/\/roveyayinevi.com.tr\/index.php\/wp-json\/wp\/v2\/types\/product"}],"wp:attachment":[{"href":"https:\/\/roveyayinevi.com.tr\/index.php\/wp-json\/wp\/v2\/media?parent=778435"}],"wp:term":[{"taxonomy":"product_brand","embeddable":true,"href":"https:\/\/roveyayinevi.com.tr\/index.php\/wp-json\/wp\/v2\/product_brand?post=778435"},{"taxonomy":"product_cat","embeddable":true,"href":"https:\/\/roveyayinevi.com.tr\/index.php\/wp-json\/wp\/v2\/product_cat?post=778435"},{"taxonomy":"product_tag","embeddable":true,"href":"https:\/\/roveyayinevi.com.tr\/index.php\/wp-json\/wp\/v2\/product_tag?post=778435"}],"curies":[{"name":"wp","href":"https:\/\/api.w.org\/{rel}","templated":true}]}}