{"id":778434,"date":"2025-11-12T07:18:51","date_gmt":"2025-11-12T04:18:51","guid":{"rendered":"https:\/\/roveyayinevi.com.tr\/index.php\/urun\/istila\/"},"modified":"2026-04-16T02:42:55","modified_gmt":"2026-04-15T23:42:55","slug":"istila","status":"publish","type":"product","link":"https:\/\/roveyayinevi.com.tr\/index.php\/urun\/istila\/","title":{"rendered":"\u0130stila"},"content":{"rendered":"<p>Kutsal ego\u2026 Kartonpiyer d\u00fcnya\u2026 \u0130ll\u00fczyonlarla ya\u015famak\u2026   Bir sabah uyand\u0131n ve emsalsiz bir keder hissediyorsun. Pencereden bak\u0131p g\u00fcne\u015fle o ilk kez g\u00f6z g\u00f6ze gelinen anda hayata lanet etmek geliyor i\u00e7inden. Y\u00fcz\u00fcn\u00fc y\u0131kamak i\u00e7in banyoya y\u00f6neliyorsun ve i\u015fte kar\u015f\u0131nda ayna. D\u00fcnyan\u0131n en ac\u0131mas\u0131z dostu. Surat\u0131na t\u00fck\u00fcrse yeri var. \u00d6yle bir tipsizlik, \u00f6yle bir bi\u00e7imsizlik, \u00f6yle bir yorgunluk, delicesine bir keder g\u00f6m\u00fclm\u00fc\u015f y\u00fcz\u00fcne. Her an bu d\u00fcnyadan g\u00f6\u00e7ecek gibi duran ama her \u015feye ra\u011fmen ya\u015fama olas\u0131l\u0131\u011f\u0131 da y\u00fcksek bir beden var aynada. Peki ruhtan ne haber? Ruh g\u00f6\u00e7m\u00fc\u015f bile. Ruhun yerine, can\u0131 olsa da can\u0131 \u00e7ok s\u0131k\u0131lan bir \u015fey gelmi\u015f.   Ne bunun ad\u0131? Bunun ad\u0131 yok. Durumun ad\u0131 var: ger\u00e7ekli\u011fin kayb\u0131&#8230;   Haberler, reklamlar, enformasyon\u2026 Like, follow, fav ve sosyal medya vatanda\u015fl\u0131\u011f\u0131m\u0131z\u2026 D\u00fcnya bin bir \u00e7e\u015fit ayartmayla, oyuncakla \u00fczerimize \u00e7ullan\u0131yor ve hepimiz az ya da \u00e7ok kaybolmu\u015f hissediyoruz\u2026  Kendimizi nerede kaybetti\u011fimizi, nas\u0131l bulaca\u011f\u0131m\u0131z\u0131 bilmiyoruz\u2026 Kitaplar\u0131 The Profesyonel ve Fabrika Ayarlar\u0131na D\u00f6n ile kurumsal d\u00fcnyan\u0131n ipli\u011fini pazara \u00e7\u0131karan, Mima ile bize ya\u015fad\u0131\u011f\u0131m\u0131z hayat\u0131n distopik ger\u00e7ekli\u011fini g\u00f6steren Y\u00fcce Zerey, \u0130stila ile bu kez adeta bir teselli rehberi b\u0131rak\u0131yor elimize. Gelmi\u015f ge\u00e7mi\u015f en \u00f6nemli filozoflardan, yazarlardan, \u00e7a\u011fda\u015f isimlerden destekle kendimizi hat\u0131rlaman\u0131n, merkeze d\u00f6nmenin rotas\u0131n\u0131 \u00e7iziyor\u2026 Ger\u00e7ek bir bibliyofilden bir \u201cbibliyoterapi kitab\u0131\u201d olarak da okunabilir bu kitap.<\/p>\n","protected":false},"excerpt":{"rendered":"<p>Kutsal ego\u2026 Kartonpiyer d\u00fcnya\u2026 \u0130ll\u00fczyonlarla ya\u015famak\u2026 Bir sabah uyand\u0131n ve emsalsiz bir keder hissediyorsun. Pencereden bak\u0131p g\u00fcne\u015fle o ilk kez g\u00f6z g\u00f6ze gelinen anda hayata lanet<span class=\"excerpt-hellip\"> [\u2026]<\/span><\/p>\n","protected":false},"featured_media":0,"template":"","meta":{"_monsterinsights_skip_tracking":false,"_monsterinsights_sitenote_active":false,"_monsterinsights_sitenote_note":"","_monsterinsights_sitenote_category":0},"product_brand":[],"product_cat":[12777,12291],"product_tag":[],"class_list":{"0":"post-778434","1":"product","2":"type-product","3":"status-publish","5":"product_cat-deneme","6":"product_cat-edebiyat","7":"pa_cilt-ciltsiz","8":"pa_tur-kitap","9":"pa_yayinevi-dogan-kitap","10":"pa_yazar-yuce-zerey","12":"first","13":"instock","14":"sale","15":"shipping-taxable","16":"purchasable","17":"product-type-simple"},"_links":{"self":[{"href":"https:\/\/roveyayinevi.com.tr\/index.php\/wp-json\/wp\/v2\/product\/778434","targetHints":{"allow":["GET"]}}],"collection":[{"href":"https:\/\/roveyayinevi.com.tr\/index.php\/wp-json\/wp\/v2\/product"}],"about":[{"href":"https:\/\/roveyayinevi.com.tr\/index.php\/wp-json\/wp\/v2\/types\/product"}],"wp:attachment":[{"href":"https:\/\/roveyayinevi.com.tr\/index.php\/wp-json\/wp\/v2\/media?parent=778434"}],"wp:term":[{"taxonomy":"product_brand","embeddable":true,"href":"https:\/\/roveyayinevi.com.tr\/index.php\/wp-json\/wp\/v2\/product_brand?post=778434"},{"taxonomy":"product_cat","embeddable":true,"href":"https:\/\/roveyayinevi.com.tr\/index.php\/wp-json\/wp\/v2\/product_cat?post=778434"},{"taxonomy":"product_tag","embeddable":true,"href":"https:\/\/roveyayinevi.com.tr\/index.php\/wp-json\/wp\/v2\/product_tag?post=778434"}],"curies":[{"name":"wp","href":"https:\/\/api.w.org\/{rel}","templated":true}]}}