{"id":778430,"date":"2025-11-12T04:22:33","date_gmt":"2025-11-12T01:22:33","guid":{"rendered":"https:\/\/roveyayinevi.com.tr\/index.php\/urun\/yoga-olumsuzluk-ve-ozgurluk\/"},"modified":"2025-11-22T04:17:03","modified_gmt":"2025-11-22T01:17:03","slug":"yoga-olumsuzluk-ve-ozgurluk","status":"publish","type":"product","link":"https:\/\/roveyayinevi.com.tr\/index.php\/urun\/yoga-olumsuzluk-ve-ozgurluk\/","title":{"rendered":"Yoga &#8211; \u00d6l\u00fcms\u00fczl\u00fck ve \u00d6zg\u00fcrl\u00fck"},"content":{"rendered":"<p>\u201cEliade yogay\u0131 olu\u015fturan inan\u00e7 ve uygulamalar\u0131 \u00e7ok a\u00e7\u0131k ve se\u00e7ik olarak betimliyor ve ge\u00e7mi\u015f Hint dinleriyle ba\u011flant\u0131s\u0131n\u0131 kuruyor.\u201d\u2013New Yorker\u201cAkademisyenlerin \u00e7o\u011fu Do\u011fu metinlerini anlamaya, \u00e7evirmeye ya da yorumlamaya \u00e7al\u0131\u015f\u0131rken kendi \u00f6nyarg\u0131lar\u0131n\u0131n kurban\u0131 oluyorlar. Eliade bu tuzaklar\u0131n hi\u00e7birisine yakalanmadan m\u00fckemmel bir eser ortaya koymu\u015f.\u201d\u2013Times Literary Supplement\u201cYoga \u00fczerine en iyi kitap. Gen\u00e7li\u011fini Hindistan\u2019da yoga \u00f6\u011frenerek ve uygulayarak ge\u00e7iren Eliade\u2019nin, Sanskrit\u00e7e metinlere hakimiyeti de eklenince bu kadar g\u00fczel bir kitap yazmas\u0131 \u015fa\u015f\u0131rt\u0131c\u0131 olmam\u0131\u015f.\u201d \u2013Robert Temple, Spectator\u201cYogay\u0131 zihinsel bir disiplin olarak bu kadar ayr\u0131nt\u0131l\u0131 ele alan ba\u015fka bir kitap okumad\u0131m. Alan\u0131nda standart olmas\u0131 ka\u00e7\u0131n\u0131lmazd\u0131.\u201d \u2013Herbert Cahoon, Library Journal <\/p>\n","protected":false},"excerpt":{"rendered":"<p>\u201cEliade yogay\u0131 olu\u015fturan inan\u00e7 ve uygulamalar\u0131 \u00e7ok a\u00e7\u0131k ve se\u00e7ik olarak betimliyor ve ge\u00e7mi\u015f Hint dinleriyle ba\u011flant\u0131s\u0131n\u0131 kuruyor.\u201d\u2013New Yorker\u201cAkademisyenlerin \u00e7o\u011fu Do\u011fu metinlerini anlamaya, \u00e7evirmeye ya da<span class=\"excerpt-hellip\"> [\u2026]<\/span><\/p>\n","protected":false},"featured_media":0,"template":"","meta":{"_monsterinsights_skip_tracking":false,"_monsterinsights_sitenote_active":false,"_monsterinsights_sitenote_note":"","_monsterinsights_sitenote_category":0},"product_brand":[],"product_cat":[12718,12858],"product_tag":[],"class_list":{"0":"post-778430","1":"product","2":"type-product","3":"status-publish","5":"product_cat-din","6":"product_cat-mitolojiler","7":"pa_cilt-ciltsiz","8":"pa_tur-kitap","9":"pa_yayinevi-alfa-yayinlari","10":"pa_yazar-mircea-eliade","12":"first","13":"instock","14":"sale","15":"shipping-taxable","16":"purchasable","17":"product-type-simple"},"_links":{"self":[{"href":"https:\/\/roveyayinevi.com.tr\/index.php\/wp-json\/wp\/v2\/product\/778430","targetHints":{"allow":["GET"]}}],"collection":[{"href":"https:\/\/roveyayinevi.com.tr\/index.php\/wp-json\/wp\/v2\/product"}],"about":[{"href":"https:\/\/roveyayinevi.com.tr\/index.php\/wp-json\/wp\/v2\/types\/product"}],"wp:attachment":[{"href":"https:\/\/roveyayinevi.com.tr\/index.php\/wp-json\/wp\/v2\/media?parent=778430"}],"wp:term":[{"taxonomy":"product_brand","embeddable":true,"href":"https:\/\/roveyayinevi.com.tr\/index.php\/wp-json\/wp\/v2\/product_brand?post=778430"},{"taxonomy":"product_cat","embeddable":true,"href":"https:\/\/roveyayinevi.com.tr\/index.php\/wp-json\/wp\/v2\/product_cat?post=778430"},{"taxonomy":"product_tag","embeddable":true,"href":"https:\/\/roveyayinevi.com.tr\/index.php\/wp-json\/wp\/v2\/product_tag?post=778430"}],"curies":[{"name":"wp","href":"https:\/\/api.w.org\/{rel}","templated":true}]}}