{"id":778426,"date":"2025-11-12T03:14:14","date_gmt":"2025-11-12T00:14:14","guid":{"rendered":"https:\/\/roveyayinevi.com.tr\/index.php\/urun\/tepki\/"},"modified":"2026-04-16T02:09:36","modified_gmt":"2026-04-15T23:09:36","slug":"tepki","status":"publish","type":"product","link":"https:\/\/roveyayinevi.com.tr\/index.php\/urun\/tepki\/","title":{"rendered":"Tepki"},"content":{"rendered":"<p>Masumiyet ve G\u00fczellik, k\u00f6t\u00fcl\u00fck ve deh\u015feti ate\u015fleyince, gen\u00e7 k\u0131z i\u00e7inde geli\u015fen korkun\u00e7 g\u00fcc\u00fcn etkisiyle \u00e7\u0131lg\u0131nl\u0131k alametleri sergilemeye baslar&#8230; Mc. Gee ve Vicky Tomlinson 1969 y\u0131l\u0131nda gizli bir \u00f6rg\u00fct\u00fcn piyasaya s\u00fcrmek istedi\u011fi bir ilac\u0131n ilk denemelerine kat\u0131lm\u0131\u015flard\u0131. Bir y\u0131l sonra evlendiler ve k\u00fc\u00e7\u00fck k\u0131zlar\u0131 Charlie do\u011fdu. Charlie \u00fc\u00e7 ya\u015f\u0131ndayken, bak\u0131\u015flar\u0131 ile oyuncak ay\u0131s\u0131n\u0131 tutu\u015fturdu. Charlie sekiz ya\u015f\u0131na gelince duygular\u0131n\u0131 kontrol alt\u0131na almay\u0131 \u00f6\u011frendi. Art\u0131k istedi\u011fi zaman yang\u0131n \u00e7\u0131karabiliyordu. Ama gizli \u00f6rg\u00fct, bu b\u00fcy\u00fck etkili, k\u00fc\u00e7\u00fck silah\u0131 kullanmay\u0131 planl\u0131yordu. \ufffcTan\u0131t\u0131m Metni<\/p>\n","protected":false},"excerpt":{"rendered":"<p>Masumiyet ve G\u00fczellik, k\u00f6t\u00fcl\u00fck ve deh\u015feti ate\u015fleyince, gen\u00e7 k\u0131z i\u00e7inde geli\u015fen korkun\u00e7 g\u00fcc\u00fcn etkisiyle \u00e7\u0131lg\u0131nl\u0131k alametleri sergilemeye baslar&#8230; Mc. Gee ve Vicky Tomlinson 1969 y\u0131l\u0131nda gizli<span class=\"excerpt-hellip\"> [\u2026]<\/span><\/p>\n","protected":false},"featured_media":0,"template":"","meta":{"_monsterinsights_skip_tracking":false,"_monsterinsights_sitenote_active":false,"_monsterinsights_sitenote_note":"","_monsterinsights_sitenote_category":0},"product_brand":[],"product_cat":[12891,12291],"product_tag":[],"class_list":{"0":"post-778426","1":"product","2":"type-product","3":"status-publish","5":"product_cat-amerikan-edebiyati","6":"product_cat-edebiyat","7":"pa_cilt-ciltsiz","8":"pa_tur-kitap","9":"pa_yayinevi-altin-kitaplar","10":"pa_yazar-stephen-king","12":"first","13":"instock","14":"sale","15":"shipping-taxable","16":"purchasable","17":"product-type-simple"},"_links":{"self":[{"href":"https:\/\/roveyayinevi.com.tr\/index.php\/wp-json\/wp\/v2\/product\/778426","targetHints":{"allow":["GET"]}}],"collection":[{"href":"https:\/\/roveyayinevi.com.tr\/index.php\/wp-json\/wp\/v2\/product"}],"about":[{"href":"https:\/\/roveyayinevi.com.tr\/index.php\/wp-json\/wp\/v2\/types\/product"}],"wp:attachment":[{"href":"https:\/\/roveyayinevi.com.tr\/index.php\/wp-json\/wp\/v2\/media?parent=778426"}],"wp:term":[{"taxonomy":"product_brand","embeddable":true,"href":"https:\/\/roveyayinevi.com.tr\/index.php\/wp-json\/wp\/v2\/product_brand?post=778426"},{"taxonomy":"product_cat","embeddable":true,"href":"https:\/\/roveyayinevi.com.tr\/index.php\/wp-json\/wp\/v2\/product_cat?post=778426"},{"taxonomy":"product_tag","embeddable":true,"href":"https:\/\/roveyayinevi.com.tr\/index.php\/wp-json\/wp\/v2\/product_tag?post=778426"}],"curies":[{"name":"wp","href":"https:\/\/api.w.org\/{rel}","templated":true}]}}