{"id":778412,"date":"2025-11-11T12:02:33","date_gmt":"2025-11-11T09:02:33","guid":{"rendered":"https:\/\/roveyayinevi.com.tr\/index.php\/urun\/bediuzzaman-tefsiri-iii\/"},"modified":"2026-04-15T03:43:48","modified_gmt":"2026-04-15T00:43:48","slug":"bediuzzaman-tefsiri-iii","status":"publish","type":"product","link":"https:\/\/roveyayinevi.com.tr\/index.php\/urun\/bediuzzaman-tefsiri-iii\/","title":{"rendered":"Bedi\u00fczzaman Tefsiri III"},"content":{"rendered":"<p>\u201cBedi\u00fczzaman Tefsiri\u201d, Kur\u2019\u00e2n\u2019\u0131n ayetlerini Risale-i Nur\u2019un penceresinden yeniden okumak isteyenler i\u00e7in haz\u0131rlanm\u0131\u015f \u00f6zel bir \u00e7al\u0131\u015fmad\u0131r. Bu \u00e7al\u0131\u015fmada, Bedi\u00fczzaman Said Nurs\u00ee\u2019nin Risalelerde ele ald\u0131\u011f\u0131 ayetlere getirdi\u011fi yorumlar derlenmi\u015f, bir b\u00fct\u00fcnl\u00fck i\u00e7inde okuyucuya sunulmu\u015ftur. Kur\u2019\u00e2n, sadece 14 as\u0131r \u00f6nce inmi\u015f bir kitap de\u011fildir; o, her as\u0131rda insanl\u0131\u011fa hitap eden evrensel bir rehberdir. Bedi\u00fczzaman\u2019\u0131n yorumlar\u0131, ayetlerin \u00e7a\u011flar \u00fcst\u00fc hakikatini g\u00fcn\u00fcm\u00fcz insan\u0131n\u0131n anlay\u0131\u015f\u0131na ta\u015f\u0131r. Onun tefsiri, sadece lafz\u0131n a\u00e7\u0131klamas\u0131 de\u011fil; akl\u0131n ikna oldu\u011fu, kalbin huzur buldu\u011fu, ruhun doyuma ula\u015ft\u0131\u011f\u0131 bir tefekk\u00fcr yolculu\u011fudur. Bu \u00e7al\u0131\u015fma sayesinde okuyucu, ayetlerin derin anlamlar\u0131na n\u00fcfuz ederken; ayn\u0131 zamanda iman, marifet, ahlak ve hikmet sahas\u0131nda yeni ufuklar kazanacakt\u0131r. \u0130nsan\u0131n i\u00e7 d\u00fcnyas\u0131ndan k\u00e2inat\u0131n geni\u015fli\u011fine, d\u00fcnya hayat\u0131ndan ebediyet yolculu\u011funa kadar pek \u00e7ok konuda Kur\u2019\u00e2n\u2019\u0131n \u0131\u015f\u0131\u011f\u0131n\u0131, Bedi\u00fczzaman\u2019\u0131n g\u00fc\u00e7l\u00fc yorumlar\u0131yla g\u00f6rme imk\u00e2n\u0131 bulacakt\u0131r. \u201cBedi\u00fczzaman Tefsiri\u201d, hem klasik tefsirlerden beslenen hem de \u00e7a\u011fda\u015f insana seslenen y\u00f6n\u00fcyle farkl\u0131 ve \u00f6zg\u00fcn bir \u00e7al\u0131\u015fma olarak Kur\u2019\u00e2n\u2019\u0131n mesaj\u0131n\u0131 yaln\u0131zca a\u00e7\u0131klamakla kalm\u0131yor; ayn\u0131 zamanda okuyan\u0131 d\u00fc\u015f\u00fcnd\u00fcren, kalbine dokunan ve hayata y\u00f6n veren bir rehber olma iddias\u0131n\u0131 da ta\u015f\u0131yor. <\/p>\n","protected":false},"excerpt":{"rendered":"<p>\u201cBedi\u00fczzaman Tefsiri\u201d, Kur\u2019\u00e2n\u2019\u0131n ayetlerini Risale-i Nur\u2019un penceresinden yeniden okumak isteyenler i\u00e7in haz\u0131rlanm\u0131\u015f \u00f6zel bir \u00e7al\u0131\u015fmad\u0131r. Bu \u00e7al\u0131\u015fmada, Bedi\u00fczzaman Said Nurs\u00ee\u2019nin Risalelerde ele ald\u0131\u011f\u0131 ayetlere getirdi\u011fi yorumlar<span class=\"excerpt-hellip\"> [\u2026]<\/span><\/p>\n","protected":false},"featured_media":0,"template":"","meta":{"_monsterinsights_skip_tracking":false,"_monsterinsights_sitenote_active":false,"_monsterinsights_sitenote_note":"","_monsterinsights_sitenote_category":0},"product_brand":[],"product_cat":[12718,12719,45552],"product_tag":[],"class_list":{"0":"post-778412","1":"product","2":"type-product","3":"status-publish","5":"product_cat-din","6":"product_cat-islam","7":"product_cat-meal-tefsir-hadis","8":"pa_cilt-ciltsiz","9":"pa_tur-kitap","10":"pa_yayinevi-gulnar-yayinlari","11":"pa_yazar-a-cuneyt-eren","13":"first","14":"instock","15":"sale","16":"shipping-taxable","17":"purchasable","18":"product-type-simple"},"_links":{"self":[{"href":"https:\/\/roveyayinevi.com.tr\/index.php\/wp-json\/wp\/v2\/product\/778412","targetHints":{"allow":["GET"]}}],"collection":[{"href":"https:\/\/roveyayinevi.com.tr\/index.php\/wp-json\/wp\/v2\/product"}],"about":[{"href":"https:\/\/roveyayinevi.com.tr\/index.php\/wp-json\/wp\/v2\/types\/product"}],"wp:attachment":[{"href":"https:\/\/roveyayinevi.com.tr\/index.php\/wp-json\/wp\/v2\/media?parent=778412"}],"wp:term":[{"taxonomy":"product_brand","embeddable":true,"href":"https:\/\/roveyayinevi.com.tr\/index.php\/wp-json\/wp\/v2\/product_brand?post=778412"},{"taxonomy":"product_cat","embeddable":true,"href":"https:\/\/roveyayinevi.com.tr\/index.php\/wp-json\/wp\/v2\/product_cat?post=778412"},{"taxonomy":"product_tag","embeddable":true,"href":"https:\/\/roveyayinevi.com.tr\/index.php\/wp-json\/wp\/v2\/product_tag?post=778412"}],"curies":[{"name":"wp","href":"https:\/\/api.w.org\/{rel}","templated":true}]}}