{"id":778408,"date":"2025-11-11T12:02:21","date_gmt":"2025-11-11T09:02:21","guid":{"rendered":"https:\/\/roveyayinevi.com.tr\/index.php\/urun\/cantamdaki-oykuler-2\/"},"modified":"2026-04-13T03:39:07","modified_gmt":"2026-04-13T00:39:07","slug":"cantamdaki-oykuler-2","status":"publish","type":"product","link":"https:\/\/roveyayinevi.com.tr\/index.php\/urun\/cantamdaki-oykuler-2\/","title":{"rendered":"\u00c7antamdaki \u00d6yk\u00fcler"},"content":{"rendered":"<p>Bundan birka\u00e7 sene \u00f6nce uzun bir yolculu\u011fa \u00e7\u0131kt\u0131m. Hindistan, Nepal, Kambo\u00e7ya gibi farkl\u0131 \u00fclkeleri dola\u015ft\u0131m. Her \u015fey bir ad\u0131mla ba\u015flad\u0131 asl\u0131nda; k\u00fc\u00e7\u00fcc\u00fck bir ad\u0131mla. Sonras\u0131nda kendimi hayal bile edemeyece\u011fim hik\u00e2yelerin i\u00e7inde buldum. Bu yolculukta \u00e7ekebildi\u011fim kadar foto\u011fraf \u00e7ektim ve kitab\u0131n i\u00e7indeki her foto\u011frafa birer \u00f6yk\u00fc yazmak istedim. Okuyaca\u011f\u0131n\u0131z \u00f6yk\u00fcler tan\u0131\u015ft\u0131\u011f\u0131m insanlar\u0131, yerleri ve de\u011fi\u015fimi anlat\u0131yor; \u00fclkelerin kendine has renklerinden ve bu renklerin d\u00fcnyay\u0131 ne kadar g\u00fczel k\u0131ld\u0131\u011f\u0131ndan bahsediyor; yolun i\u00e7inde olman\u0131n, hem d\u00fcnyay\u0131 hem de kendini ke\u015ffetmenin ipu\u00e7lar\u0131n\u0131 veriyor. \u0130\u00e7inde macera ruhu olanlar ve yeni \u015feyler ke\u015ffetmek isteyenler, bu kitap tam size g\u00f6re. \u0130yi yolculuklar\u2026   <\/p>\n","protected":false},"excerpt":{"rendered":"<p>Bundan birka\u00e7 sene \u00f6nce uzun bir yolculu\u011fa \u00e7\u0131kt\u0131m. Hindistan, Nepal, Kambo\u00e7ya gibi farkl\u0131 \u00fclkeleri dola\u015ft\u0131m. Her \u015fey bir ad\u0131mla ba\u015flad\u0131 asl\u0131nda; k\u00fc\u00e7\u00fcc\u00fck bir ad\u0131mla. Sonras\u0131nda kendimi<span class=\"excerpt-hellip\"> [\u2026]<\/span><\/p>\n","protected":false},"featured_media":0,"template":"","meta":{"_monsterinsights_skip_tracking":false,"_monsterinsights_sitenote_active":false,"_monsterinsights_sitenote_note":"","_monsterinsights_sitenote_category":0},"product_brand":[],"product_cat":[12274,12284],"product_tag":[],"class_list":{"0":"post-778408","1":"product","2":"type-product","3":"status-publish","5":"product_cat-cocuk-ve-genclik-kitaplari","6":"product_cat-hikayeler","7":"pa_cilt-ciltsiz","8":"pa_tur-kitap","9":"pa_yayinevi-dogan-cocuk","10":"pa_yazar-goktug-canbaba","12":"first","13":"instock","14":"sale","15":"shipping-taxable","16":"purchasable","17":"product-type-simple"},"_links":{"self":[{"href":"https:\/\/roveyayinevi.com.tr\/index.php\/wp-json\/wp\/v2\/product\/778408","targetHints":{"allow":["GET"]}}],"collection":[{"href":"https:\/\/roveyayinevi.com.tr\/index.php\/wp-json\/wp\/v2\/product"}],"about":[{"href":"https:\/\/roveyayinevi.com.tr\/index.php\/wp-json\/wp\/v2\/types\/product"}],"wp:attachment":[{"href":"https:\/\/roveyayinevi.com.tr\/index.php\/wp-json\/wp\/v2\/media?parent=778408"}],"wp:term":[{"taxonomy":"product_brand","embeddable":true,"href":"https:\/\/roveyayinevi.com.tr\/index.php\/wp-json\/wp\/v2\/product_brand?post=778408"},{"taxonomy":"product_cat","embeddable":true,"href":"https:\/\/roveyayinevi.com.tr\/index.php\/wp-json\/wp\/v2\/product_cat?post=778408"},{"taxonomy":"product_tag","embeddable":true,"href":"https:\/\/roveyayinevi.com.tr\/index.php\/wp-json\/wp\/v2\/product_tag?post=778408"}],"curies":[{"name":"wp","href":"https:\/\/api.w.org\/{rel}","templated":true}]}}