{"id":778407,"date":"2025-11-11T12:02:17","date_gmt":"2025-11-11T09:02:17","guid":{"rendered":"https:\/\/roveyayinevi.com.tr\/index.php\/urun\/dunyada-ve-turkiyede-konut-politikalari-ve-toki\/"},"modified":"2026-04-15T03:43:45","modified_gmt":"2026-04-15T00:43:45","slug":"dunyada-ve-turkiyede-konut-politikalari-ve-toki","status":"publish","type":"product","link":"https:\/\/roveyayinevi.com.tr\/index.php\/urun\/dunyada-ve-turkiyede-konut-politikalari-ve-toki\/","title":{"rendered":"D\u00fcnyada Ve T\u00fcrkiye\u2019de Konut Politikalar\u0131 Ve Toki"},"content":{"rendered":"<p>\u0130\u00e7indekiler :   B\u0130R\u0130NC\u0130 B\u00d6L\u00dcM BARINMA HAKKI VE SOSYAL BOYUTLARIYLA KONUT ED\u0130NME HAKKI   \u0130K\u0130NC\u0130 B\u00d6L\u00dcM KONUT KR\u0130Z\u0130 VE EVS\u0130ZL\u0130K \u2013 D\u00dcNYADA \u0130\u015eGAL EVLER\u0130 \u00d6RNE\u011e\u0130   \u00dc\u00c7\u00dcNC\u00dc B\u00d6L\u00dcM KONUT POL\u0130T\u0130KALARINDA D\u00dcNYADAN \u00d6RNEKLER   D\u00d6RD\u00dcNC\u00dc B\u00d6L\u00dcM T\u00dcRK\u0130YEDE KONUT POL\u0130T\u0130KALARI   BE\u015e\u0130NC\u0130 B\u00d6L\u00dcM TOK\u0130 VE SOSYAL POL\u0130T\u0130KA OLAN KONUT HAKKININ T\u0130CAR\u0130LE\u015eMES\u0130 <\/p>\n","protected":false},"excerpt":{"rendered":"<p>\u0130\u00e7indekiler : B\u0130R\u0130NC\u0130 B\u00d6L\u00dcM BARINMA HAKKI VE SOSYAL BOYUTLARIYLA KONUT ED\u0130NME HAKKI \u0130K\u0130NC\u0130 B\u00d6L\u00dcM KONUT KR\u0130Z\u0130 VE EVS\u0130ZL\u0130K \u2013 D\u00dcNYADA \u0130\u015eGAL EVLER\u0130 \u00d6RNE\u011e\u0130 \u00dc\u00c7\u00dcNC\u00dc B\u00d6L\u00dcM KONUT<span class=\"excerpt-hellip\"> [\u2026]<\/span><\/p>\n","protected":false},"featured_media":0,"template":"","meta":{"_monsterinsights_skip_tracking":false,"_monsterinsights_sitenote_active":false,"_monsterinsights_sitenote_note":"","_monsterinsights_sitenote_category":0},"product_brand":[],"product_cat":[13005,40995],"product_tag":[],"class_list":{"0":"post-778407","1":"product","2":"type-product","3":"status-publish","5":"product_cat-bilim-muhendislik","6":"product_cat-sosyal-bilimler","7":"pa_cilt-ciltsiz","8":"pa_tur-kitap","9":"pa_yayinevi-gazi-kitabevi","10":"pa_yazar-ozgur-sari","12":"first","13":"instock","14":"sale","15":"shipping-taxable","16":"purchasable","17":"product-type-simple"},"_links":{"self":[{"href":"https:\/\/roveyayinevi.com.tr\/index.php\/wp-json\/wp\/v2\/product\/778407","targetHints":{"allow":["GET"]}}],"collection":[{"href":"https:\/\/roveyayinevi.com.tr\/index.php\/wp-json\/wp\/v2\/product"}],"about":[{"href":"https:\/\/roveyayinevi.com.tr\/index.php\/wp-json\/wp\/v2\/types\/product"}],"wp:attachment":[{"href":"https:\/\/roveyayinevi.com.tr\/index.php\/wp-json\/wp\/v2\/media?parent=778407"}],"wp:term":[{"taxonomy":"product_brand","embeddable":true,"href":"https:\/\/roveyayinevi.com.tr\/index.php\/wp-json\/wp\/v2\/product_brand?post=778407"},{"taxonomy":"product_cat","embeddable":true,"href":"https:\/\/roveyayinevi.com.tr\/index.php\/wp-json\/wp\/v2\/product_cat?post=778407"},{"taxonomy":"product_tag","embeddable":true,"href":"https:\/\/roveyayinevi.com.tr\/index.php\/wp-json\/wp\/v2\/product_tag?post=778407"}],"curies":[{"name":"wp","href":"https:\/\/api.w.org\/{rel}","templated":true}]}}