{"id":778405,"date":"2025-11-11T12:01:53","date_gmt":"2025-11-11T09:01:53","guid":{"rendered":"https:\/\/roveyayinevi.com.tr\/index.php\/urun\/kurtulus-savasi-gencligi\/"},"modified":"2026-04-15T03:43:42","modified_gmt":"2026-04-15T00:43:42","slug":"kurtulus-savasi-gencligi","status":"publish","type":"product","link":"https:\/\/roveyayinevi.com.tr\/index.php\/urun\/kurtulus-savasi-gencligi\/","title":{"rendered":"Kurtulu\u015f Sava\u015f\u0131 Gen\u00e7li\u011fi"},"content":{"rendered":"<p>Titiz bir ar\u015fiv \u00e7al\u0131\u015fmas\u0131 ve belgeye dayanan kitaplar\u0131yla tan\u0131d\u0131\u011f\u0131m\u0131z Zeki Sar\u0131han, &#8220;Kurtulu\u015f Sava\u015f\u0131 Gen\u00e7li\u011fi&#8221;nde \u00f6zellikle \u00fcniversite \u00f6\u011frencilerini merkeze alarak, Osmanl\u0131 Devleti \u00e7\u00f6kerken, Mustafa Kemal \u00f6nderli\u011finde y\u00fcr\u00fcyen kurtulu\u015f m\u00fccadelesinde d\u00f6nemin gen\u00e7lerinin \u00fcstlendi\u011fi sorumlulu\u011fu inceliyor.Gen\u00e7lik \u00f6rg\u00fctlerine, \u00f6\u011frenci hareketlerine, gen\u00e7li\u011fin Ankara ile kurdu\u011fu ba\u011fa ve bunun yans\u0131malar\u0131na mercek tutan Sar\u0131han&#8217;\u0131n \u00e7al\u0131\u015fmas\u0131, g\u00fcn\u00fcm\u00fcz gen\u00e7leri i\u00e7in de bir k\u0131lavuz g\u00f6revi g\u00f6r\u00fcyor. <\/p>\n","protected":false},"excerpt":{"rendered":"<p>Titiz bir ar\u015fiv \u00e7al\u0131\u015fmas\u0131 ve belgeye dayanan kitaplar\u0131yla tan\u0131d\u0131\u011f\u0131m\u0131z Zeki Sar\u0131han, &#8220;Kurtulu\u015f Sava\u015f\u0131 Gen\u00e7li\u011fi&#8221;nde \u00f6zellikle \u00fcniversite \u00f6\u011frencilerini merkeze alarak, Osmanl\u0131 Devleti \u00e7\u00f6kerken, Mustafa Kemal \u00f6nderli\u011finde y\u00fcr\u00fcyen<span class=\"excerpt-hellip\"> [\u2026]<\/span><\/p>\n","protected":false},"featured_media":0,"template":"","meta":{"_monsterinsights_skip_tracking":false,"_monsterinsights_sitenote_active":false,"_monsterinsights_sitenote_note":"","_monsterinsights_sitenote_category":0},"product_brand":[],"product_cat":[12304],"product_tag":[],"class_list":{"0":"post-778405","1":"product","2":"type-product","3":"status-publish","5":"product_cat-tarih","6":"pa_cilt-ciltsiz","7":"pa_tur-kitap","8":"pa_yayinevi-telgrafhane-yayinlari","9":"pa_yazar-zeki-sarihan","11":"first","12":"instock","13":"sale","14":"shipping-taxable","15":"purchasable","16":"product-type-simple"},"_links":{"self":[{"href":"https:\/\/roveyayinevi.com.tr\/index.php\/wp-json\/wp\/v2\/product\/778405","targetHints":{"allow":["GET"]}}],"collection":[{"href":"https:\/\/roveyayinevi.com.tr\/index.php\/wp-json\/wp\/v2\/product"}],"about":[{"href":"https:\/\/roveyayinevi.com.tr\/index.php\/wp-json\/wp\/v2\/types\/product"}],"wp:attachment":[{"href":"https:\/\/roveyayinevi.com.tr\/index.php\/wp-json\/wp\/v2\/media?parent=778405"}],"wp:term":[{"taxonomy":"product_brand","embeddable":true,"href":"https:\/\/roveyayinevi.com.tr\/index.php\/wp-json\/wp\/v2\/product_brand?post=778405"},{"taxonomy":"product_cat","embeddable":true,"href":"https:\/\/roveyayinevi.com.tr\/index.php\/wp-json\/wp\/v2\/product_cat?post=778405"},{"taxonomy":"product_tag","embeddable":true,"href":"https:\/\/roveyayinevi.com.tr\/index.php\/wp-json\/wp\/v2\/product_tag?post=778405"}],"curies":[{"name":"wp","href":"https:\/\/api.w.org\/{rel}","templated":true}]}}