{"id":778404,"date":"2025-11-11T12:01:47","date_gmt":"2025-11-11T09:01:47","guid":{"rendered":"https:\/\/roveyayinevi.com.tr\/index.php\/urun\/8-sekiz\/"},"modified":"2026-04-15T03:43:41","modified_gmt":"2026-04-15T00:43:41","slug":"8-sekiz","status":"publish","type":"product","link":"https:\/\/roveyayinevi.com.tr\/index.php\/urun\/8-sekiz\/","title":{"rendered":"8 (Sekiz)"},"content":{"rendered":"<p>\u0130\u00e7indekiler :   \u00b7 Ger\u00e7ek ke\u015fif yeni g\u00f6zlerle bakmakt\u0131r \u00b7 Yeniden ba\u015flamak i\u00e7in \u00f6nce bir s\u0131f\u0131rlamak laz\u0131m \u00b7 Kayan y\u0131ld\u0131z olaca\u011f\u0131na, g\u00fcne\u015f olmay\u0131 tercih et \u00b7 Kendi hikayeni yazma zaman\u0131 gelmedi mi? \u00b7 \u0130lk Halka \u00b7 Seni tebrik ediyorum \u00b7 \u00c7\u0131k \u00e7\u0131k nereye kadar, kariyerden s\u0131k\u0131ld\u0131m \u00b7 Dinle, anlars\u0131n \u00b7 Hedeflerine ula\u015fmak i\u00e7in, bug\u00fcn bir ad\u0131m at \u00b7 Yaln\u0131zl\u0131k zor de\u011fil mi? \u00b7 \u00c7ok hastay\u0131m, asl\u0131nda tembelim \u00b7 Bayram geldi, bana iyi geldi \u00b7 Tart\u0131n do\u011fru g\u00f6steriyor mu? Sanki biraz kilo alm\u0131\u015fs\u0131n \u00b7 Korkuyorum. Hem de \u00e7ok \u00b7 \u00c7\u0131k aradan karamsarl\u0131k \u00b7 Bana iyi geliyorsun<\/p>\n","protected":false},"excerpt":{"rendered":"<p>\u0130\u00e7indekiler : \u00b7 Ger\u00e7ek ke\u015fif yeni g\u00f6zlerle bakmakt\u0131r \u00b7 Yeniden ba\u015flamak i\u00e7in \u00f6nce bir s\u0131f\u0131rlamak laz\u0131m \u00b7 Kayan y\u0131ld\u0131z olaca\u011f\u0131na, g\u00fcne\u015f olmay\u0131 tercih et \u00b7 Kendi<span class=\"excerpt-hellip\"> [\u2026]<\/span><\/p>\n","protected":false},"featured_media":0,"template":"","meta":{"_monsterinsights_skip_tracking":false,"_monsterinsights_sitenote_active":false,"_monsterinsights_sitenote_note":"","_monsterinsights_sitenote_category":0},"product_brand":[],"product_cat":[12364,12376],"product_tag":[],"class_list":{"0":"post-778404","1":"product","2":"type-product","3":"status-publish","5":"product_cat-genel-konular","6":"product_cat-kisisel-gelisim","7":"pa_cilt-ciltsiz","8":"pa_tur-kitap","9":"pa_yayinevi-gazi-kitabevi","10":"pa_yazar-mehmet-vurucu","12":"first","13":"instock","14":"sale","15":"shipping-taxable","16":"purchasable","17":"product-type-simple"},"_links":{"self":[{"href":"https:\/\/roveyayinevi.com.tr\/index.php\/wp-json\/wp\/v2\/product\/778404","targetHints":{"allow":["GET"]}}],"collection":[{"href":"https:\/\/roveyayinevi.com.tr\/index.php\/wp-json\/wp\/v2\/product"}],"about":[{"href":"https:\/\/roveyayinevi.com.tr\/index.php\/wp-json\/wp\/v2\/types\/product"}],"wp:attachment":[{"href":"https:\/\/roveyayinevi.com.tr\/index.php\/wp-json\/wp\/v2\/media?parent=778404"}],"wp:term":[{"taxonomy":"product_brand","embeddable":true,"href":"https:\/\/roveyayinevi.com.tr\/index.php\/wp-json\/wp\/v2\/product_brand?post=778404"},{"taxonomy":"product_cat","embeddable":true,"href":"https:\/\/roveyayinevi.com.tr\/index.php\/wp-json\/wp\/v2\/product_cat?post=778404"},{"taxonomy":"product_tag","embeddable":true,"href":"https:\/\/roveyayinevi.com.tr\/index.php\/wp-json\/wp\/v2\/product_tag?post=778404"}],"curies":[{"name":"wp","href":"https:\/\/api.w.org\/{rel}","templated":true}]}}